{"id":24322,"date":"2025-07-08T15:21:54","date_gmt":"2025-07-08T13:21:54","guid":{"rendered":"https:\/\/valloni.ch\/?page_id=24322"},"modified":"2025-07-08T15:57:41","modified_gmt":"2025-07-08T13:57:41","slug":"kim-gamboni","status":"publish","type":"page","link":"https:\/\/valloni.ch\/de\/kim-gamboni\/","title":{"rendered":"Kim Gamboni"},"content":{"rendered":"<div class=\"wpb-content-wrapper\"><p>[vc_row row_type=&#8220;row&#8220; use_row_as_full_screen_section=&#8220;no&#8220; type=&#8220;grid&#8220; text_align=&#8220;left&#8220; background_animation=&#8220;none&#8220; padding_top=&#8220;0&#8243; css_animation=&#8220;&#8220; css=&#8220;.vc_custom_1751980938754{margin-top: 150px !important;margin-bottom: 50px !important;}&#8220;][vc_column width=&#8220;1\/2&#8243;][vc_column_text css=&#8220;.vc_custom_1751980911369{margin-top: 50px !important;}&#8220;]<\/p>\n<h2 class=\"\">Kim Gamboni<\/h2>\n<p>[\/vc_column_text][vc_empty_space][vc_column_text css=&#8220;&#8220;]<strong>Kim Gamboni ist eine Schweizer Rechtsanw\u00e4ltin mit Erfahrung in den Bereichen Prozessf\u00fchrung, (Sport-)Schiedsgerichtsbarkeit und Unternehmensberatung f\u00fcr verm\u00f6gende internationale Mandanten.<\/strong>[\/vc_column_text][vc_empty_space][vc_column_text css=&#8220;&#8220;]Sie war in der Prozessabteilung einer f\u00fchrenden Z\u00fcrcher Anwaltskanzlei, am Strafgericht Basel sowie in einer Unternehmensberatung in Tel Aviv t\u00e4tig. Kim hat einen LL.M. in Recht und Technologie der Universit\u00e4t Tel Aviv und arbeitet in der Z\u00fcrcher Kanzlei.<\/p>\n<p>&nbsp;<\/p>\n<p>D <a class=\"linknero\" href=\"tel:0041445154862\">+41 44 515 48 62<\/a><br \/>\n<a class=\"linknero\" href=\"mailto:gamboni@valloni.ch\">gamboni@valloni.ch<\/a>[\/vc_column_text][vc_empty_space height=&#8220;10px&#8220;][\/vc_column][vc_column width=&#8220;1\/2&#8243;][vc_single_image image=&#8220;24325&#8243; img_size=&#8220;full&#8220; css=&#8220;&#8220; qode_css_animation=&#8220;element_from_right&#8220; transition_delay=&#8220;1&#8243;][vc_empty_space][\/vc_column][\/vc_row][vc_row row_type=&#8220;row&#8220; use_row_as_full_screen_section=&#8220;no&#8220; type=&#8220;grid&#8220; text_align=&#8220;left&#8220; background_animation=&#8220;none&#8220; padding_top=&#8220;0&#8243; css_animation=&#8220;&#8220; css=&#8220;.vc_custom_1624882332512{margin-top: 80px !important;margin-bottom: 50px !important;}&#8220;][vc_column width=&#8220;1\/2&#8243;][vc_column_text css=&#8220;&#8220;]<strong>Curriculum Vitae<\/strong><\/p>\n<ul class=\"rientro\">\n<li>Rechtsanwalt, VALLONI Attorneys at Law (since 2025)<\/li>\n<li>International Business Consultant, Tel Aviv (2022 \u2013 2023)<\/li>\n<li>Anwaltszulassung, Kanton Basel-Stadt (2022)<\/li>\n<li>Substitutin, Strafgericht Basel (2020 \u2013 2021)<\/li>\n<li>Anwaltspraktikantin, FRORIEP Legal AG (2019 \u2013 2020)<\/li>\n<li>Tel Aviv Universit\u00e4t: LL.M. in Law &amp; Technology (2018)<\/li>\n<li>Universit\u00e4t Basel: MLaw, magna cum laude (2017)<\/li>\n<\/ul>\n<p>[\/vc_column_text][vc_empty_space][vc_column_text css=&#8220;&#8220;]<strong>Mitgliedschaften<\/strong><\/p>\n<ul class=\"rientro\">\n<li>Schweizer Anwaltsverband (SAV)<\/li>\n<li>Z\u00fcrcher Anwaltsverband (ZAV)<\/li>\n<\/ul>\n<p>[\/vc_column_text][vc_empty_space][\/vc_column][vc_column width=&#8220;1\/2&#8243;][vc_column_text css=&#8220;&#8220;]<strong>Sprachen<\/strong><br \/>\nDeutsch, Englisch, Franz\u00f6sisch, Spanisch, Hebr\u00e4isch[\/vc_column_text][vc_empty_space][vc_column_text css=&#8220;&#8220;]<strong>Zulassungen<\/strong><br \/>\nAn allen Schweizer Gerichten zugelassen[\/vc_column_text][vc_empty_space][\/vc_column][\/vc_row]<\/p>\n<\/div>","protected":false},"excerpt":{"rendered":"<p>[vc_row row_type=&#8220;row&#8220; use_row_as_full_screen_section=&#8220;no&#8220; type=&#8220;grid&#8220; text_align=&#8220;left&#8220; background_animation=&#8220;none&#8220; padding_top=&#8220;0&#8243; css_animation=&#8220;&#8220; css=&#8220;.vc_custom_1751980938754{margin-top: 150px !important;margin-bottom: 50px !important;}&#8220;][vc_column width=&#8220;1\/2&#8243;][vc_column_text css=&#8220;.vc_custom_1751980911369{margin-top: 50px !important;}&#8220;] Kim Gamboni [\/vc_column_text][vc_empty_space][vc_column_text css=&#8220;&#8220;]Kim Gamboni ist eine Schweizer Rechtsanw\u00e4ltin mit Erfahrung in den Bereichen Prozessf\u00fchrung, (Sport-)Schiedsgerichtsbarkeit und Unternehmensberatung f\u00fcr verm\u00f6gende internationale Mandanten.[\/vc_column_text][vc_empty_space][vc_column_text css=&#8220;&#8220;]Sie war in der Prozessabteilung einer&#8230;<\/p>\n","protected":false},"author":1,"featured_media":0,"parent":0,"menu_order":0,"comment_status":"open","ping_status":"closed","template":"full_width.php","meta":{"inline_featured_image":false,"footnotes":""},"class_list":["post-24322","page","type-page","status-publish","hentry"],"yoast_head":"<!-- This site is optimized with the Yoast SEO plugin v27.3 - https:\/\/yoast.com\/product\/yoast-seo-wordpress\/ -->\n<title>Kim Gamboni - Valloni<\/title>\n<meta name=\"robots\" content=\"index, follow, max-snippet:-1, max-image-preview:large, max-video-preview:-1\" \/>\n<link rel=\"canonical\" href=\"https:\/\/valloni.ch\/de\/kim-gamboni\/\" \/>\n<meta property=\"og:locale\" content=\"de_DE\" \/>\n<meta property=\"og:type\" content=\"article\" \/>\n<meta property=\"og:title\" content=\"Kim Gamboni - Valloni\" \/>\n<meta property=\"og:description\" content=\"[vc_row row_type=&#8220;row&#8220; use_row_as_full_screen_section=&#8220;no&#8220; type=&#8220;grid&#8220; text_align=&#8220;left&#8220; background_animation=&#8220;none&#8220; padding_top=&#8220;0&#8243; css_animation=&#8220;&#8220; css=&#8220;.vc_custom_1751980938754{margin-top: 150px !important;margin-bottom: 50px !important;}&#8220;][vc_column width=&#8220;1\/2&#8243;][vc_column_text css=&#8220;.vc_custom_1751980911369{margin-top: 50px !important;}&#8220;] Kim Gamboni [\/vc_column_text][vc_empty_space][vc_column_text css=&#8220;&#8220;]Kim Gamboni ist eine Schweizer Rechtsanw\u00e4ltin mit Erfahrung in den Bereichen Prozessf\u00fchrung, (Sport-)Schiedsgerichtsbarkeit und Unternehmensberatung f\u00fcr verm\u00f6gende internationale Mandanten.[\/vc_column_text][vc_empty_space][vc_column_text css=&#8220;&#8220;]Sie war in der Prozessabteilung einer...\" \/>\n<meta property=\"og:url\" content=\"https:\/\/valloni.ch\/de\/kim-gamboni\/\" \/>\n<meta property=\"og:site_name\" content=\"Valloni\" \/>\n<meta property=\"article:publisher\" content=\"https:\/\/x.com\/lucienvalloni?s=21&amp;t=gsdDE--5p_Q9GnLZfeueXg\" \/>\n<meta property=\"article:modified_time\" content=\"2025-07-08T13:57:41+00:00\" \/>\n<meta property=\"og:image\" content=\"https:\/\/valloni.ch\/wp-content\/uploads\/2025\/08\/Valloni_negative_NoPayoff_RGB-scaled.png\" \/>\n\t<meta property=\"og:image:width\" content=\"2560\" \/>\n\t<meta property=\"og:image:height\" content=\"1810\" \/>\n\t<meta property=\"og:image:type\" content=\"image\/png\" \/>\n<meta name=\"twitter:card\" content=\"summary_large_image\" \/>\n<meta name=\"twitter:label1\" content=\"Gesch\u00e4tzte Lesezeit\" \/>\n\t<meta name=\"twitter:data1\" content=\"2\u00a0Minuten\" \/>\n<!-- \/ Yoast SEO plugin. -->","yoast_head_json":{"title":"Kim Gamboni - Valloni","robots":{"index":"index","follow":"follow","max-snippet":"max-snippet:-1","max-image-preview":"max-image-preview:large","max-video-preview":"max-video-preview:-1"},"canonical":"https:\/\/valloni.ch\/de\/kim-gamboni\/","og_locale":"de_DE","og_type":"article","og_title":"Kim Gamboni - Valloni","og_description":"[vc_row row_type=&#8220;row&#8220; use_row_as_full_screen_section=&#8220;no&#8220; type=&#8220;grid&#8220; text_align=&#8220;left&#8220; background_animation=&#8220;none&#8220; padding_top=&#8220;0&#8243; css_animation=&#8220;&#8220; css=&#8220;.vc_custom_1751980938754{margin-top: 150px !important;margin-bottom: 50px !important;}&#8220;][vc_column width=&#8220;1\/2&#8243;][vc_column_text css=&#8220;.vc_custom_1751980911369{margin-top: 50px !important;}&#8220;] Kim Gamboni [\/vc_column_text][vc_empty_space][vc_column_text css=&#8220;&#8220;]Kim Gamboni ist eine Schweizer Rechtsanw\u00e4ltin mit Erfahrung in den Bereichen Prozessf\u00fchrung, (Sport-)Schiedsgerichtsbarkeit und Unternehmensberatung f\u00fcr verm\u00f6gende internationale Mandanten.[\/vc_column_text][vc_empty_space][vc_column_text css=&#8220;&#8220;]Sie war in der Prozessabteilung einer...","og_url":"https:\/\/valloni.ch\/de\/kim-gamboni\/","og_site_name":"Valloni","article_publisher":"https:\/\/x.com\/lucienvalloni?s=21&t=gsdDE--5p_Q9GnLZfeueXg","article_modified_time":"2025-07-08T13:57:41+00:00","og_image":[{"width":2560,"height":1810,"url":"https:\/\/valloni.ch\/wp-content\/uploads\/2025\/08\/Valloni_negative_NoPayoff_RGB-scaled.png","type":"image\/png"}],"twitter_card":"summary_large_image","twitter_misc":{"Gesch\u00e4tzte Lesezeit":"2\u00a0Minuten"},"schema":{"@context":"https:\/\/schema.org","@graph":[{"@type":"WebPage","@id":"https:\/\/valloni.ch\/de\/kim-gamboni\/","url":"https:\/\/valloni.ch\/de\/kim-gamboni\/","name":"Kim Gamboni - Valloni","isPartOf":{"@id":"https:\/\/valloni.ch\/#website"},"datePublished":"2025-07-08T13:21:54+00:00","dateModified":"2025-07-08T13:57:41+00:00","breadcrumb":{"@id":"https:\/\/valloni.ch\/de\/kim-gamboni\/#breadcrumb"},"inLanguage":"de","potentialAction":[{"@type":"ReadAction","target":["https:\/\/valloni.ch\/de\/kim-gamboni\/"]}]},{"@type":"BreadcrumbList","@id":"https:\/\/valloni.ch\/de\/kim-gamboni\/#breadcrumb","itemListElement":[{"@type":"ListItem","position":1,"name":"Home","item":"https:\/\/valloni.ch\/de\/"},{"@type":"ListItem","position":2,"name":"Kim Gamboni"}]},{"@type":"WebSite","@id":"https:\/\/valloni.ch\/#website","url":"https:\/\/valloni.ch\/","name":"Valloni","description":"Attorneys at Law | Rechtsanw\u00e4lte","publisher":{"@id":"https:\/\/valloni.ch\/#organization"},"potentialAction":[{"@type":"SearchAction","target":{"@type":"EntryPoint","urlTemplate":"https:\/\/valloni.ch\/?s={search_term_string}"},"query-input":{"@type":"PropertyValueSpecification","valueRequired":true,"valueName":"search_term_string"}}],"inLanguage":"de"},{"@type":"Organization","@id":"https:\/\/valloni.ch\/#organization","name":"VALLONI Attorneys at Law","url":"https:\/\/valloni.ch\/","logo":{"@type":"ImageObject","inLanguage":"de","@id":"https:\/\/valloni.ch\/#\/schema\/logo\/image\/","url":"https:\/\/valloni.ch\/wp-content\/uploads\/2025\/08\/Valloni_negative_NoPayoff_RGB-scaled.png","contentUrl":"https:\/\/valloni.ch\/wp-content\/uploads\/2025\/08\/Valloni_negative_NoPayoff_RGB-scaled.png","width":2560,"height":1810,"caption":"VALLONI Attorneys at Law"},"image":{"@id":"https:\/\/valloni.ch\/#\/schema\/logo\/image\/"},"sameAs":["https:\/\/x.com\/lucienvalloni?s=21&t=gsdDE--5p_Q9GnLZfeueXg","https:\/\/www.linkedin.com\/company\/valloni-attorneys-at-law\/?viewAsMember=true"]}]}},"_links":{"self":[{"href":"https:\/\/valloni.ch\/de\/wp-json\/wp\/v2\/pages\/24322","targetHints":{"allow":["GET"]}}],"collection":[{"href":"https:\/\/valloni.ch\/de\/wp-json\/wp\/v2\/pages"}],"about":[{"href":"https:\/\/valloni.ch\/de\/wp-json\/wp\/v2\/types\/page"}],"author":[{"embeddable":true,"href":"https:\/\/valloni.ch\/de\/wp-json\/wp\/v2\/users\/1"}],"replies":[{"embeddable":true,"href":"https:\/\/valloni.ch\/de\/wp-json\/wp\/v2\/comments?post=24322"}],"version-history":[{"count":4,"href":"https:\/\/valloni.ch\/de\/wp-json\/wp\/v2\/pages\/24322\/revisions"}],"predecessor-version":[{"id":24337,"href":"https:\/\/valloni.ch\/de\/wp-json\/wp\/v2\/pages\/24322\/revisions\/24337"}],"wp:attachment":[{"href":"https:\/\/valloni.ch\/de\/wp-json\/wp\/v2\/media?parent=24322"}],"curies":[{"name":"wp","href":"https:\/\/api.w.org\/{rel}","templated":true}]}}