{"id":24136,"date":"2025-05-19T11:45:38","date_gmt":"2025-05-19T09:45:38","guid":{"rendered":"https:\/\/valloni.ch\/?page_id=24136"},"modified":"2025-05-19T14:34:17","modified_gmt":"2025-05-19T12:34:17","slug":"gurur-gaye-gunal","status":"publish","type":"page","link":"https:\/\/valloni.ch\/de\/gurur-gaye-gunal\/","title":{"rendered":"Gurur Gaye G\u00fcnal"},"content":{"rendered":"<div class=\"wpb-content-wrapper\"><p>[vc_row row_type=&#8220;row&#8220; use_row_as_full_screen_section=&#8220;no&#8220; type=&#8220;grid&#8220; text_align=&#8220;left&#8220; background_animation=&#8220;none&#8220; padding_top=&#8220;0&#8243; css_animation=&#8220;&#8220; css=&#8220;.vc_custom_1741683639956{margin-top: 50px !important;}&#8220;][vc_column width=&#8220;1\/2&#8243;][vc_column_text css=&#8220;.vc_custom_1747647586565{margin-top: 50px !important;}&#8220;]<\/p>\n<h2 class=\"\">Gurur Gaye G\u00fcnal<\/h2>\n<p>[\/vc_column_text][vc_empty_space][vc_column_text css=&#8220;&#8220;]<strong>Gurur Gaye G\u00fcnal ist eine renommierte Rechtsanw\u00e4ltin mit \u00fcber 26 Jahren Berufserfahrung, die sich auf Sportrecht, Weltraumrecht, Schiedsgerichtsbarkeit, geistiges Eigentumsrecht, Vertragsrecht und Mediation spezialisiert hat. Sie absolvierte ihr Studium an der Rechtswissenschaftlichen Fakult\u00e4t der Universit\u00e4t Istanbul und erwarb ihren Master-Abschluss in Weltraumrecht an der Universit\u00e4t Luxemburg, wodurch sie ihre Position als Pionierin an der Schnittstelle von Recht und Weltraumangelegenheiten festigte.<\/strong>[\/vc_column_text][vc_empty_space][vc_column_text css=&#8220;&#8220;]Ihre Leidenschaft f\u00fcr die juristische Ausbildung und den Wissensaustausch veranlasste sie, ein umfassendes Buch \u00fcber Weltraumrecht zu ver\u00f6ffentlichen und zahlreiche Vortr\u00e4ge auf internationalen Konferenzen zu den Themen Weltraumrecht und Sportrecht zu halten.<\/p>\n<p>Sie hat in Zusammenarbeit mit der Anwaltskammer Ankara, der Generaldirektion f\u00fcr Sportverwaltung und dem ISDE &#8211; Instituto Superior de Derecho y Econom\u00eda in Barcelona, Spanien, mehrere hochrangige internationale Sportrechtskonferenzen und Bildungsprogramme organisiert.<br \/>\nAls Rechtsvertreterin hat Frau G\u00fcnal zahlreiche Sportler, Vereine und Sportprofis vertreten und vor f\u00fchrenden Schieds- und Disziplinarorganen wie der IAF, der WADA, dem Sportschiedsgericht (CAS), der UEFA und der FIFA pl\u00e4diert.<br \/>\nIm sich rasch entwickelnden Bereich des Weltraumrechts spielt sie eine entscheidende Rolle als leitende Rechtsberaterin von \u015eiraSpace, einem f\u00fchrenden privaten Raumfahrtunternehmen, wo sie fachkundige Rechtsberatung zu internationalem Weltraumrecht, zur Einhaltung von Vorschriften und zu Fragen des geistigen Eigentums im Zusammenhang mit Weltraumtechnologie und -innovation leistet.<\/p>\n<p>Ihre einzigartige interdisziplin\u00e4re Expertise und ihr Engagement f\u00fcr Gerechtigkeit machen sie zu einer hoch angesehenen Pers\u00f6nlichkeit in der Rechts- und Wissenschaftsgemeinschaft weltweit.<\/p>\n<p>D <a href=\"tel:0041445154861\">+41 44 515 48 61<\/a><br \/>\nM <a href=\"tel:009005323729029\">+90 0532 372 90 29<\/a><br \/>\n<a href=\"mailto:gunal@valloni.ch\">gunal@valloni.ch<\/a>[\/vc_column_text][vc_empty_space height=&#8220;10px&#8220;][\/vc_column][vc_column width=&#8220;1\/2&#8243;][vc_single_image image=&#8220;24139&#8243; img_size=&#8220;full&#8220; css=&#8220;&#8220; qode_css_animation=&#8220;element_from_right&#8220; transition_delay=&#8220;1&#8243;][vc_empty_space][\/vc_column][\/vc_row][vc_row row_type=&#8220;row&#8220; use_row_as_full_screen_section=&#8220;no&#8220; type=&#8220;grid&#8220; text_align=&#8220;left&#8220; background_animation=&#8220;none&#8220; padding_top=&#8220;0&#8243; css_animation=&#8220;&#8220; css=&#8220;.vc_custom_1624882332512{margin-top: 80px !important;margin-bottom: 50px !important;}&#8220;][vc_column width=&#8220;1\/2&#8243;][vc_column_text css=&#8220;&#8220;]<strong>Sprachen<\/strong><br \/>\nT\u00fcrkisch, Englisch[\/vc_column_text][vc_empty_space][\/vc_column][vc_column width=&#8220;1\/2&#8243;][vc_column_text css=&#8220;&#8220;]<strong>Zulassung<\/strong><br \/>\nT\u00fcrkische Anwaltskammer[\/vc_column_text][vc_empty_space][\/vc_column][\/vc_row]<\/p>\n<\/div>","protected":false},"excerpt":{"rendered":"<p>[vc_row row_type=&#8220;row&#8220; use_row_as_full_screen_section=&#8220;no&#8220; type=&#8220;grid&#8220; text_align=&#8220;left&#8220; background_animation=&#8220;none&#8220; padding_top=&#8220;0&#8243; css_animation=&#8220;&#8220; css=&#8220;.vc_custom_1741683639956{margin-top: 50px !important;}&#8220;][vc_column width=&#8220;1\/2&#8243;][vc_column_text css=&#8220;.vc_custom_1747647586565{margin-top: 50px !important;}&#8220;] Gurur Gaye G\u00fcnal [\/vc_column_text][vc_empty_space][vc_column_text css=&#8220;&#8220;]Gurur Gaye G\u00fcnal ist eine renommierte Rechtsanw\u00e4ltin mit \u00fcber 26 Jahren Berufserfahrung, die sich auf Sportrecht, Weltraumrecht, Schiedsgerichtsbarkeit, geistiges Eigentumsrecht, Vertragsrecht und Mediation spezialisiert hat. Sie&#8230;<\/p>\n","protected":false},"author":1,"featured_media":0,"parent":0,"menu_order":0,"comment_status":"closed","ping_status":"closed","template":"full_width.php","meta":{"inline_featured_image":false,"footnotes":""},"class_list":["post-24136","page","type-page","status-publish","hentry"],"yoast_head":"<!-- This site is optimized with the Yoast SEO plugin v27.4 - https:\/\/yoast.com\/product\/yoast-seo-wordpress\/ -->\n<title>Gurur Gaye G\u00fcnal - Valloni<\/title>\n<meta name=\"robots\" content=\"index, follow, max-snippet:-1, max-image-preview:large, max-video-preview:-1\" \/>\n<link rel=\"canonical\" href=\"https:\/\/valloni.ch\/de\/gurur-gaye-gunal\/\" \/>\n<meta property=\"og:locale\" content=\"de_DE\" \/>\n<meta property=\"og:type\" content=\"article\" \/>\n<meta property=\"og:title\" content=\"Gurur Gaye G\u00fcnal - Valloni\" \/>\n<meta property=\"og:description\" content=\"[vc_row row_type=&#8220;row&#8220; use_row_as_full_screen_section=&#8220;no&#8220; type=&#8220;grid&#8220; text_align=&#8220;left&#8220; background_animation=&#8220;none&#8220; padding_top=&#8220;0&#8243; css_animation=&#8220;&#8220; css=&#8220;.vc_custom_1741683639956{margin-top: 50px !important;}&#8220;][vc_column width=&#8220;1\/2&#8243;][vc_column_text css=&#8220;.vc_custom_1747647586565{margin-top: 50px !important;}&#8220;] Gurur Gaye G\u00fcnal [\/vc_column_text][vc_empty_space][vc_column_text css=&#8220;&#8220;]Gurur Gaye G\u00fcnal ist eine renommierte Rechtsanw\u00e4ltin mit \u00fcber 26 Jahren Berufserfahrung, die sich auf Sportrecht, Weltraumrecht, Schiedsgerichtsbarkeit, geistiges Eigentumsrecht, Vertragsrecht und Mediation spezialisiert hat. Sie...\" \/>\n<meta property=\"og:url\" content=\"https:\/\/valloni.ch\/de\/gurur-gaye-gunal\/\" \/>\n<meta property=\"og:site_name\" content=\"Valloni\" \/>\n<meta property=\"article:publisher\" content=\"https:\/\/x.com\/lucienvalloni?s=21&amp;t=gsdDE--5p_Q9GnLZfeueXg\" \/>\n<meta property=\"article:modified_time\" content=\"2025-05-19T12:34:17+00:00\" \/>\n<meta property=\"og:image\" content=\"https:\/\/valloni.ch\/wp-content\/uploads\/2025\/08\/Valloni_negative_NoPayoff_RGB-scaled.png\" \/>\n\t<meta property=\"og:image:width\" content=\"2560\" \/>\n\t<meta property=\"og:image:height\" content=\"1810\" \/>\n\t<meta property=\"og:image:type\" content=\"image\/png\" \/>\n<meta name=\"twitter:card\" content=\"summary_large_image\" \/>\n<meta name=\"twitter:label1\" content=\"Gesch\u00e4tzte Lesezeit\" \/>\n\t<meta name=\"twitter:data1\" content=\"2\u00a0Minuten\" \/>\n<!-- \/ Yoast SEO plugin. -->","yoast_head_json":{"title":"Gurur Gaye G\u00fcnal - Valloni","robots":{"index":"index","follow":"follow","max-snippet":"max-snippet:-1","max-image-preview":"max-image-preview:large","max-video-preview":"max-video-preview:-1"},"canonical":"https:\/\/valloni.ch\/de\/gurur-gaye-gunal\/","og_locale":"de_DE","og_type":"article","og_title":"Gurur Gaye G\u00fcnal - Valloni","og_description":"[vc_row row_type=&#8220;row&#8220; use_row_as_full_screen_section=&#8220;no&#8220; type=&#8220;grid&#8220; text_align=&#8220;left&#8220; background_animation=&#8220;none&#8220; padding_top=&#8220;0&#8243; css_animation=&#8220;&#8220; css=&#8220;.vc_custom_1741683639956{margin-top: 50px !important;}&#8220;][vc_column width=&#8220;1\/2&#8243;][vc_column_text css=&#8220;.vc_custom_1747647586565{margin-top: 50px !important;}&#8220;] Gurur Gaye G\u00fcnal [\/vc_column_text][vc_empty_space][vc_column_text css=&#8220;&#8220;]Gurur Gaye G\u00fcnal ist eine renommierte Rechtsanw\u00e4ltin mit \u00fcber 26 Jahren Berufserfahrung, die sich auf Sportrecht, Weltraumrecht, Schiedsgerichtsbarkeit, geistiges Eigentumsrecht, Vertragsrecht und Mediation spezialisiert hat. Sie...","og_url":"https:\/\/valloni.ch\/de\/gurur-gaye-gunal\/","og_site_name":"Valloni","article_publisher":"https:\/\/x.com\/lucienvalloni?s=21&t=gsdDE--5p_Q9GnLZfeueXg","article_modified_time":"2025-05-19T12:34:17+00:00","og_image":[{"width":2560,"height":1810,"url":"https:\/\/valloni.ch\/wp-content\/uploads\/2025\/08\/Valloni_negative_NoPayoff_RGB-scaled.png","type":"image\/png"}],"twitter_card":"summary_large_image","twitter_misc":{"Gesch\u00e4tzte Lesezeit":"2\u00a0Minuten"},"schema":{"@context":"https:\/\/schema.org","@graph":[{"@type":"WebPage","@id":"https:\/\/valloni.ch\/de\/gurur-gaye-gunal\/","url":"https:\/\/valloni.ch\/de\/gurur-gaye-gunal\/","name":"Gurur Gaye G\u00fcnal - Valloni","isPartOf":{"@id":"https:\/\/valloni.ch\/#website"},"datePublished":"2025-05-19T09:45:38+00:00","dateModified":"2025-05-19T12:34:17+00:00","breadcrumb":{"@id":"https:\/\/valloni.ch\/de\/gurur-gaye-gunal\/#breadcrumb"},"inLanguage":"de","potentialAction":[{"@type":"ReadAction","target":["https:\/\/valloni.ch\/de\/gurur-gaye-gunal\/"]}]},{"@type":"BreadcrumbList","@id":"https:\/\/valloni.ch\/de\/gurur-gaye-gunal\/#breadcrumb","itemListElement":[{"@type":"ListItem","position":1,"name":"Home","item":"https:\/\/valloni.ch\/de\/"},{"@type":"ListItem","position":2,"name":"Gurur Gaye G\u00fcnal"}]},{"@type":"WebSite","@id":"https:\/\/valloni.ch\/#website","url":"https:\/\/valloni.ch\/","name":"Valloni","description":"Attorneys at Law | Rechtsanw\u00e4lte","publisher":{"@id":"https:\/\/valloni.ch\/#organization"},"potentialAction":[{"@type":"SearchAction","target":{"@type":"EntryPoint","urlTemplate":"https:\/\/valloni.ch\/?s={search_term_string}"},"query-input":{"@type":"PropertyValueSpecification","valueRequired":true,"valueName":"search_term_string"}}],"inLanguage":"de"},{"@type":"Organization","@id":"https:\/\/valloni.ch\/#organization","name":"VALLONI Attorneys at Law","url":"https:\/\/valloni.ch\/","logo":{"@type":"ImageObject","inLanguage":"de","@id":"https:\/\/valloni.ch\/#\/schema\/logo\/image\/","url":"https:\/\/valloni.ch\/wp-content\/uploads\/2025\/08\/Valloni_negative_NoPayoff_RGB-scaled.png","contentUrl":"https:\/\/valloni.ch\/wp-content\/uploads\/2025\/08\/Valloni_negative_NoPayoff_RGB-scaled.png","width":2560,"height":1810,"caption":"VALLONI Attorneys at Law"},"image":{"@id":"https:\/\/valloni.ch\/#\/schema\/logo\/image\/"},"sameAs":["https:\/\/x.com\/lucienvalloni?s=21&t=gsdDE--5p_Q9GnLZfeueXg","https:\/\/www.linkedin.com\/company\/valloni-attorneys-at-law\/?viewAsMember=true"]}]}},"_links":{"self":[{"href":"https:\/\/valloni.ch\/de\/wp-json\/wp\/v2\/pages\/24136","targetHints":{"allow":["GET"]}}],"collection":[{"href":"https:\/\/valloni.ch\/de\/wp-json\/wp\/v2\/pages"}],"about":[{"href":"https:\/\/valloni.ch\/de\/wp-json\/wp\/v2\/types\/page"}],"author":[{"embeddable":true,"href":"https:\/\/valloni.ch\/de\/wp-json\/wp\/v2\/users\/1"}],"replies":[{"embeddable":true,"href":"https:\/\/valloni.ch\/de\/wp-json\/wp\/v2\/comments?post=24136"}],"version-history":[{"count":8,"href":"https:\/\/valloni.ch\/de\/wp-json\/wp\/v2\/pages\/24136\/revisions"}],"predecessor-version":[{"id":24160,"href":"https:\/\/valloni.ch\/de\/wp-json\/wp\/v2\/pages\/24136\/revisions\/24160"}],"wp:attachment":[{"href":"https:\/\/valloni.ch\/de\/wp-json\/wp\/v2\/media?parent=24136"}],"curies":[{"name":"wp","href":"https:\/\/api.w.org\/{rel}","templated":true}]}}