{"id":23638,"date":"2025-03-11T09:59:02","date_gmt":"2025-03-11T08:59:02","guid":{"rendered":"https:\/\/valloni.ch\/?page_id=23638"},"modified":"2025-03-11T10:26:03","modified_gmt":"2025-03-11T09:26:03","slug":"oliver-fischer","status":"publish","type":"page","link":"https:\/\/valloni.ch\/de\/oliver-fischer\/","title":{"rendered":"Oliver Fischer"},"content":{"rendered":"<div class=\"wpb-content-wrapper\"><p>[vc_row row_type=&#8220;row&#8220; use_row_as_full_screen_section=&#8220;no&#8220; type=&#8220;grid&#8220; text_align=&#8220;left&#8220; background_animation=&#8220;none&#8220; padding_top=&#8220;0&#8243; css_animation=&#8220;&#8220; css=&#8220;.vc_custom_1741683581932{margin-top: 50px !important;}&#8220;][vc_column width=&#8220;1\/2&#8243;][vc_column_text css=&#8220;.vc_custom_1741682968293{margin-top: 50px !important;}&#8220;]<\/p>\n<h2 class=\"\">Oliver Fischer<\/h2>\n<p>[\/vc_column_text][vc_empty_space][vc_column_text css=&#8220;&#8220;]<strong>Oliver Fischer geh\u00f6rt zu den namhaftesten Sportrechtsanw\u00e4lten Deutschlands. Seit seiner Zulassung zur Anwaltschaft im Jahre 2006 hat der ehemalige Leistungssportler eine Vielzahl von Mandanten aus der Welt des professionellen Sports erfolgreich begleitet. Hierbei z\u00e4hlen Sportler, Trainer, Vereine, Agenturen und Sponsoren zu seiner Klientel, insbesondere aus den Sportarten Fu\u00dfball, Tennis und Handball. <\/strong>[\/vc_column_text][vc_empty_space][vc_column_text css=&#8220;&#8220;]Als erfahrener Verhandler und Interessenvertreter versteht er sich als jederzeit verf\u00fcgbarer und kompetenter Ansprechpartner in Sportrechtsfragen sowie als zuverl\u00e4ssiger und fachkundiger Karrierebegleiter. Sein herausragendes nationales wie internationales Netzwerk im professionellen Sport erm\u00f6glicht es ihm, f\u00fcr seine Mandanten Br\u00fccken zu bauen und auf Augenh\u00f6he mit dem Gegen\u00fcber l\u00f6sungsorientiert zu kommunizieren.<br \/>\n\u00dcberdies stellt die arbeitsrechtliche Beratung auf Arbeitgeber- sowie auf Arbeitnehmerseite in Deutschland einen Schwerpunkt seiner anwaltlichen T\u00e4tigkeit dar. Insbesondere K\u00fcndigungsschutzprozesse, aber auch das Verhindern gerichtlicher Streitigkeiten durch strategische und vorausschauende arbeitsrechtliche Beratung, geh\u00f6rt zu seinen beruflichen Leidenschaften.<\/p>\n<p>&nbsp;<\/p>\n<p>D <a href=\"tel:0041445154860\">+41 44 515 48 60<\/a><br \/>\nM <a href=\"tel:00491735664131\">+49 173 566 41 31<\/a><br \/>\n<a href=\"mailto:fischer@valloni.ch\">fischer@valloni.ch<\/a>[\/vc_column_text][vc_empty_space height=&#8220;10px&#8220;][\/vc_column][vc_column width=&#8220;1\/2&#8243;][vc_single_image image=&#8220;23641&#8243; img_size=&#8220;full&#8220; css=&#8220;&#8220; qode_css_animation=&#8220;element_from_right&#8220; transition_delay=&#8220;1&#8243;][vc_empty_space][\/vc_column][\/vc_row][vc_row row_type=&#8220;row&#8220; use_row_as_full_screen_section=&#8220;no&#8220; type=&#8220;grid&#8220; text_align=&#8220;left&#8220; background_animation=&#8220;none&#8220; padding_top=&#8220;0&#8243; css_animation=&#8220;&#8220; css=&#8220;.vc_custom_1624882332512{margin-top: 80px !important;margin-bottom: 50px !important;}&#8220;][vc_column width=&#8220;1\/2&#8243;][vc_column_text css=&#8220;&#8220;]<strong>Curriculum Vitae<\/strong><\/p>\n<ul class=\"rientro\">\n<li>Seit 2025 bei VALLONI Rechtsanw\u00e4lte<\/li>\n<li>Seit Zulassung zur Anwaltschaft als selbst\u00e4ndiger Rechtsanwalt t\u00e4tig, zuletzt mit B\u00fcro in Hamburg<\/li>\n<li>Referendariat bei Europ\u00e4ischer Kommission, Br\u00fcssel, Referat Sport<\/li>\n<li>Referendariat bei internationaler Wirtschaftsrechtskanzlei Beiten Burkhardt, Sportrechtsteam, M\u00fcnchen<\/li>\n<li>Praktikum Deutsche Botschaft Ankara<\/li>\n<li>Ehemals Freier Mitarbeiter der Deutsch-Emiratischen Industrie- und Handelskammer (AHK)<\/li>\n<\/ul>\n<p>[\/vc_column_text][vc_empty_space][vc_column_text css=&#8220;&#8220;]<strong>Sprachen<\/strong><br \/>\nDeutsch, Englisch, Franz\u00f6sisch[\/vc_column_text][vc_empty_space][\/vc_column][vc_column width=&#8220;1\/2&#8243;][vc_column_text css=&#8220;&#8220;]<strong>Zulassung<\/strong><br \/>\nZugelassener Rechtsanwalt in Deutschland[\/vc_column_text][vc_empty_space][\/vc_column][\/vc_row]<\/p>\n<\/div>","protected":false},"excerpt":{"rendered":"<p>[vc_row row_type=&#8220;row&#8220; use_row_as_full_screen_section=&#8220;no&#8220; type=&#8220;grid&#8220; text_align=&#8220;left&#8220; background_animation=&#8220;none&#8220; padding_top=&#8220;0&#8243; css_animation=&#8220;&#8220; css=&#8220;.vc_custom_1741683581932{margin-top: 50px !important;}&#8220;][vc_column width=&#8220;1\/2&#8243;][vc_column_text css=&#8220;.vc_custom_1741682968293{margin-top: 50px !important;}&#8220;] Oliver Fischer [\/vc_column_text][vc_empty_space][vc_column_text css=&#8220;&#8220;]Oliver Fischer geh\u00f6rt zu den namhaftesten Sportrechtsanw\u00e4lten Deutschlands. Seit seiner Zulassung zur Anwaltschaft im Jahre 2006 hat der ehemalige Leistungssportler eine Vielzahl von Mandanten aus der Welt&#8230;<\/p>\n","protected":false},"author":1,"featured_media":0,"parent":0,"menu_order":0,"comment_status":"closed","ping_status":"closed","template":"full_width.php","meta":{"inline_featured_image":false,"footnotes":""},"class_list":["post-23638","page","type-page","status-publish","hentry"],"yoast_head":"<!-- This site is optimized with the Yoast SEO plugin v27.3 - https:\/\/yoast.com\/product\/yoast-seo-wordpress\/ -->\n<title>Oliver Fischer - Valloni<\/title>\n<meta name=\"robots\" content=\"index, follow, max-snippet:-1, max-image-preview:large, max-video-preview:-1\" \/>\n<link rel=\"canonical\" href=\"https:\/\/valloni.ch\/de\/oliver-fischer\/\" \/>\n<meta property=\"og:locale\" content=\"de_DE\" \/>\n<meta property=\"og:type\" content=\"article\" \/>\n<meta property=\"og:title\" content=\"Oliver Fischer - Valloni\" \/>\n<meta property=\"og:description\" content=\"[vc_row row_type=&#8220;row&#8220; use_row_as_full_screen_section=&#8220;no&#8220; type=&#8220;grid&#8220; text_align=&#8220;left&#8220; background_animation=&#8220;none&#8220; padding_top=&#8220;0&#8243; css_animation=&#8220;&#8220; css=&#8220;.vc_custom_1741683581932{margin-top: 50px !important;}&#8220;][vc_column width=&#8220;1\/2&#8243;][vc_column_text css=&#8220;.vc_custom_1741682968293{margin-top: 50px !important;}&#8220;] Oliver Fischer [\/vc_column_text][vc_empty_space][vc_column_text css=&#8220;&#8220;]Oliver Fischer geh\u00f6rt zu den namhaftesten Sportrechtsanw\u00e4lten Deutschlands. Seit seiner Zulassung zur Anwaltschaft im Jahre 2006 hat der ehemalige Leistungssportler eine Vielzahl von Mandanten aus der Welt...\" \/>\n<meta property=\"og:url\" content=\"https:\/\/valloni.ch\/de\/oliver-fischer\/\" \/>\n<meta property=\"og:site_name\" content=\"Valloni\" \/>\n<meta property=\"article:publisher\" content=\"https:\/\/x.com\/lucienvalloni?s=21&amp;t=gsdDE--5p_Q9GnLZfeueXg\" \/>\n<meta property=\"article:modified_time\" content=\"2025-03-11T09:26:03+00:00\" \/>\n<meta property=\"og:image\" content=\"https:\/\/valloni.ch\/wp-content\/uploads\/2025\/08\/Valloni_negative_NoPayoff_RGB-scaled.png\" \/>\n\t<meta property=\"og:image:width\" content=\"2560\" \/>\n\t<meta property=\"og:image:height\" content=\"1810\" \/>\n\t<meta property=\"og:image:type\" content=\"image\/png\" \/>\n<meta name=\"twitter:card\" content=\"summary_large_image\" \/>\n<meta name=\"twitter:label1\" content=\"Gesch\u00e4tzte Lesezeit\" \/>\n\t<meta name=\"twitter:data1\" content=\"2\u00a0Minuten\" \/>\n<!-- \/ Yoast SEO plugin. -->","yoast_head_json":{"title":"Oliver Fischer - Valloni","robots":{"index":"index","follow":"follow","max-snippet":"max-snippet:-1","max-image-preview":"max-image-preview:large","max-video-preview":"max-video-preview:-1"},"canonical":"https:\/\/valloni.ch\/de\/oliver-fischer\/","og_locale":"de_DE","og_type":"article","og_title":"Oliver Fischer - Valloni","og_description":"[vc_row row_type=&#8220;row&#8220; use_row_as_full_screen_section=&#8220;no&#8220; type=&#8220;grid&#8220; text_align=&#8220;left&#8220; background_animation=&#8220;none&#8220; padding_top=&#8220;0&#8243; css_animation=&#8220;&#8220; css=&#8220;.vc_custom_1741683581932{margin-top: 50px !important;}&#8220;][vc_column width=&#8220;1\/2&#8243;][vc_column_text css=&#8220;.vc_custom_1741682968293{margin-top: 50px !important;}&#8220;] Oliver Fischer [\/vc_column_text][vc_empty_space][vc_column_text css=&#8220;&#8220;]Oliver Fischer geh\u00f6rt zu den namhaftesten Sportrechtsanw\u00e4lten Deutschlands. Seit seiner Zulassung zur Anwaltschaft im Jahre 2006 hat der ehemalige Leistungssportler eine Vielzahl von Mandanten aus der Welt...","og_url":"https:\/\/valloni.ch\/de\/oliver-fischer\/","og_site_name":"Valloni","article_publisher":"https:\/\/x.com\/lucienvalloni?s=21&t=gsdDE--5p_Q9GnLZfeueXg","article_modified_time":"2025-03-11T09:26:03+00:00","og_image":[{"width":2560,"height":1810,"url":"https:\/\/valloni.ch\/wp-content\/uploads\/2025\/08\/Valloni_negative_NoPayoff_RGB-scaled.png","type":"image\/png"}],"twitter_card":"summary_large_image","twitter_misc":{"Gesch\u00e4tzte Lesezeit":"2\u00a0Minuten"},"schema":{"@context":"https:\/\/schema.org","@graph":[{"@type":"WebPage","@id":"https:\/\/valloni.ch\/de\/oliver-fischer\/","url":"https:\/\/valloni.ch\/de\/oliver-fischer\/","name":"Oliver Fischer - Valloni","isPartOf":{"@id":"https:\/\/valloni.ch\/#website"},"datePublished":"2025-03-11T08:59:02+00:00","dateModified":"2025-03-11T09:26:03+00:00","breadcrumb":{"@id":"https:\/\/valloni.ch\/de\/oliver-fischer\/#breadcrumb"},"inLanguage":"de","potentialAction":[{"@type":"ReadAction","target":["https:\/\/valloni.ch\/de\/oliver-fischer\/"]}]},{"@type":"BreadcrumbList","@id":"https:\/\/valloni.ch\/de\/oliver-fischer\/#breadcrumb","itemListElement":[{"@type":"ListItem","position":1,"name":"Home","item":"https:\/\/valloni.ch\/de\/"},{"@type":"ListItem","position":2,"name":"Oliver Fischer"}]},{"@type":"WebSite","@id":"https:\/\/valloni.ch\/#website","url":"https:\/\/valloni.ch\/","name":"Valloni","description":"Attorneys at Law | Rechtsanw\u00e4lte","publisher":{"@id":"https:\/\/valloni.ch\/#organization"},"potentialAction":[{"@type":"SearchAction","target":{"@type":"EntryPoint","urlTemplate":"https:\/\/valloni.ch\/?s={search_term_string}"},"query-input":{"@type":"PropertyValueSpecification","valueRequired":true,"valueName":"search_term_string"}}],"inLanguage":"de"},{"@type":"Organization","@id":"https:\/\/valloni.ch\/#organization","name":"VALLONI Attorneys at Law","url":"https:\/\/valloni.ch\/","logo":{"@type":"ImageObject","inLanguage":"de","@id":"https:\/\/valloni.ch\/#\/schema\/logo\/image\/","url":"https:\/\/valloni.ch\/wp-content\/uploads\/2025\/08\/Valloni_negative_NoPayoff_RGB-scaled.png","contentUrl":"https:\/\/valloni.ch\/wp-content\/uploads\/2025\/08\/Valloni_negative_NoPayoff_RGB-scaled.png","width":2560,"height":1810,"caption":"VALLONI Attorneys at Law"},"image":{"@id":"https:\/\/valloni.ch\/#\/schema\/logo\/image\/"},"sameAs":["https:\/\/x.com\/lucienvalloni?s=21&t=gsdDE--5p_Q9GnLZfeueXg","https:\/\/www.linkedin.com\/company\/valloni-attorneys-at-law\/?viewAsMember=true"]}]}},"_links":{"self":[{"href":"https:\/\/valloni.ch\/de\/wp-json\/wp\/v2\/pages\/23638","targetHints":{"allow":["GET"]}}],"collection":[{"href":"https:\/\/valloni.ch\/de\/wp-json\/wp\/v2\/pages"}],"about":[{"href":"https:\/\/valloni.ch\/de\/wp-json\/wp\/v2\/types\/page"}],"author":[{"embeddable":true,"href":"https:\/\/valloni.ch\/de\/wp-json\/wp\/v2\/users\/1"}],"replies":[{"embeddable":true,"href":"https:\/\/valloni.ch\/de\/wp-json\/wp\/v2\/comments?post=23638"}],"version-history":[{"count":7,"href":"https:\/\/valloni.ch\/de\/wp-json\/wp\/v2\/pages\/23638\/revisions"}],"predecessor-version":[{"id":23665,"href":"https:\/\/valloni.ch\/de\/wp-json\/wp\/v2\/pages\/23638\/revisions\/23665"}],"wp:attachment":[{"href":"https:\/\/valloni.ch\/de\/wp-json\/wp\/v2\/media?parent=23638"}],"curies":[{"name":"wp","href":"https:\/\/api.w.org\/{rel}","templated":true}]}}