{"id":23396,"date":"2025-02-03T10:18:32","date_gmt":"2025-02-03T09:18:32","guid":{"rendered":"https:\/\/valloni.ch\/?page_id=23396"},"modified":"2025-02-03T16:23:34","modified_gmt":"2025-02-03T15:23:34","slug":"uk-desk","status":"publish","type":"page","link":"https:\/\/valloni.ch\/de\/uk-desk\/","title":{"rendered":"UK Desk"},"content":{"rendered":"<div class=\"wpb-content-wrapper\"><p>[vc_row row_type=&#8220;row&#8220; use_row_as_full_screen_section=&#8220;no&#8220; type=&#8220;grid&#8220; anchor=&#8220;about&#8220; text_align=&#8220;left&#8220; background_animation=&#8220;none&#8220; padding_top=&#8220;80&#8243; padding_bottom=&#8220;80&#8243; css_animation=&#8220;&#8220; css=&#8220;.vc_custom_1620631489554{margin-top: 50px !important;}&#8220;][vc_column][vc_column_text css=&#8220;&#8220;]<\/p>\n<h6>UK DESK<\/h6>\n<p>[\/vc_column_text][vc_column_text css=&#8220;.vc_custom_1738596211793{margin-top: 10px !important;margin-bottom: 10px !important;}&#8220;]Unser UK Desk bietet Unternehmen und Privatpersonen rechtliche Unterst\u00fctzung im Bereich des englischen Rechts und grenz\u00fcberschreitender Transaktionen.<\/p>\n<p>Durch etablierte Kooperationen mit hochqualifizierten Fachleuten im Vereinigten K\u00f6nigreich k\u00f6nnen wir strategische Beratung und massgeschneiderte Unterst\u00fctzung in verschiedenen Rechtsbereichen anbieten, darunter Handels-, Gesellschafts-, Vertrags-, Steuer-, Immobilien-, Erb- und Strafrecht.<\/p>\n<p>Wir arbeiten eng mit unseren lokalen Partnern zusammen, um individuelle L\u00f6sungen zu gew\u00e4hrleisten und Transaktionen sowie Investitionen zwischen verschiedenen Rechtsordnungen zu erleichtern.<\/p>\n<p>Unsere internationale Erfahrung erm\u00f6glicht es uns, effektiv denen zu helfen, die im britischen Markt t\u00e4tig sind oder dort Interessen haben, und dabei einen qualifizierten, zeitgerechten und zuverl\u00e4ssigen Service zu bieten.[\/vc_column_text][\/vc_column][\/vc_row][vc_row row_type=&#8220;row&#8220; use_row_as_full_screen_section=&#8220;no&#8220; type=&#8220;grid&#8220; text_align=&#8220;left&#8220; background_animation=&#8220;none&#8220; css_animation=&#8220;&#8220; css=&#8220;.vc_custom_1738572819784{margin-bottom: 50px !important;}&#8220;][vc_column width=&#8220;1\/2&#8243;][vc_column_text css=&#8220;&#8220;]<\/p>\n<p style=\"text-align: center;\"><strong>International Sports Law Consultant &#8211; HEAD OF UK DESK<\/strong><br \/>\n<strong>Prof. Dr. Ian Blackshaw<\/strong><\/p>\n<p>[\/vc_column_text][vc_single_image image=&#8220;22623&#8243; img_size=&#8220;full&#8220; alignment=&#8220;center&#8220; css=&#8220;.vc_custom_1738574196001{margin-top: 30px !important;}&#8220; qode_css_animation=&#8220;&#8220;][vc_column_text css=&#8220;.vc_custom_1738574178753{margin-top: 30px !important;}&#8220;]<\/p>\n<p style=\"text-align: center;\"><strong>D <a href=\"tel:0041445150238\">+41 44 515 02 38<\/a><\/strong><br \/>\n<strong><a href=\"mailto:blackshaw@valloni.ch\">blackshaw@valloni.ch<\/a><\/strong><\/p>\n<p>[\/vc_column_text][\/vc_column][vc_column width=&#8220;1\/2&#8243;][\/vc_column][\/vc_row]<\/p>\n<\/div>","protected":false},"excerpt":{"rendered":"<p>[vc_row row_type=&#8220;row&#8220; use_row_as_full_screen_section=&#8220;no&#8220; type=&#8220;grid&#8220; anchor=&#8220;about&#8220; text_align=&#8220;left&#8220; background_animation=&#8220;none&#8220; padding_top=&#8220;80&#8243; padding_bottom=&#8220;80&#8243; css_animation=&#8220;&#8220; css=&#8220;.vc_custom_1620631489554{margin-top: 50px !important;}&#8220;][vc_column][vc_column_text css=&#8220;&#8220;] UK DESK [\/vc_column_text][vc_column_text css=&#8220;.vc_custom_1738596211793{margin-top: 10px !important;margin-bottom: 10px !important;}&#8220;]Unser UK Desk bietet Unternehmen und Privatpersonen rechtliche Unterst\u00fctzung im Bereich des englischen Rechts und grenz\u00fcberschreitender Transaktionen. Durch etablierte Kooperationen mit hochqualifizierten Fachleuten im&#8230;<\/p>\n","protected":false},"author":1,"featured_media":0,"parent":0,"menu_order":0,"comment_status":"open","ping_status":"open","template":"full_width.php","meta":{"inline_featured_image":false,"footnotes":""},"class_list":["post-23396","page","type-page","status-publish","hentry"],"yoast_head":"<!-- This site is optimized with the Yoast SEO plugin v27.4 - https:\/\/yoast.com\/product\/yoast-seo-wordpress\/ -->\n<title>UK Desk - Valloni<\/title>\n<meta name=\"robots\" content=\"index, follow, max-snippet:-1, max-image-preview:large, max-video-preview:-1\" \/>\n<link rel=\"canonical\" href=\"https:\/\/valloni.ch\/de\/uk-desk\/\" \/>\n<meta property=\"og:locale\" content=\"de_DE\" \/>\n<meta property=\"og:type\" content=\"article\" \/>\n<meta property=\"og:title\" content=\"UK Desk - Valloni\" \/>\n<meta property=\"og:description\" content=\"[vc_row row_type=&#8220;row&#8220; use_row_as_full_screen_section=&#8220;no&#8220; type=&#8220;grid&#8220; anchor=&#8220;about&#8220; text_align=&#8220;left&#8220; background_animation=&#8220;none&#8220; padding_top=&#8220;80&#8243; padding_bottom=&#8220;80&#8243; css_animation=&#8220;&#8220; css=&#8220;.vc_custom_1620631489554{margin-top: 50px !important;}&#8220;][vc_column][vc_column_text css=&#8220;&#8220;] UK DESK [\/vc_column_text][vc_column_text css=&#8220;.vc_custom_1738596211793{margin-top: 10px !important;margin-bottom: 10px !important;}&#8220;]Unser UK Desk bietet Unternehmen und Privatpersonen rechtliche Unterst\u00fctzung im Bereich des englischen Rechts und grenz\u00fcberschreitender Transaktionen. Durch etablierte Kooperationen mit hochqualifizierten Fachleuten im...\" \/>\n<meta property=\"og:url\" content=\"https:\/\/valloni.ch\/de\/uk-desk\/\" \/>\n<meta property=\"og:site_name\" content=\"Valloni\" \/>\n<meta property=\"article:publisher\" content=\"https:\/\/x.com\/lucienvalloni?s=21&amp;t=gsdDE--5p_Q9GnLZfeueXg\" \/>\n<meta property=\"article:modified_time\" content=\"2025-02-03T15:23:34+00:00\" \/>\n<meta property=\"og:image\" content=\"https:\/\/valloni.ch\/wp-content\/uploads\/2025\/08\/Valloni_negative_NoPayoff_RGB-scaled.png\" \/>\n\t<meta property=\"og:image:width\" content=\"2560\" \/>\n\t<meta property=\"og:image:height\" content=\"1810\" \/>\n\t<meta property=\"og:image:type\" content=\"image\/png\" \/>\n<meta name=\"twitter:card\" content=\"summary_large_image\" \/>\n<meta name=\"twitter:label1\" content=\"Gesch\u00e4tzte Lesezeit\" \/>\n\t<meta name=\"twitter:data1\" content=\"1\u00a0Minute\" \/>\n<!-- \/ Yoast SEO plugin. -->","yoast_head_json":{"title":"UK Desk - Valloni","robots":{"index":"index","follow":"follow","max-snippet":"max-snippet:-1","max-image-preview":"max-image-preview:large","max-video-preview":"max-video-preview:-1"},"canonical":"https:\/\/valloni.ch\/de\/uk-desk\/","og_locale":"de_DE","og_type":"article","og_title":"UK Desk - Valloni","og_description":"[vc_row row_type=&#8220;row&#8220; use_row_as_full_screen_section=&#8220;no&#8220; type=&#8220;grid&#8220; anchor=&#8220;about&#8220; text_align=&#8220;left&#8220; background_animation=&#8220;none&#8220; padding_top=&#8220;80&#8243; padding_bottom=&#8220;80&#8243; css_animation=&#8220;&#8220; css=&#8220;.vc_custom_1620631489554{margin-top: 50px !important;}&#8220;][vc_column][vc_column_text css=&#8220;&#8220;] UK DESK [\/vc_column_text][vc_column_text css=&#8220;.vc_custom_1738596211793{margin-top: 10px !important;margin-bottom: 10px !important;}&#8220;]Unser UK Desk bietet Unternehmen und Privatpersonen rechtliche Unterst\u00fctzung im Bereich des englischen Rechts und grenz\u00fcberschreitender Transaktionen. Durch etablierte Kooperationen mit hochqualifizierten Fachleuten im...","og_url":"https:\/\/valloni.ch\/de\/uk-desk\/","og_site_name":"Valloni","article_publisher":"https:\/\/x.com\/lucienvalloni?s=21&t=gsdDE--5p_Q9GnLZfeueXg","article_modified_time":"2025-02-03T15:23:34+00:00","og_image":[{"width":2560,"height":1810,"url":"https:\/\/valloni.ch\/wp-content\/uploads\/2025\/08\/Valloni_negative_NoPayoff_RGB-scaled.png","type":"image\/png"}],"twitter_card":"summary_large_image","twitter_misc":{"Gesch\u00e4tzte Lesezeit":"1\u00a0Minute"},"schema":{"@context":"https:\/\/schema.org","@graph":[{"@type":"WebPage","@id":"https:\/\/valloni.ch\/de\/uk-desk\/","url":"https:\/\/valloni.ch\/de\/uk-desk\/","name":"UK Desk - Valloni","isPartOf":{"@id":"https:\/\/valloni.ch\/#website"},"datePublished":"2025-02-03T09:18:32+00:00","dateModified":"2025-02-03T15:23:34+00:00","breadcrumb":{"@id":"https:\/\/valloni.ch\/de\/uk-desk\/#breadcrumb"},"inLanguage":"de","potentialAction":[{"@type":"ReadAction","target":["https:\/\/valloni.ch\/de\/uk-desk\/"]}]},{"@type":"BreadcrumbList","@id":"https:\/\/valloni.ch\/de\/uk-desk\/#breadcrumb","itemListElement":[{"@type":"ListItem","position":1,"name":"Home","item":"https:\/\/valloni.ch\/de\/"},{"@type":"ListItem","position":2,"name":"UK Desk"}]},{"@type":"WebSite","@id":"https:\/\/valloni.ch\/#website","url":"https:\/\/valloni.ch\/","name":"Valloni","description":"Attorneys at Law | Rechtsanw\u00e4lte","publisher":{"@id":"https:\/\/valloni.ch\/#organization"},"potentialAction":[{"@type":"SearchAction","target":{"@type":"EntryPoint","urlTemplate":"https:\/\/valloni.ch\/?s={search_term_string}"},"query-input":{"@type":"PropertyValueSpecification","valueRequired":true,"valueName":"search_term_string"}}],"inLanguage":"de"},{"@type":"Organization","@id":"https:\/\/valloni.ch\/#organization","name":"VALLONI Attorneys at Law","url":"https:\/\/valloni.ch\/","logo":{"@type":"ImageObject","inLanguage":"de","@id":"https:\/\/valloni.ch\/#\/schema\/logo\/image\/","url":"https:\/\/valloni.ch\/wp-content\/uploads\/2025\/08\/Valloni_negative_NoPayoff_RGB-scaled.png","contentUrl":"https:\/\/valloni.ch\/wp-content\/uploads\/2025\/08\/Valloni_negative_NoPayoff_RGB-scaled.png","width":2560,"height":1810,"caption":"VALLONI Attorneys at Law"},"image":{"@id":"https:\/\/valloni.ch\/#\/schema\/logo\/image\/"},"sameAs":["https:\/\/x.com\/lucienvalloni?s=21&t=gsdDE--5p_Q9GnLZfeueXg","https:\/\/www.linkedin.com\/company\/valloni-attorneys-at-law\/?viewAsMember=true"]}]}},"_links":{"self":[{"href":"https:\/\/valloni.ch\/de\/wp-json\/wp\/v2\/pages\/23396","targetHints":{"allow":["GET"]}}],"collection":[{"href":"https:\/\/valloni.ch\/de\/wp-json\/wp\/v2\/pages"}],"about":[{"href":"https:\/\/valloni.ch\/de\/wp-json\/wp\/v2\/types\/page"}],"author":[{"embeddable":true,"href":"https:\/\/valloni.ch\/de\/wp-json\/wp\/v2\/users\/1"}],"replies":[{"embeddable":true,"href":"https:\/\/valloni.ch\/de\/wp-json\/wp\/v2\/comments?post=23396"}],"version-history":[{"count":4,"href":"https:\/\/valloni.ch\/de\/wp-json\/wp\/v2\/pages\/23396\/revisions"}],"predecessor-version":[{"id":23468,"href":"https:\/\/valloni.ch\/de\/wp-json\/wp\/v2\/pages\/23396\/revisions\/23468"}],"wp:attachment":[{"href":"https:\/\/valloni.ch\/de\/wp-json\/wp\/v2\/media?parent=23396"}],"curies":[{"name":"wp","href":"https:\/\/api.w.org\/{rel}","templated":true}]}}