{"id":23360,"date":"2025-02-03T09:37:31","date_gmt":"2025-02-03T08:37:31","guid":{"rendered":"https:\/\/valloni.ch\/?page_id=23360"},"modified":"2025-02-03T16:20:55","modified_gmt":"2025-02-03T15:20:55","slug":"italian-desk","status":"publish","type":"page","link":"https:\/\/valloni.ch\/de\/italian-desk\/","title":{"rendered":"Italian Desk"},"content":{"rendered":"<div class=\"wpb-content-wrapper\"><p>[vc_row row_type=&#8220;row&#8220; use_row_as_full_screen_section=&#8220;no&#8220; type=&#8220;grid&#8220; anchor=&#8220;about&#8220; text_align=&#8220;left&#8220; background_animation=&#8220;none&#8220; padding_top=&#8220;80&#8243; padding_bottom=&#8220;80&#8243; css_animation=&#8220;&#8220; css=&#8220;.vc_custom_1620631489554{margin-top: 50px !important;}&#8220;][vc_column][vc_column_text css=&#8220;&#8220;]<\/p>\n<h6>ITALIAN DESK<\/h6>\n<p>[\/vc_column_text][vc_column_text css=&#8220;.vc_custom_1738596051218{margin-top: 10px !important;margin-bottom: 10px !important;}&#8220;]Unser Italian Desk dient als wichtiger Ansprechpartner f\u00fcr Unternehmen und Privatpersonen, die rechtliche Unterst\u00fctzung im italienischen Recht ben\u00f6tigen. Mit einem Team von hochqualifizierten internen Fachleuten, die sowohl in Italien als auch in der Schweiz zur Aus\u00fcbung des Rechts zugelassen sind, bieten wir umfassende rechtliche Beratung und Unterst\u00fctzung, ohne auf externe Fachleute angewiesen zu sein. Wir decken alle Rechtsgebiete ab, mit besonderem Schwerpunkt auf Unternehmensrecht, Handelsrecht, Steuerrecht, Finanzrecht, Immobilienrecht, Erbrecht, Arbeitsrecht, Prozessrecht und Strafrecht.<\/p>\n<p>Wir sind direkt in Italien mit unserem B\u00fcro in Mailand und in der Schweiz mit unserem B\u00fcro in Z\u00fcrich t\u00e4tig, um unseren Mandanten einen strategischen Ansprechpartner f\u00fcr alle ihre rechtlichen Bed\u00fcrfnisse zu bieten.<\/p>\n<p>Dar\u00fcber hinaus haben wir unsere internationale Expertise im Arbeitsrecht durch eine strategische Partnerschaft mit Nius Legal und HR Solutions (<a href=\"https:\/\/niuslex.com\/collaborazione-studio-legale-valloni\/\" target=\"_blank\" rel=\"noopener\">https:\/\/niuslex.com\/collaborazione-studio-legale-valloni\/<\/a>), einer f\u00fchrenden Kanzlei mit Sitz in Mailand, gest\u00e4rkt.<\/p>\n<p>Diese Partnerschaft verbessert unsere F\u00e4higkeit, erstklassige rechtliche Dienstleistungen zu erbringen, insbesondere im internationalen Arbeitsrecht und im Bereich der Gewerkschaftsrechte, und verst\u00e4rkt unser Engagement, anspruchsvolle, ma\u00dfgeschneiderte rechtliche L\u00f6sungen anzubieten.<\/p>\n<p>Unser Ziel ist es, pragmatische, personalisierte und zeitnahe rechtliche Unterst\u00fctzung zu bieten, grenz\u00fcberschreitende Transaktionen zu erleichtern und eine fundierte, effektive Unterst\u00fctzung in allen Bereichen des italienischen Rechts zu gew\u00e4hrleisten.[\/vc_column_text][\/vc_column][\/vc_row][vc_row row_type=&#8220;row&#8220; use_row_as_full_screen_section=&#8220;no&#8220; type=&#8220;grid&#8220; text_align=&#8220;left&#8220; background_animation=&#8220;none&#8220; css_animation=&#8220;&#8220; css=&#8220;.vc_custom_1738572861512{margin-bottom: 50px !important;}&#8220;][vc_column width=&#8220;1\/2&#8243;][vc_column_text css=&#8220;&#8220;]<\/p>\n<p style=\"text-align: center;\"><strong>ATTORNEY AT LAW | HEAD OF ITALIAN DESK<\/strong><br \/>\n<strong>Sara Botti<\/strong><\/p>\n<p>[\/vc_column_text][vc_single_image image=&#8220;22135&#8243; img_size=&#8220;full&#8220; alignment=&#8220;center&#8220; css=&#8220;.vc_custom_1738572493490{margin-top: 30px !important;}&#8220; qode_css_animation=&#8220;&#8220;][vc_column_text css=&#8220;.vc_custom_1738574341266{margin-top: 30px !important;}&#8220;]<\/p>\n<p style=\"text-align: center;\"><strong>D <a href=\"tel:0041445150232\">+41 44 515 02 32<\/a><\/strong><br \/>\n<strong><a href=\"mailto:botti@valloni.ch\">botti@valloni.ch<\/a><\/strong><\/p>\n<p>[\/vc_column_text][\/vc_column][vc_column width=&#8220;1\/2&#8243;][vc_column_text css=&#8220;&#8220;]<\/p>\n<p style=\"text-align: center;\"><strong>MANAGING PARTNER | Attorney at Law<\/strong><br \/>\n<strong>Dr. Lucien W. Valloni<\/strong><\/p>\n<p>[\/vc_column_text][vc_single_image image=&#8220;22604&#8243; img_size=&#8220;full&#8220; alignment=&#8220;center&#8220; css=&#8220;.vc_custom_1738572501914{margin-top: 30px !important;}&#8220; qode_css_animation=&#8220;&#8220;][vc_column_text css=&#8220;.vc_custom_1738574348433{margin-top: 30px !important;}&#8220;]<\/p>\n<p style=\"text-align: center;\"><strong>D <a href=\"tel:0041445150233\">+41 44 515 02 33<\/a>\u00a0 M <a href=\"tel:0041763880990\">+41 76 388 09 90<\/a><\/strong><br \/>\n<strong><a href=\"mailto:valloni@valloni.ch\">valloni@valloni.ch<\/a><\/strong><\/p>\n<p>[\/vc_column_text][\/vc_column][\/vc_row]<\/p>\n<\/div>","protected":false},"excerpt":{"rendered":"<p>[vc_row row_type=&#8220;row&#8220; use_row_as_full_screen_section=&#8220;no&#8220; type=&#8220;grid&#8220; anchor=&#8220;about&#8220; text_align=&#8220;left&#8220; background_animation=&#8220;none&#8220; padding_top=&#8220;80&#8243; padding_bottom=&#8220;80&#8243; css_animation=&#8220;&#8220; css=&#8220;.vc_custom_1620631489554{margin-top: 50px !important;}&#8220;][vc_column][vc_column_text css=&#8220;&#8220;] ITALIAN DESK [\/vc_column_text][vc_column_text css=&#8220;.vc_custom_1738596051218{margin-top: 10px !important;margin-bottom: 10px !important;}&#8220;]Unser Italian Desk dient als wichtiger Ansprechpartner f\u00fcr Unternehmen und Privatpersonen, die rechtliche Unterst\u00fctzung im italienischen Recht ben\u00f6tigen. Mit einem Team von hochqualifizierten internen&#8230;<\/p>\n","protected":false},"author":1,"featured_media":0,"parent":0,"menu_order":0,"comment_status":"open","ping_status":"open","template":"full_width.php","meta":{"inline_featured_image":false,"footnotes":""},"class_list":["post-23360","page","type-page","status-publish","hentry"],"yoast_head":"<!-- This site is optimized with the Yoast SEO plugin v27.4 - https:\/\/yoast.com\/product\/yoast-seo-wordpress\/ -->\n<title>Italian Desk - Valloni<\/title>\n<meta name=\"robots\" content=\"index, follow, max-snippet:-1, max-image-preview:large, max-video-preview:-1\" \/>\n<link rel=\"canonical\" href=\"https:\/\/valloni.ch\/de\/italian-desk\/\" \/>\n<meta property=\"og:locale\" content=\"de_DE\" \/>\n<meta property=\"og:type\" content=\"article\" \/>\n<meta property=\"og:title\" content=\"Italian Desk - Valloni\" \/>\n<meta property=\"og:description\" content=\"[vc_row row_type=&#8220;row&#8220; use_row_as_full_screen_section=&#8220;no&#8220; type=&#8220;grid&#8220; anchor=&#8220;about&#8220; text_align=&#8220;left&#8220; background_animation=&#8220;none&#8220; padding_top=&#8220;80&#8243; padding_bottom=&#8220;80&#8243; css_animation=&#8220;&#8220; css=&#8220;.vc_custom_1620631489554{margin-top: 50px !important;}&#8220;][vc_column][vc_column_text css=&#8220;&#8220;] ITALIAN DESK [\/vc_column_text][vc_column_text css=&#8220;.vc_custom_1738596051218{margin-top: 10px !important;margin-bottom: 10px !important;}&#8220;]Unser Italian Desk dient als wichtiger Ansprechpartner f\u00fcr Unternehmen und Privatpersonen, die rechtliche Unterst\u00fctzung im italienischen Recht ben\u00f6tigen. Mit einem Team von hochqualifizierten internen...\" \/>\n<meta property=\"og:url\" content=\"https:\/\/valloni.ch\/de\/italian-desk\/\" \/>\n<meta property=\"og:site_name\" content=\"Valloni\" \/>\n<meta property=\"article:publisher\" content=\"https:\/\/x.com\/lucienvalloni?s=21&amp;t=gsdDE--5p_Q9GnLZfeueXg\" \/>\n<meta property=\"article:modified_time\" content=\"2025-02-03T15:20:55+00:00\" \/>\n<meta property=\"og:image\" content=\"https:\/\/valloni.ch\/wp-content\/uploads\/2025\/08\/Valloni_negative_NoPayoff_RGB-scaled.png\" \/>\n\t<meta property=\"og:image:width\" content=\"2560\" \/>\n\t<meta property=\"og:image:height\" content=\"1810\" \/>\n\t<meta property=\"og:image:type\" content=\"image\/png\" \/>\n<meta name=\"twitter:card\" content=\"summary_large_image\" \/>\n<meta name=\"twitter:label1\" content=\"Gesch\u00e4tzte Lesezeit\" \/>\n\t<meta name=\"twitter:data1\" content=\"2\u00a0Minuten\" \/>\n<!-- \/ Yoast SEO plugin. -->","yoast_head_json":{"title":"Italian Desk - Valloni","robots":{"index":"index","follow":"follow","max-snippet":"max-snippet:-1","max-image-preview":"max-image-preview:large","max-video-preview":"max-video-preview:-1"},"canonical":"https:\/\/valloni.ch\/de\/italian-desk\/","og_locale":"de_DE","og_type":"article","og_title":"Italian Desk - Valloni","og_description":"[vc_row row_type=&#8220;row&#8220; use_row_as_full_screen_section=&#8220;no&#8220; type=&#8220;grid&#8220; anchor=&#8220;about&#8220; text_align=&#8220;left&#8220; background_animation=&#8220;none&#8220; padding_top=&#8220;80&#8243; padding_bottom=&#8220;80&#8243; css_animation=&#8220;&#8220; css=&#8220;.vc_custom_1620631489554{margin-top: 50px !important;}&#8220;][vc_column][vc_column_text css=&#8220;&#8220;] ITALIAN DESK [\/vc_column_text][vc_column_text css=&#8220;.vc_custom_1738596051218{margin-top: 10px !important;margin-bottom: 10px !important;}&#8220;]Unser Italian Desk dient als wichtiger Ansprechpartner f\u00fcr Unternehmen und Privatpersonen, die rechtliche Unterst\u00fctzung im italienischen Recht ben\u00f6tigen. Mit einem Team von hochqualifizierten internen...","og_url":"https:\/\/valloni.ch\/de\/italian-desk\/","og_site_name":"Valloni","article_publisher":"https:\/\/x.com\/lucienvalloni?s=21&t=gsdDE--5p_Q9GnLZfeueXg","article_modified_time":"2025-02-03T15:20:55+00:00","og_image":[{"width":2560,"height":1810,"url":"https:\/\/valloni.ch\/wp-content\/uploads\/2025\/08\/Valloni_negative_NoPayoff_RGB-scaled.png","type":"image\/png"}],"twitter_card":"summary_large_image","twitter_misc":{"Gesch\u00e4tzte Lesezeit":"2\u00a0Minuten"},"schema":{"@context":"https:\/\/schema.org","@graph":[{"@type":"WebPage","@id":"https:\/\/valloni.ch\/de\/italian-desk\/","url":"https:\/\/valloni.ch\/de\/italian-desk\/","name":"Italian Desk - Valloni","isPartOf":{"@id":"https:\/\/valloni.ch\/#website"},"datePublished":"2025-02-03T08:37:31+00:00","dateModified":"2025-02-03T15:20:55+00:00","breadcrumb":{"@id":"https:\/\/valloni.ch\/de\/italian-desk\/#breadcrumb"},"inLanguage":"de","potentialAction":[{"@type":"ReadAction","target":["https:\/\/valloni.ch\/de\/italian-desk\/"]}]},{"@type":"BreadcrumbList","@id":"https:\/\/valloni.ch\/de\/italian-desk\/#breadcrumb","itemListElement":[{"@type":"ListItem","position":1,"name":"Home","item":"https:\/\/valloni.ch\/de\/"},{"@type":"ListItem","position":2,"name":"Italian Desk"}]},{"@type":"WebSite","@id":"https:\/\/valloni.ch\/#website","url":"https:\/\/valloni.ch\/","name":"Valloni","description":"Attorneys at Law | Rechtsanw\u00e4lte","publisher":{"@id":"https:\/\/valloni.ch\/#organization"},"potentialAction":[{"@type":"SearchAction","target":{"@type":"EntryPoint","urlTemplate":"https:\/\/valloni.ch\/?s={search_term_string}"},"query-input":{"@type":"PropertyValueSpecification","valueRequired":true,"valueName":"search_term_string"}}],"inLanguage":"de"},{"@type":"Organization","@id":"https:\/\/valloni.ch\/#organization","name":"VALLONI Attorneys at Law","url":"https:\/\/valloni.ch\/","logo":{"@type":"ImageObject","inLanguage":"de","@id":"https:\/\/valloni.ch\/#\/schema\/logo\/image\/","url":"https:\/\/valloni.ch\/wp-content\/uploads\/2025\/08\/Valloni_negative_NoPayoff_RGB-scaled.png","contentUrl":"https:\/\/valloni.ch\/wp-content\/uploads\/2025\/08\/Valloni_negative_NoPayoff_RGB-scaled.png","width":2560,"height":1810,"caption":"VALLONI Attorneys at Law"},"image":{"@id":"https:\/\/valloni.ch\/#\/schema\/logo\/image\/"},"sameAs":["https:\/\/x.com\/lucienvalloni?s=21&t=gsdDE--5p_Q9GnLZfeueXg","https:\/\/www.linkedin.com\/company\/valloni-attorneys-at-law\/?viewAsMember=true"]}]}},"_links":{"self":[{"href":"https:\/\/valloni.ch\/de\/wp-json\/wp\/v2\/pages\/23360","targetHints":{"allow":["GET"]}}],"collection":[{"href":"https:\/\/valloni.ch\/de\/wp-json\/wp\/v2\/pages"}],"about":[{"href":"https:\/\/valloni.ch\/de\/wp-json\/wp\/v2\/types\/page"}],"author":[{"embeddable":true,"href":"https:\/\/valloni.ch\/de\/wp-json\/wp\/v2\/users\/1"}],"replies":[{"embeddable":true,"href":"https:\/\/valloni.ch\/de\/wp-json\/wp\/v2\/comments?post=23360"}],"version-history":[{"count":15,"href":"https:\/\/valloni.ch\/de\/wp-json\/wp\/v2\/pages\/23360\/revisions"}],"predecessor-version":[{"id":23462,"href":"https:\/\/valloni.ch\/de\/wp-json\/wp\/v2\/pages\/23360\/revisions\/23462"}],"wp:attachment":[{"href":"https:\/\/valloni.ch\/de\/wp-json\/wp\/v2\/media?parent=23360"}],"curies":[{"name":"wp","href":"https:\/\/api.w.org\/{rel}","templated":true}]}}