{"id":22495,"date":"2024-05-03T10:25:14","date_gmt":"2024-05-03T08:25:14","guid":{"rendered":"https:\/\/valloni.ch\/?page_id=22495"},"modified":"2024-09-25T09:57:34","modified_gmt":"2024-09-25T07:57:34","slug":"ian-blackshaw","status":"publish","type":"page","link":"https:\/\/valloni.ch\/de\/ian-blackshaw\/","title":{"rendered":"IAN BLACKSHAW"},"content":{"rendered":"<div class=\"wpb-content-wrapper\"><p>[vc_row row_type=&#8220;row&#8220; use_row_as_full_screen_section=&#8220;no&#8220; type=&#8220;grid&#8220; text_align=&#8220;left&#8220; background_animation=&#8220;none&#8220; padding_top=&#8220;0&#8243; css_animation=&#8220;&#8220; css=&#8220;.vc_custom_1703748745816{margin-top: 75px !important;margin-bottom: 50px !important;}&#8220;][vc_column width=&#8220;1\/2&#8243;][vc_column_text css=&#8220;.vc_custom_1727251036027{margin-top: 50px !important;}&#8220;]<\/p>\n<h2>PROFESSOR DR. IAN BLACKSHAW<\/h2>\n<p>[\/vc_column_text][vc_empty_space][vc_column_text css=&#8220;&#8220;]<strong>Professor Dr. Ian Blackshaw ist internationaler Sportjurist und ehemaliger Vizepr\u00e4sident f\u00fcr Rechtsangelegenheiten der ISL Sports Marketing Group in Luzern, Schweiz.<br \/>\nEr ist als Anwalt am Obersten Gerichtshof von England und Wales zugelassen und hat einen Master-Abschluss in internationalem Sportrecht sowie einen Doktortitel in Rechtswissenschaften von der Anglia Ruskin University (ARU) in Cambridge, Gro\u00dfbritannien, wo er Gastprofessor und Gr\u00fcndungsmitglied der ARU International Law Unit ist.<\/strong>[\/vc_column_text][vc_empty_space][vc_column_text css=&#8220;&#8220;]Er hat internationales Sportrecht am Wolfson College Cambridge, Gro\u00dfbritannien, und internationales Sportschiedsverfahren an der Seoul National University, S\u00fcdkorea, unterrichtet.<\/p>\n<p>Er ist au\u00dferdem Mitglied des Beirats des Mediationszentrums an der Canterbury Christ Church University, Vereinigtes K\u00f6nigreich.<\/p>\n<p>Er ist Gastprofessor an den Universit\u00e4ten von Pretoria und Johannesburg und Gaststipendiat am renommierten Adams &amp; Adams Centre for Intellectual Property Law an der Universit\u00e4t von Pretoria, S\u00fcdafrika.<\/p>\n<p>Er war au\u00dferdem Gastprofessor an der AISTS (International Academy of Sports Science and Technology) in Lausanne, Schweiz.<\/p>\n<p>Er ist Mitglied des Schiedsgerichts f\u00fcr Sport in Lausanne, Schweiz, Mitglied des Expert Dispute Resolution Panel von EQUESTES in den Niederlanden und Mitglied des Schieds- und Schlichtungszentrums der Weltorganisation f\u00fcr geistiges Eigentum (WIPO) in Genf, Schweiz, wo er in den WIPO-Panels \u00fcber \u201eDomain Name Disputes\u201c entscheidet. Er erstellt auch \u201eGutachten\u201c zum internationalen Sportrecht.<\/p>\n<p>Er ist Gr\u00fcndungsmitglied der Integrit\u00e4tsabteilung des Internationalen Bobverbands in Lausanne, Schweiz.<\/p>\n<p>Er ist au\u00dferdem ein produktiver Autor von Artikeln f\u00fcr mehrere internationale Rechtszeitschriften, darunter das Entertainment and Sports Law Journal, der World Sports Law Report, das IBA Business Law International Journal, der European Lawyer, die Marquette Sports Law Review und das Journal of Global Sport Management . Dar\u00fcber hinaus ist er Autor mehrerer B\u00fccher zum Thema Sportrecht, von denen viele Teil der Asser International Sports Law Series sind, darunter B\u00fccher zu den Themen \u201eSports Image Rights\u201c, \u201eSport and TV Rights\u201c, \u201eSport Mediation and Arbitration\u201c, \u201eSports Marketing Agreements: The Legal, Fiscal and Practical Aspects\u201c und \u201eInternational Sports Law: An Introductory Guide\u201c.<\/p>\n<p>Er hat Kapitel zum Thema \u201eSports Arbitration\u201c in dem von Kluwer Law International, Niederlande, ver\u00f6ffentlichten Buch \u201eAccess to Justice in Arbitration\u201c und zum Thema \u201eMediating Sports Disputes\u201c in der zweiten Auflage des von Edward Elgar Publishing, Gro\u00dfbritannien, ver\u00f6ffentlichten Buchs \u201eHandbook on International Sports Law\u201c verfasst.<\/p>\n<p>Er ist au\u00dferdem Mitautor des TMC Asser Yearbook on International Sports Law Arbitration und des Kapitels \u00fcber Sportrecht im \u201eNew Oxford Companion to Law\u201c sowie in der \u201eTimes\u201c (London) und im \u201eNew Law Journal\u201c.<\/p>\n<p>Er ist au\u00dferdem beratender Redakteur von \u201eSports Law and Taxation\u201c (offizielle Website: www.sportslawandtaxation.com).<\/p>\n<p>Er ist au\u00dferdem Vorsitzender und Referent bei internationalen Sportrechtskonferenzen und -seminaren im Vereinigten K\u00f6nigreich und in vielen anderen Teilen der Welt.<\/p>\n<p>&nbsp;<\/p>\n<p>D <a href=\"tel:0041445150238\">+41 44 515 02 38<\/a><br \/>\n<a href=\"mailto:blackshaw@valloni.ch\">blackshaw@valloni.ch<\/a>[\/vc_column_text][vc_empty_space height=&#8220;10px&#8220;][\/vc_column][vc_column width=&#8220;1\/2&#8243;][vc_single_image image=&#8220;22619&#8243; img_size=&#8220;full&#8220; css=&#8220;&#8220; qode_css_animation=&#8220;element_from_right&#8220; transition_delay=&#8220;1&#8243;][vc_empty_space][\/vc_column][\/vc_row][vc_column][\/vc_column]<\/p>\n<\/div>","protected":false},"excerpt":{"rendered":"<p>[vc_row row_type=&#8220;row&#8220; use_row_as_full_screen_section=&#8220;no&#8220; type=&#8220;grid&#8220; text_align=&#8220;left&#8220; background_animation=&#8220;none&#8220; padding_top=&#8220;0&#8243; css_animation=&#8220;&#8220; css=&#8220;.vc_custom_1703748745816{margin-top: 75px !important;margin-bottom: 50px !important;}&#8220;][vc_column width=&#8220;1\/2&#8243;][vc_column_text css=&#8220;.vc_custom_1727251036027{margin-top: 50px !important;}&#8220;] PROFESSOR DR. IAN BLACKSHAW [\/vc_column_text][vc_empty_space][vc_column_text css=&#8220;&#8220;]Professor Dr. Ian Blackshaw ist internationaler Sportjurist und ehemaliger Vizepr\u00e4sident f\u00fcr Rechtsangelegenheiten der ISL Sports Marketing Group in Luzern, Schweiz. Er ist als&#8230;<\/p>\n","protected":false},"author":1,"featured_media":0,"parent":0,"menu_order":0,"comment_status":"open","ping_status":"closed","template":"","meta":{"inline_featured_image":false,"footnotes":""},"class_list":["post-22495","page","type-page","status-publish","hentry"],"yoast_head":"<!-- This site is optimized with the Yoast SEO plugin v27.4 - https:\/\/yoast.com\/product\/yoast-seo-wordpress\/ -->\n<title>IAN BLACKSHAW - Valloni<\/title>\n<meta name=\"robots\" content=\"index, follow, max-snippet:-1, max-image-preview:large, max-video-preview:-1\" \/>\n<link rel=\"canonical\" href=\"https:\/\/valloni.ch\/de\/ian-blackshaw\/\" \/>\n<meta property=\"og:locale\" content=\"de_DE\" \/>\n<meta property=\"og:type\" content=\"article\" \/>\n<meta property=\"og:title\" content=\"IAN BLACKSHAW - Valloni\" \/>\n<meta property=\"og:description\" content=\"[vc_row row_type=&#8220;row&#8220; use_row_as_full_screen_section=&#8220;no&#8220; type=&#8220;grid&#8220; text_align=&#8220;left&#8220; background_animation=&#8220;none&#8220; padding_top=&#8220;0&#8243; css_animation=&#8220;&#8220; css=&#8220;.vc_custom_1703748745816{margin-top: 75px !important;margin-bottom: 50px !important;}&#8220;][vc_column width=&#8220;1\/2&#8243;][vc_column_text css=&#8220;.vc_custom_1727251036027{margin-top: 50px !important;}&#8220;] PROFESSOR DR. IAN BLACKSHAW [\/vc_column_text][vc_empty_space][vc_column_text css=&#8220;&#8220;]Professor Dr. Ian Blackshaw ist internationaler Sportjurist und ehemaliger Vizepr\u00e4sident f\u00fcr Rechtsangelegenheiten der ISL Sports Marketing Group in Luzern, Schweiz. Er ist als...\" \/>\n<meta property=\"og:url\" content=\"https:\/\/valloni.ch\/de\/ian-blackshaw\/\" \/>\n<meta property=\"og:site_name\" content=\"Valloni\" \/>\n<meta property=\"article:publisher\" content=\"https:\/\/x.com\/lucienvalloni?s=21&amp;t=gsdDE--5p_Q9GnLZfeueXg\" \/>\n<meta property=\"article:modified_time\" content=\"2024-09-25T07:57:34+00:00\" \/>\n<meta property=\"og:image\" content=\"https:\/\/valloni.ch\/wp-content\/uploads\/2025\/08\/Valloni_negative_NoPayoff_RGB-scaled.png\" \/>\n\t<meta property=\"og:image:width\" content=\"2560\" \/>\n\t<meta property=\"og:image:height\" content=\"1810\" \/>\n\t<meta property=\"og:image:type\" content=\"image\/png\" \/>\n<meta name=\"twitter:card\" content=\"summary_large_image\" \/>\n<meta name=\"twitter:label1\" content=\"Gesch\u00e4tzte Lesezeit\" \/>\n\t<meta name=\"twitter:data1\" content=\"3\u00a0Minuten\" \/>\n<!-- \/ Yoast SEO plugin. -->","yoast_head_json":{"title":"IAN BLACKSHAW - Valloni","robots":{"index":"index","follow":"follow","max-snippet":"max-snippet:-1","max-image-preview":"max-image-preview:large","max-video-preview":"max-video-preview:-1"},"canonical":"https:\/\/valloni.ch\/de\/ian-blackshaw\/","og_locale":"de_DE","og_type":"article","og_title":"IAN BLACKSHAW - Valloni","og_description":"[vc_row row_type=&#8220;row&#8220; use_row_as_full_screen_section=&#8220;no&#8220; type=&#8220;grid&#8220; text_align=&#8220;left&#8220; background_animation=&#8220;none&#8220; padding_top=&#8220;0&#8243; css_animation=&#8220;&#8220; css=&#8220;.vc_custom_1703748745816{margin-top: 75px !important;margin-bottom: 50px !important;}&#8220;][vc_column width=&#8220;1\/2&#8243;][vc_column_text css=&#8220;.vc_custom_1727251036027{margin-top: 50px !important;}&#8220;] PROFESSOR DR. IAN BLACKSHAW [\/vc_column_text][vc_empty_space][vc_column_text css=&#8220;&#8220;]Professor Dr. Ian Blackshaw ist internationaler Sportjurist und ehemaliger Vizepr\u00e4sident f\u00fcr Rechtsangelegenheiten der ISL Sports Marketing Group in Luzern, Schweiz. Er ist als...","og_url":"https:\/\/valloni.ch\/de\/ian-blackshaw\/","og_site_name":"Valloni","article_publisher":"https:\/\/x.com\/lucienvalloni?s=21&t=gsdDE--5p_Q9GnLZfeueXg","article_modified_time":"2024-09-25T07:57:34+00:00","og_image":[{"width":2560,"height":1810,"url":"https:\/\/valloni.ch\/wp-content\/uploads\/2025\/08\/Valloni_negative_NoPayoff_RGB-scaled.png","type":"image\/png"}],"twitter_card":"summary_large_image","twitter_misc":{"Gesch\u00e4tzte Lesezeit":"3\u00a0Minuten"},"schema":{"@context":"https:\/\/schema.org","@graph":[{"@type":"WebPage","@id":"https:\/\/valloni.ch\/de\/ian-blackshaw\/","url":"https:\/\/valloni.ch\/de\/ian-blackshaw\/","name":"IAN BLACKSHAW - Valloni","isPartOf":{"@id":"https:\/\/valloni.ch\/#website"},"datePublished":"2024-05-03T08:25:14+00:00","dateModified":"2024-09-25T07:57:34+00:00","breadcrumb":{"@id":"https:\/\/valloni.ch\/de\/ian-blackshaw\/#breadcrumb"},"inLanguage":"de","potentialAction":[{"@type":"ReadAction","target":["https:\/\/valloni.ch\/de\/ian-blackshaw\/"]}]},{"@type":"BreadcrumbList","@id":"https:\/\/valloni.ch\/de\/ian-blackshaw\/#breadcrumb","itemListElement":[{"@type":"ListItem","position":1,"name":"Home","item":"https:\/\/valloni.ch\/de\/"},{"@type":"ListItem","position":2,"name":"IAN BLACKSHAW"}]},{"@type":"WebSite","@id":"https:\/\/valloni.ch\/#website","url":"https:\/\/valloni.ch\/","name":"Valloni","description":"Attorneys at Law | Rechtsanw\u00e4lte","publisher":{"@id":"https:\/\/valloni.ch\/#organization"},"potentialAction":[{"@type":"SearchAction","target":{"@type":"EntryPoint","urlTemplate":"https:\/\/valloni.ch\/?s={search_term_string}"},"query-input":{"@type":"PropertyValueSpecification","valueRequired":true,"valueName":"search_term_string"}}],"inLanguage":"de"},{"@type":"Organization","@id":"https:\/\/valloni.ch\/#organization","name":"VALLONI Attorneys at Law","url":"https:\/\/valloni.ch\/","logo":{"@type":"ImageObject","inLanguage":"de","@id":"https:\/\/valloni.ch\/#\/schema\/logo\/image\/","url":"https:\/\/valloni.ch\/wp-content\/uploads\/2025\/08\/Valloni_negative_NoPayoff_RGB-scaled.png","contentUrl":"https:\/\/valloni.ch\/wp-content\/uploads\/2025\/08\/Valloni_negative_NoPayoff_RGB-scaled.png","width":2560,"height":1810,"caption":"VALLONI Attorneys at Law"},"image":{"@id":"https:\/\/valloni.ch\/#\/schema\/logo\/image\/"},"sameAs":["https:\/\/x.com\/lucienvalloni?s=21&t=gsdDE--5p_Q9GnLZfeueXg","https:\/\/www.linkedin.com\/company\/valloni-attorneys-at-law\/?viewAsMember=true"]}]}},"_links":{"self":[{"href":"https:\/\/valloni.ch\/de\/wp-json\/wp\/v2\/pages\/22495","targetHints":{"allow":["GET"]}}],"collection":[{"href":"https:\/\/valloni.ch\/de\/wp-json\/wp\/v2\/pages"}],"about":[{"href":"https:\/\/valloni.ch\/de\/wp-json\/wp\/v2\/types\/page"}],"author":[{"embeddable":true,"href":"https:\/\/valloni.ch\/de\/wp-json\/wp\/v2\/users\/1"}],"replies":[{"embeddable":true,"href":"https:\/\/valloni.ch\/de\/wp-json\/wp\/v2\/comments?post=22495"}],"version-history":[{"count":9,"href":"https:\/\/valloni.ch\/de\/wp-json\/wp\/v2\/pages\/22495\/revisions"}],"predecessor-version":[{"id":22621,"href":"https:\/\/valloni.ch\/de\/wp-json\/wp\/v2\/pages\/22495\/revisions\/22621"}],"wp:attachment":[{"href":"https:\/\/valloni.ch\/de\/wp-json\/wp\/v2\/media?parent=22495"}],"curies":[{"name":"wp","href":"https:\/\/api.w.org\/{rel}","templated":true}]}}