{"id":22368,"date":"2023-12-28T08:38:46","date_gmt":"2023-12-28T07:38:46","guid":{"rendered":"https:\/\/valloni.ch\/?page_id=22368"},"modified":"2024-01-12T17:11:38","modified_gmt":"2024-01-12T16:11:38","slug":"dr-estelle-ivanova","status":"publish","type":"page","link":"https:\/\/valloni.ch\/de\/dr-estelle-ivanova\/","title":{"rendered":"Estelle Ivanova"},"content":{"rendered":"<div class=\"wpb-content-wrapper\"><p>[vc_row row_type=&#8220;row&#8220; use_row_as_full_screen_section=&#8220;no&#8220; type=&#8220;grid&#8220; text_align=&#8220;left&#8220; background_animation=&#8220;none&#8220; padding_top=&#8220;0&#8243; css_animation=&#8220;&#8220; css=&#8220;.vc_custom_1703748745816{margin-top: 75px !important;margin-bottom: 50px !important;}&#8220;][vc_column width=&#8220;1\/2&#8243;][vc_column_text css=&#8220;.vc_custom_1704105560841{margin-top: 50px !important;}&#8220;]<\/p>\n<h2 class=\"\">Dr. Estelle Ivanova<\/h2>\n<p>[\/vc_column_text][vc_empty_space][vc_column_text]<strong>Estelle Ivanova ist eine franz\u00f6sische Anw\u00e4ltin und Mediatorin. Sie ber\u00e4t Klienten in grenz\u00fcberschreitenden Angelegenheiten in schweizerischen und franz\u00f6sischen Verfahren. Estelle Ivanova ist bestrebt, einvernehmliche L\u00f6sungen herbeizuf\u00fchren, und begleitet die Parteien bei Mediationen.<\/strong>[\/vc_column_text][vc_empty_space][vc_column_text]Ihre Prozesspraxis konzentriert sich auf das Verwaltungs- und allgemeine Vertragsrecht. Dar\u00fcber hinaus verf\u00fcgt sie \u00fcber umfassende Kenntnisse in den Bereichen Menschenrechtsschutz, Immobilienrecht und Sportrecht. Sie vertritt Klienten auch vor franz\u00f6sischen Gerichten und Verwaltungsbeh\u00f6rden. Sie spricht Franz\u00f6sisch, Englisch und Bulgarisch.<\/p>\n<p>Estelle Ivanova hat einen Doktortitel in internationalem und europ\u00e4ischem Recht der Universit\u00e4t Paris 1 Panth\u00e9on-Sorbonne sowie einen CAS in Regelation of Global Sport der Universit\u00e4t Lausanne.<\/p>\n<p>&nbsp;<\/p>\n<p>D <a class=\"linknero\" href=\"tel:0041445150236\">+41 44 515 02 36<\/a><br \/>\n<a class=\"linknero\" href=\"mailto:ivanova@valloni.ch\">ivanova@valloni.ch<\/a>[\/vc_column_text][vc_empty_space height=&#8220;10px&#8220;][\/vc_column][vc_column width=&#8220;1\/2&#8243;][vc_single_image image=&#8220;22371&#8243; img_size=&#8220;full&#8220; qode_css_animation=&#8220;element_from_right&#8220; transition_delay=&#8220;1&#8243;][vc_empty_space][\/vc_column][\/vc_row][vc_row row_type=&#8220;row&#8220; use_row_as_full_screen_section=&#8220;no&#8220; type=&#8220;grid&#8220; text_align=&#8220;left&#8220; background_animation=&#8220;none&#8220; padding_top=&#8220;0&#8243; css_animation=&#8220;&#8220; css=&#8220;.vc_custom_1624882332512{margin-top: 80px !important;margin-bottom: 50px !important;}&#8220;][vc_column width=&#8220;1\/2&#8243;][vc_column_text]<strong>Curriculum Vitae<\/strong><\/p>\n<ul class=\"rientro\">\n<li>Of Counsel and Head French Law Practice Group with VALLONI Attorneys at Law (since 2024)<\/li>\n<li>2023 CAS in Regulation of Global Sport, University of Lausanne, Switzerland.<\/li>\n<li>Legal Internship (23\/08\/2005-7\/10\/2005), Alfred James &amp; Co Solicitors LLP, South Croydon, England.<\/li>\n<li>2018 \u2013 2019 Lecturer, Co\u0302te d\u2019Azur University and Le Mans University, France.<\/li>\n<li>2018 PhD in International and European Law, Paris 1 Pantheon &#8211; Sorbonne University, France.<\/li>\n<li>2017 Diploma in Mediation, IFOMENE, Catholic University of Paris, France.<\/li>\n<li>2016 \u2013 2018 Temporary Research Assistant and Assistant Lecturer (ATER), Le Mans University, France.<\/li>\n<li>2012 \u2013 2016 Lecturer, Pantheon-Assas University, Pantheon-Sorbonne University and University of Versailles, France.<\/li>\n<li>01\/03\/2012- Present Independent Attorney-at-Law at the Paris Bar &amp; Mediator<\/li>\n<li>Associate (16\/03\/2011- 28\/02\/2012) and Trainee-Lawyer (01\/01\/2010 &#8211; 30\/06\/2010), Israel avocats, Paris.<\/li>\n<li>2010 Certificate of Aptitude for the Legal Profession (CAPA), Paris Bar School, France.<\/li>\n<li>2009 Master\u2019s Degree in European Law, Paris 1 Pantheon &#8211; Sorbonne University, France.<\/li>\n<li>Legal Internship (01\/05\/-31\/08\/2009), International Arbitration Chamber of Paris (IACP), France.<\/li>\n<li>2006 Master\u2019s Degree in International Law, Bordeaux University, France.<\/li>\n<\/ul>\n<p>[\/vc_column_text][vc_empty_space][vc_column_text]<strong>Mitgliedschaften<\/strong><\/p>\n<ul class=\"rientro\">\n<li>Associate member of the Le Mans University Law Laboratory<\/li>\n<\/ul>\n<p>[\/vc_column_text][vc_empty_space][\/vc_column][vc_column width=&#8220;1\/2&#8243;][vc_column_text]<strong>Sprachen<\/strong><br \/>\nFranz\u00f6sisch, Englisch, Bulgarisch[\/vc_column_text][vc_empty_space][vc_column_text]<strong>Zulassungen<\/strong><br \/>\n16\/03\/2011, Pariser Anwaltskammer[\/vc_column_text][vc_empty_space][\/vc_column][\/vc_row][vc_row row_type=&#8220;row&#8220; use_row_as_full_screen_section=&#8220;no&#8220; type=&#8220;grid&#8220; anchor=&#8220;about&#8220; text_align=&#8220;left&#8220; background_animation=&#8220;none&#8220; padding_top=&#8220;80&#8243; padding_bottom=&#8220;80&#8243; css_animation=&#8220;&#8220;][vc_column][vc_column_text]<\/p>\n<h2>Publikationen<\/h2>\n<p>[\/vc_column_text][vc_column_text]Ivanova, E. (2020). L\u2019UE et les matie\u0300res premie\u0300res critiques. Rev. dr. UE, 2, pp. 112-122.<br \/>\nIvanova, E. (2019). La protection des investissements dans le cadre des accords de libre-e\u0301change de nouvelle ge\u0301ne\u0301ration conclus par l\u2019UE: aspects proce\u0301duraux. Rev. aff. eur.- Law &amp; European Affairs, 4, pp.745-761.<br \/>\nIvanova, E. (2018). L\u2019acce\u0300s aux donne\u0301es publiques encourage\u0301 : les re\u0300gles du financement de l\u2019open data par l\u2019UE. In E. Mouriesse (Ed.), L\u2019open data, une e\u0301volution juridique ? Revue ge\u0301ne\u0301rale du droit. Retrieved from <a href=\"http:\/\/www.revuegeneraledudroit.eu\/?p=29533\" target=\"_blank\" rel=\"noopener\">www.revuegeneraledudroit.eu\/?p=29533<\/a>[\/vc_column_text][\/vc_column][\/vc_row]<\/p>\n<\/div>","protected":false},"excerpt":{"rendered":"<p>[vc_row row_type=&#8220;row&#8220; use_row_as_full_screen_section=&#8220;no&#8220; type=&#8220;grid&#8220; text_align=&#8220;left&#8220; background_animation=&#8220;none&#8220; padding_top=&#8220;0&#8243; css_animation=&#8220;&#8220; css=&#8220;.vc_custom_1703748745816{margin-top: 75px !important;margin-bottom: 50px !important;}&#8220;][vc_column width=&#8220;1\/2&#8243;][vc_column_text css=&#8220;.vc_custom_1704105560841{margin-top: 50px !important;}&#8220;] Dr. Estelle Ivanova [\/vc_column_text][vc_empty_space][vc_column_text]Estelle Ivanova ist eine franz\u00f6sische Anw\u00e4ltin und Mediatorin. Sie ber\u00e4t Klienten in grenz\u00fcberschreitenden Angelegenheiten in schweizerischen und franz\u00f6sischen Verfahren. Estelle Ivanova ist bestrebt, einvernehmliche L\u00f6sungen&#8230;<\/p>\n","protected":false},"author":1,"featured_media":0,"parent":0,"menu_order":0,"comment_status":"open","ping_status":"closed","template":"full_width.php","meta":{"inline_featured_image":false,"footnotes":""},"class_list":["post-22368","page","type-page","status-publish","hentry"],"yoast_head":"<!-- This site is optimized with the Yoast SEO plugin v27.5 - https:\/\/yoast.com\/product\/yoast-seo-wordpress\/ -->\n<title>Estelle Ivanova - Valloni<\/title>\n<meta name=\"robots\" content=\"index, follow, max-snippet:-1, max-image-preview:large, max-video-preview:-1\" \/>\n<link rel=\"canonical\" href=\"https:\/\/valloni.ch\/de\/dr-estelle-ivanova\/\" \/>\n<meta property=\"og:locale\" content=\"de_DE\" \/>\n<meta property=\"og:type\" content=\"article\" \/>\n<meta property=\"og:title\" content=\"Estelle Ivanova - Valloni\" \/>\n<meta property=\"og:description\" content=\"[vc_row row_type=&#8220;row&#8220; use_row_as_full_screen_section=&#8220;no&#8220; type=&#8220;grid&#8220; text_align=&#8220;left&#8220; background_animation=&#8220;none&#8220; padding_top=&#8220;0&#8243; css_animation=&#8220;&#8220; css=&#8220;.vc_custom_1703748745816{margin-top: 75px !important;margin-bottom: 50px !important;}&#8220;][vc_column width=&#8220;1\/2&#8243;][vc_column_text css=&#8220;.vc_custom_1704105560841{margin-top: 50px !important;}&#8220;] Dr. Estelle Ivanova [\/vc_column_text][vc_empty_space][vc_column_text]Estelle Ivanova ist eine franz\u00f6sische Anw\u00e4ltin und Mediatorin. Sie ber\u00e4t Klienten in grenz\u00fcberschreitenden Angelegenheiten in schweizerischen und franz\u00f6sischen Verfahren. Estelle Ivanova ist bestrebt, einvernehmliche L\u00f6sungen...\" \/>\n<meta property=\"og:url\" content=\"https:\/\/valloni.ch\/de\/dr-estelle-ivanova\/\" \/>\n<meta property=\"og:site_name\" content=\"Valloni\" \/>\n<meta property=\"article:publisher\" content=\"https:\/\/x.com\/lucienvalloni?s=21&amp;t=gsdDE--5p_Q9GnLZfeueXg\" \/>\n<meta property=\"article:modified_time\" content=\"2024-01-12T16:11:38+00:00\" \/>\n<meta property=\"og:image\" content=\"https:\/\/valloni.ch\/wp-content\/uploads\/2025\/08\/Valloni_negative_NoPayoff_RGB-scaled.png\" \/>\n\t<meta property=\"og:image:width\" content=\"2560\" \/>\n\t<meta property=\"og:image:height\" content=\"1810\" \/>\n\t<meta property=\"og:image:type\" content=\"image\/png\" \/>\n<meta name=\"twitter:card\" content=\"summary_large_image\" \/>\n<meta name=\"twitter:label1\" content=\"Gesch\u00e4tzte Lesezeit\" \/>\n\t<meta name=\"twitter:data1\" content=\"3\u00a0Minuten\" \/>\n<!-- \/ Yoast SEO plugin. -->","yoast_head_json":{"title":"Estelle Ivanova - Valloni","robots":{"index":"index","follow":"follow","max-snippet":"max-snippet:-1","max-image-preview":"max-image-preview:large","max-video-preview":"max-video-preview:-1"},"canonical":"https:\/\/valloni.ch\/de\/dr-estelle-ivanova\/","og_locale":"de_DE","og_type":"article","og_title":"Estelle Ivanova - Valloni","og_description":"[vc_row row_type=&#8220;row&#8220; use_row_as_full_screen_section=&#8220;no&#8220; type=&#8220;grid&#8220; text_align=&#8220;left&#8220; background_animation=&#8220;none&#8220; padding_top=&#8220;0&#8243; css_animation=&#8220;&#8220; css=&#8220;.vc_custom_1703748745816{margin-top: 75px !important;margin-bottom: 50px !important;}&#8220;][vc_column width=&#8220;1\/2&#8243;][vc_column_text css=&#8220;.vc_custom_1704105560841{margin-top: 50px !important;}&#8220;] Dr. Estelle Ivanova [\/vc_column_text][vc_empty_space][vc_column_text]Estelle Ivanova ist eine franz\u00f6sische Anw\u00e4ltin und Mediatorin. Sie ber\u00e4t Klienten in grenz\u00fcberschreitenden Angelegenheiten in schweizerischen und franz\u00f6sischen Verfahren. Estelle Ivanova ist bestrebt, einvernehmliche L\u00f6sungen...","og_url":"https:\/\/valloni.ch\/de\/dr-estelle-ivanova\/","og_site_name":"Valloni","article_publisher":"https:\/\/x.com\/lucienvalloni?s=21&t=gsdDE--5p_Q9GnLZfeueXg","article_modified_time":"2024-01-12T16:11:38+00:00","og_image":[{"width":2560,"height":1810,"url":"https:\/\/valloni.ch\/wp-content\/uploads\/2025\/08\/Valloni_negative_NoPayoff_RGB-scaled.png","type":"image\/png"}],"twitter_card":"summary_large_image","twitter_misc":{"Gesch\u00e4tzte Lesezeit":"3\u00a0Minuten"},"schema":{"@context":"https:\/\/schema.org","@graph":[{"@type":"WebPage","@id":"https:\/\/valloni.ch\/de\/dr-estelle-ivanova\/","url":"https:\/\/valloni.ch\/de\/dr-estelle-ivanova\/","name":"Estelle Ivanova - Valloni","isPartOf":{"@id":"https:\/\/valloni.ch\/#website"},"datePublished":"2023-12-28T07:38:46+00:00","dateModified":"2024-01-12T16:11:38+00:00","breadcrumb":{"@id":"https:\/\/valloni.ch\/de\/dr-estelle-ivanova\/#breadcrumb"},"inLanguage":"de","potentialAction":[{"@type":"ReadAction","target":["https:\/\/valloni.ch\/de\/dr-estelle-ivanova\/"]}]},{"@type":"BreadcrumbList","@id":"https:\/\/valloni.ch\/de\/dr-estelle-ivanova\/#breadcrumb","itemListElement":[{"@type":"ListItem","position":1,"name":"Home","item":"https:\/\/valloni.ch\/de\/"},{"@type":"ListItem","position":2,"name":"Estelle Ivanova"}]},{"@type":"WebSite","@id":"https:\/\/valloni.ch\/#website","url":"https:\/\/valloni.ch\/","name":"Valloni","description":"Attorneys at Law | Rechtsanw\u00e4lte","publisher":{"@id":"https:\/\/valloni.ch\/#organization"},"potentialAction":[{"@type":"SearchAction","target":{"@type":"EntryPoint","urlTemplate":"https:\/\/valloni.ch\/?s={search_term_string}"},"query-input":{"@type":"PropertyValueSpecification","valueRequired":true,"valueName":"search_term_string"}}],"inLanguage":"de"},{"@type":"Organization","@id":"https:\/\/valloni.ch\/#organization","name":"VALLONI Attorneys at Law","url":"https:\/\/valloni.ch\/","logo":{"@type":"ImageObject","inLanguage":"de","@id":"https:\/\/valloni.ch\/#\/schema\/logo\/image\/","url":"https:\/\/valloni.ch\/wp-content\/uploads\/2025\/08\/Valloni_negative_NoPayoff_RGB-scaled.png","contentUrl":"https:\/\/valloni.ch\/wp-content\/uploads\/2025\/08\/Valloni_negative_NoPayoff_RGB-scaled.png","width":2560,"height":1810,"caption":"VALLONI Attorneys at Law"},"image":{"@id":"https:\/\/valloni.ch\/#\/schema\/logo\/image\/"},"sameAs":["https:\/\/x.com\/lucienvalloni?s=21&t=gsdDE--5p_Q9GnLZfeueXg","https:\/\/www.linkedin.com\/company\/valloni-attorneys-at-law\/?viewAsMember=true"]}]}},"_links":{"self":[{"href":"https:\/\/valloni.ch\/de\/wp-json\/wp\/v2\/pages\/22368","targetHints":{"allow":["GET"]}}],"collection":[{"href":"https:\/\/valloni.ch\/de\/wp-json\/wp\/v2\/pages"}],"about":[{"href":"https:\/\/valloni.ch\/de\/wp-json\/wp\/v2\/types\/page"}],"author":[{"embeddable":true,"href":"https:\/\/valloni.ch\/de\/wp-json\/wp\/v2\/users\/1"}],"replies":[{"embeddable":true,"href":"https:\/\/valloni.ch\/de\/wp-json\/wp\/v2\/comments?post=22368"}],"version-history":[{"count":10,"href":"https:\/\/valloni.ch\/de\/wp-json\/wp\/v2\/pages\/22368\/revisions"}],"predecessor-version":[{"id":22430,"href":"https:\/\/valloni.ch\/de\/wp-json\/wp\/v2\/pages\/22368\/revisions\/22430"}],"wp:attachment":[{"href":"https:\/\/valloni.ch\/de\/wp-json\/wp\/v2\/media?parent=22368"}],"curies":[{"name":"wp","href":"https:\/\/api.w.org\/{rel}","templated":true}]}}