{"id":22358,"date":"2023-12-28T08:33:32","date_gmt":"2023-12-28T07:33:32","guid":{"rendered":"https:\/\/valloni.ch\/?page_id=22358"},"modified":"2024-05-27T13:23:21","modified_gmt":"2024-05-27T11:23:21","slug":"dr-eric-haymann","status":"publish","type":"page","link":"https:\/\/valloni.ch\/de\/dr-eric-haymann\/","title":{"rendered":"Eric Haymann"},"content":{"rendered":"<div class=\"wpb-content-wrapper\"><p>[vc_row row_type=&#8220;row&#8220; use_row_as_full_screen_section=&#8220;no&#8220; type=&#8220;grid&#8220; text_align=&#8220;left&#8220; background_animation=&#8220;none&#8220; padding_top=&#8220;0&#8243; css_animation=&#8220;&#8220; css=&#8220;.vc_custom_1703748745816{margin-top: 75px !important;margin-bottom: 50px !important;}&#8220;][vc_column width=&#8220;1\/2&#8243;][vc_column_text css=&#8220;.vc_custom_1704105730827{margin-top: 50px !important;}&#8220;]<\/p>\n<h2>Dr. Eric Haymann<\/h2>\n<p>[\/vc_column_text][vc_empty_space][vc_column_text]<strong>Eric Haymann ist Fachmann f\u00fcr alle Aspekte im streitigen und nicht-streitigen Handelsrecht. Ausserdem vertritt und ber\u00e4t er Private Clients bei der Strukturierung ihrer Verm\u00f6genswerte und ihrer Nachlassplanung.<\/strong>[\/vc_column_text][vc_empty_space][vc_column_text]Neben seiner T\u00e4tigkeit im Private Clients-Sektor ber\u00e4t er inl\u00e4ndische und internationale Klienten aus einer Vielzahl von Branchen, einschliesslich im Immobilienbereich, der Pharmaindustrie, Mode, Biotech und Finanzdienstleistungen. Er ber\u00e4t zu inl\u00e4ndischen und internationalen M&amp;A-Transaktionen und agiert ausserdem als Rechtsbeistand in Schiedsgerichtsf\u00e4llen. Eric Haymann pflegt enge Verbindungen zum israelischen Markt sowie nach Lateinamerika, insbesondere Brasilien. Eric Haymann ber\u00e4t ferner Klienten in internationalen Rechtshilfef\u00e4llen.<\/p>\n<p>&nbsp;<\/p>\n<p>&nbsp;<\/p>\n<p>D <a href=\"tel:0041445150235\">+41 44 515 02 35<\/a><br \/>\n<a href=\"mailto:haymann@valloni.ch\">haymann@valloni.ch<\/a>[\/vc_column_text][vc_empty_space height=&#8220;10px&#8220;][\/vc_column][vc_column width=&#8220;1\/2&#8243;][vc_single_image image=&#8220;22361&#8243; img_size=&#8220;full&#8220; qode_css_animation=&#8220;element_from_right&#8220; transition_delay=&#8220;1&#8243;][vc_empty_space][\/vc_column][\/vc_row][vc_row row_type=&#8220;row&#8220; use_row_as_full_screen_section=&#8220;no&#8220; type=&#8220;grid&#8220; text_align=&#8220;left&#8220; background_animation=&#8220;none&#8220; padding_top=&#8220;0&#8243; css_animation=&#8220;&#8220; css=&#8220;.vc_custom_1624882332512{margin-top: 80px !important;margin-bottom: 50px !important;}&#8220;][vc_column width=&#8220;1\/2&#8243;][vc_column_text]<strong>Curriculum Vitae<\/strong><\/p>\n<ul>\n<li>Of Counsel VALLONI Rechtsanw\u00e4lte (since 2024)<\/li>\n<li>Of Counsel bei MLL Meyerlustenberger Lachenal Froriep Ltd. (2021 \u2013 2023)<\/li>\n<li>Partner FRORIEP (1979 \u2013 2021)<\/li>\n<li>Anwaltspatent (1975)<\/li>\n<li>Universit\u00e4t Z\u00fcrich, PhD (1973)<\/li>\n<li>Universit\u00e4t Z\u00fcrich, lic.iur.<\/li>\n<\/ul>\n<p>[\/vc_column_text][vc_empty_space][vc_column_text]<strong>Mitgliedschaften<\/strong><\/p>\n<ul>\n<li>Swiss Bar Association (SAV)<\/li>\n<li>Zurich Bar Association (ZAV)<\/li>\n<li>Geneva Bar Association (OdaGe)<\/li>\n<\/ul>\n<p>[\/vc_column_text][vc_empty_space][\/vc_column][vc_column width=&#8220;1\/2&#8243;][vc_column_text]<strong>Sprachen<\/strong><br \/>\nDeutsch, Franz\u00f6sisch, Englisch, Italienisch, Hebr\u00e4isch[\/vc_column_text][vc_empty_space][vc_column_text]<strong>Zulassung<\/strong><br \/>\nAn allen Schweizer Gerichten[\/vc_column_text][vc_empty_space][\/vc_column][\/vc_row]<\/p>\n<\/div>","protected":false},"excerpt":{"rendered":"<p>[vc_row row_type=&#8220;row&#8220; use_row_as_full_screen_section=&#8220;no&#8220; type=&#8220;grid&#8220; text_align=&#8220;left&#8220; background_animation=&#8220;none&#8220; padding_top=&#8220;0&#8243; css_animation=&#8220;&#8220; css=&#8220;.vc_custom_1703748745816{margin-top: 75px !important;margin-bottom: 50px !important;}&#8220;][vc_column width=&#8220;1\/2&#8243;][vc_column_text css=&#8220;.vc_custom_1704105730827{margin-top: 50px !important;}&#8220;] Dr. Eric Haymann [\/vc_column_text][vc_empty_space][vc_column_text]Eric Haymann ist Fachmann f\u00fcr alle Aspekte im streitigen und nicht-streitigen Handelsrecht. Ausserdem vertritt und ber\u00e4t er Private Clients bei der Strukturierung ihrer Verm\u00f6genswerte und&#8230;<\/p>\n","protected":false},"author":1,"featured_media":0,"parent":0,"menu_order":0,"comment_status":"open","ping_status":"closed","template":"full_width.php","meta":{"inline_featured_image":false,"footnotes":""},"class_list":["post-22358","page","type-page","status-publish","hentry"],"yoast_head":"<!-- This site is optimized with the Yoast SEO plugin v27.4 - https:\/\/yoast.com\/product\/yoast-seo-wordpress\/ -->\n<title>Eric Haymann - Valloni<\/title>\n<meta name=\"robots\" content=\"index, follow, max-snippet:-1, max-image-preview:large, max-video-preview:-1\" \/>\n<link rel=\"canonical\" href=\"https:\/\/valloni.ch\/de\/dr-eric-haymann\/\" \/>\n<meta property=\"og:locale\" content=\"de_DE\" \/>\n<meta property=\"og:type\" content=\"article\" \/>\n<meta property=\"og:title\" content=\"Eric Haymann - Valloni\" \/>\n<meta property=\"og:description\" content=\"[vc_row row_type=&#8220;row&#8220; use_row_as_full_screen_section=&#8220;no&#8220; type=&#8220;grid&#8220; text_align=&#8220;left&#8220; background_animation=&#8220;none&#8220; padding_top=&#8220;0&#8243; css_animation=&#8220;&#8220; css=&#8220;.vc_custom_1703748745816{margin-top: 75px !important;margin-bottom: 50px !important;}&#8220;][vc_column width=&#8220;1\/2&#8243;][vc_column_text css=&#8220;.vc_custom_1704105730827{margin-top: 50px !important;}&#8220;] Dr. Eric Haymann [\/vc_column_text][vc_empty_space][vc_column_text]Eric Haymann ist Fachmann f\u00fcr alle Aspekte im streitigen und nicht-streitigen Handelsrecht. Ausserdem vertritt und ber\u00e4t er Private Clients bei der Strukturierung ihrer Verm\u00f6genswerte und...\" \/>\n<meta property=\"og:url\" content=\"https:\/\/valloni.ch\/de\/dr-eric-haymann\/\" \/>\n<meta property=\"og:site_name\" content=\"Valloni\" \/>\n<meta property=\"article:publisher\" content=\"https:\/\/x.com\/lucienvalloni?s=21&amp;t=gsdDE--5p_Q9GnLZfeueXg\" \/>\n<meta property=\"article:modified_time\" content=\"2024-05-27T11:23:21+00:00\" \/>\n<meta property=\"og:image\" content=\"https:\/\/valloni.ch\/wp-content\/uploads\/2025\/08\/Valloni_negative_NoPayoff_RGB-scaled.png\" \/>\n\t<meta property=\"og:image:width\" content=\"2560\" \/>\n\t<meta property=\"og:image:height\" content=\"1810\" \/>\n\t<meta property=\"og:image:type\" content=\"image\/png\" \/>\n<meta name=\"twitter:card\" content=\"summary_large_image\" \/>\n<meta name=\"twitter:label1\" content=\"Gesch\u00e4tzte Lesezeit\" \/>\n\t<meta name=\"twitter:data1\" content=\"2\u00a0Minuten\" \/>\n<!-- \/ Yoast SEO plugin. -->","yoast_head_json":{"title":"Eric Haymann - Valloni","robots":{"index":"index","follow":"follow","max-snippet":"max-snippet:-1","max-image-preview":"max-image-preview:large","max-video-preview":"max-video-preview:-1"},"canonical":"https:\/\/valloni.ch\/de\/dr-eric-haymann\/","og_locale":"de_DE","og_type":"article","og_title":"Eric Haymann - Valloni","og_description":"[vc_row row_type=&#8220;row&#8220; use_row_as_full_screen_section=&#8220;no&#8220; type=&#8220;grid&#8220; text_align=&#8220;left&#8220; background_animation=&#8220;none&#8220; padding_top=&#8220;0&#8243; css_animation=&#8220;&#8220; css=&#8220;.vc_custom_1703748745816{margin-top: 75px !important;margin-bottom: 50px !important;}&#8220;][vc_column width=&#8220;1\/2&#8243;][vc_column_text css=&#8220;.vc_custom_1704105730827{margin-top: 50px !important;}&#8220;] Dr. Eric Haymann [\/vc_column_text][vc_empty_space][vc_column_text]Eric Haymann ist Fachmann f\u00fcr alle Aspekte im streitigen und nicht-streitigen Handelsrecht. Ausserdem vertritt und ber\u00e4t er Private Clients bei der Strukturierung ihrer Verm\u00f6genswerte und...","og_url":"https:\/\/valloni.ch\/de\/dr-eric-haymann\/","og_site_name":"Valloni","article_publisher":"https:\/\/x.com\/lucienvalloni?s=21&t=gsdDE--5p_Q9GnLZfeueXg","article_modified_time":"2024-05-27T11:23:21+00:00","og_image":[{"width":2560,"height":1810,"url":"https:\/\/valloni.ch\/wp-content\/uploads\/2025\/08\/Valloni_negative_NoPayoff_RGB-scaled.png","type":"image\/png"}],"twitter_card":"summary_large_image","twitter_misc":{"Gesch\u00e4tzte Lesezeit":"2\u00a0Minuten"},"schema":{"@context":"https:\/\/schema.org","@graph":[{"@type":"WebPage","@id":"https:\/\/valloni.ch\/de\/dr-eric-haymann\/","url":"https:\/\/valloni.ch\/de\/dr-eric-haymann\/","name":"Eric Haymann - Valloni","isPartOf":{"@id":"https:\/\/valloni.ch\/#website"},"datePublished":"2023-12-28T07:33:32+00:00","dateModified":"2024-05-27T11:23:21+00:00","breadcrumb":{"@id":"https:\/\/valloni.ch\/de\/dr-eric-haymann\/#breadcrumb"},"inLanguage":"de","potentialAction":[{"@type":"ReadAction","target":["https:\/\/valloni.ch\/de\/dr-eric-haymann\/"]}]},{"@type":"BreadcrumbList","@id":"https:\/\/valloni.ch\/de\/dr-eric-haymann\/#breadcrumb","itemListElement":[{"@type":"ListItem","position":1,"name":"Home","item":"https:\/\/valloni.ch\/de\/"},{"@type":"ListItem","position":2,"name":"Eric Haymann"}]},{"@type":"WebSite","@id":"https:\/\/valloni.ch\/#website","url":"https:\/\/valloni.ch\/","name":"Valloni","description":"Attorneys at Law | Rechtsanw\u00e4lte","publisher":{"@id":"https:\/\/valloni.ch\/#organization"},"potentialAction":[{"@type":"SearchAction","target":{"@type":"EntryPoint","urlTemplate":"https:\/\/valloni.ch\/?s={search_term_string}"},"query-input":{"@type":"PropertyValueSpecification","valueRequired":true,"valueName":"search_term_string"}}],"inLanguage":"de"},{"@type":"Organization","@id":"https:\/\/valloni.ch\/#organization","name":"VALLONI Attorneys at Law","url":"https:\/\/valloni.ch\/","logo":{"@type":"ImageObject","inLanguage":"de","@id":"https:\/\/valloni.ch\/#\/schema\/logo\/image\/","url":"https:\/\/valloni.ch\/wp-content\/uploads\/2025\/08\/Valloni_negative_NoPayoff_RGB-scaled.png","contentUrl":"https:\/\/valloni.ch\/wp-content\/uploads\/2025\/08\/Valloni_negative_NoPayoff_RGB-scaled.png","width":2560,"height":1810,"caption":"VALLONI Attorneys at Law"},"image":{"@id":"https:\/\/valloni.ch\/#\/schema\/logo\/image\/"},"sameAs":["https:\/\/x.com\/lucienvalloni?s=21&t=gsdDE--5p_Q9GnLZfeueXg","https:\/\/www.linkedin.com\/company\/valloni-attorneys-at-law\/?viewAsMember=true"]}]}},"_links":{"self":[{"href":"https:\/\/valloni.ch\/de\/wp-json\/wp\/v2\/pages\/22358","targetHints":{"allow":["GET"]}}],"collection":[{"href":"https:\/\/valloni.ch\/de\/wp-json\/wp\/v2\/pages"}],"about":[{"href":"https:\/\/valloni.ch\/de\/wp-json\/wp\/v2\/types\/page"}],"author":[{"embeddable":true,"href":"https:\/\/valloni.ch\/de\/wp-json\/wp\/v2\/users\/1"}],"replies":[{"embeddable":true,"href":"https:\/\/valloni.ch\/de\/wp-json\/wp\/v2\/comments?post=22358"}],"version-history":[{"count":13,"href":"https:\/\/valloni.ch\/de\/wp-json\/wp\/v2\/pages\/22358\/revisions"}],"predecessor-version":[{"id":22530,"href":"https:\/\/valloni.ch\/de\/wp-json\/wp\/v2\/pages\/22358\/revisions\/22530"}],"wp:attachment":[{"href":"https:\/\/valloni.ch\/de\/wp-json\/wp\/v2\/media?parent=22358"}],"curies":[{"name":"wp","href":"https:\/\/api.w.org\/{rel}","templated":true}]}}