{"id":22292,"date":"2022-12-27T16:19:12","date_gmt":"2022-12-27T15:19:12","guid":{"rendered":"https:\/\/valloni.ch\/?page_id=22292"},"modified":"2024-12-25T15:36:04","modified_gmt":"2024-12-25T14:36:04","slug":"peter-j-merz","status":"publish","type":"page","link":"https:\/\/valloni.ch\/de\/peter-j-merz\/","title":{"rendered":"Peter J. Merz"},"content":{"rendered":"<div class=\"wpb-content-wrapper\"><p>[vc_row row_type=&#8220;row&#8220; use_row_as_full_screen_section=&#8220;no&#8220; type=&#8220;grid&#8220; text_align=&#8220;left&#8220; background_animation=&#8220;none&#8220; padding_top=&#8220;0&#8243; css_animation=&#8220;&#8220; css=&#8220;.vc_custom_1620649623188{margin-top: 50px !important;}&#8220;][vc_column width=&#8220;1\/2&#8243;][vc_column_text css=&#8220;.vc_custom_1672153824823{margin-top: 50px !important;}&#8220;]<\/p>\n<h2 class=\"\">Peter J. Merz<\/h2>\n<p>[\/vc_column_text][vc_empty_space][vc_column_text]<strong>Peter J. Merz hat langj\u00e4hrige Erfahrung in einer f\u00fchrenden Wirtschaftskanzlei und ber\u00e4t Klienten branchen\u00fcbergreifend bei allen Aspekten des streitigen und nicht-streitigen Vertrags-, Handels- und Gesellschaftsrechts. Neben der Prozessf\u00fchrung begleitet er Firmen wie auch Private hinsichtlich ihrer spezifischen pers\u00f6nlichen und kommerziellen Interessen.<\/strong>[\/vc_column_text][vc_empty_space][vc_column_text]Peter unterh\u00e4lt gute Beziehungen zum asiatischen Markt. Er ist bekannt f\u00fcr seinen pragmatischen und l\u00f6sungsorientierten Ansatz bei streitigen Angelegenheiten wie auch in der Beratung und hat umfassende Erfahrung mit Escrow-Transaktionen und -Strukturen.<br \/>\nPeter war und ist als Organ von Gesellschaften mit Einschluss von gemeinn\u00fctzigen Stiftungen t\u00e4tig.<\/p>\n<p>&nbsp;<\/p>\n<p>D\u00a0<a class=\"linknero\" href=\"tel:0041445150237\">+41 44 515 02 37<\/a><br \/>\n<a class=\"linknero\" href=\"mailto:merz@valloni.ch\">merz@valloni.ch<\/a><\/p>\n<p>[\/vc_column_text][vc_empty_space height=&#8220;10px&#8220;][\/vc_column][vc_column width=&#8220;1\/2&#8243;][vc_single_image image=&#8220;22290&#8243; img_size=&#8220;full&#8220; qode_css_animation=&#8220;element_from_right&#8220; transition_delay=&#8220;1&#8243;][vc_empty_space][\/vc_column][\/vc_row][vc_row row_type=&#8220;row&#8220; use_row_as_full_screen_section=&#8220;no&#8220; type=&#8220;grid&#8220; text_align=&#8220;left&#8220; background_animation=&#8220;none&#8220; padding_top=&#8220;0&#8243; css_animation=&#8220;&#8220; css=&#8220;.vc_custom_1624882332512{margin-top: 80px !important;margin-bottom: 50px !important;}&#8220;][vc_column width=&#8220;1\/2&#8243;][vc_column_text]<strong>Curriculum Vitae<\/strong><\/p>\n<ul class=\"rientro\">\n<li>Senior Counsel bei VALLONI Rechtsanw\u00e4lte (seit 2023)<\/li>\n<li>Of Counsel bei MLL Meyerlustenberger Lachenal Froriep Ltd. (2021-2022)<\/li>\n<li>Partner FRORIEP (1993-2020, Managing Partner 2000-2011)<\/li>\n<li>Associate FRORIEP (1988-1992)<\/li>\n<li>Rechtsanwalt in Rechts- und Wirtschaftsberatungsfirma in Zug (1983-1987)<\/li>\n<li>Anwaltspatent des Kantons Z\u00fcrich (1983)<\/li>\n<li>Bezirksgericht Meilen, ao. Gerichtssekret\u00e4r (1980-1982)<\/li>\n<li>Assistant Universit\u00e4t Z\u00fcrich, Erbrecht (1979)<\/li>\n<li>Universit\u00e4t Z\u00fcrich lic. Iur. (1978)<\/li>\n<\/ul>\n<p>[\/vc_column_text][vc_empty_space][vc_column_text css=&#8220;&#8220;]<strong>Sprachen<\/strong><br \/>\nDeutsch, Englisch[\/vc_column_text][vc_empty_space][\/vc_column][vc_column width=&#8220;1\/2&#8243;][vc_column_text]<strong>Mitgliedschaften<\/strong><\/p>\n<ul class=\"rientro\">\n<li>Schweizerischer Anwaltsverband (SAV)<\/li>\n<li>Z\u00fcrcher Anwaltsverband (ZAV)<\/li>\n<li>Inter-Pacific Bar Association (IPBA)<\/li>\n<li>Union Internationale des Avocats (UIA)<\/li>\n<\/ul>\n<p>[\/vc_column_text][vc_empty_space][vc_column_text]<strong>Zulassung<\/strong><br \/>\nAn allen Schweizer Gerichten[\/vc_column_text][vc_empty_space][\/vc_column][\/vc_row]<\/p>\n<\/div>","protected":false},"excerpt":{"rendered":"<p>[vc_row row_type=&#8220;row&#8220; use_row_as_full_screen_section=&#8220;no&#8220; type=&#8220;grid&#8220; text_align=&#8220;left&#8220; background_animation=&#8220;none&#8220; padding_top=&#8220;0&#8243; css_animation=&#8220;&#8220; css=&#8220;.vc_custom_1620649623188{margin-top: 50px !important;}&#8220;][vc_column width=&#8220;1\/2&#8243;][vc_column_text css=&#8220;.vc_custom_1672153824823{margin-top: 50px !important;}&#8220;] Peter J. Merz [\/vc_column_text][vc_empty_space][vc_column_text]Peter J. Merz hat langj\u00e4hrige Erfahrung in einer f\u00fchrenden Wirtschaftskanzlei und ber\u00e4t Klienten branchen\u00fcbergreifend bei allen Aspekten des streitigen und nicht-streitigen Vertrags-, Handels- und Gesellschaftsrechts. Neben der&#8230;<\/p>\n","protected":false},"author":1,"featured_media":0,"parent":0,"menu_order":0,"comment_status":"closed","ping_status":"closed","template":"full_width.php","meta":{"inline_featured_image":false,"footnotes":""},"class_list":["post-22292","page","type-page","status-publish","hentry"],"yoast_head":"<!-- This site is optimized with the Yoast SEO plugin v27.3 - https:\/\/yoast.com\/product\/yoast-seo-wordpress\/ -->\n<title>Peter J. Merz - Valloni<\/title>\n<meta name=\"robots\" content=\"index, follow, max-snippet:-1, max-image-preview:large, max-video-preview:-1\" \/>\n<link rel=\"canonical\" href=\"https:\/\/valloni.ch\/de\/peter-j-merz\/\" \/>\n<meta property=\"og:locale\" content=\"de_DE\" \/>\n<meta property=\"og:type\" content=\"article\" \/>\n<meta property=\"og:title\" content=\"Peter J. Merz - Valloni\" \/>\n<meta property=\"og:description\" content=\"[vc_row row_type=&#8220;row&#8220; use_row_as_full_screen_section=&#8220;no&#8220; type=&#8220;grid&#8220; text_align=&#8220;left&#8220; background_animation=&#8220;none&#8220; padding_top=&#8220;0&#8243; css_animation=&#8220;&#8220; css=&#8220;.vc_custom_1620649623188{margin-top: 50px !important;}&#8220;][vc_column width=&#8220;1\/2&#8243;][vc_column_text css=&#8220;.vc_custom_1672153824823{margin-top: 50px !important;}&#8220;] Peter J. Merz [\/vc_column_text][vc_empty_space][vc_column_text]Peter J. Merz hat langj\u00e4hrige Erfahrung in einer f\u00fchrenden Wirtschaftskanzlei und ber\u00e4t Klienten branchen\u00fcbergreifend bei allen Aspekten des streitigen und nicht-streitigen Vertrags-, Handels- und Gesellschaftsrechts. Neben der...\" \/>\n<meta property=\"og:url\" content=\"https:\/\/valloni.ch\/de\/peter-j-merz\/\" \/>\n<meta property=\"og:site_name\" content=\"Valloni\" \/>\n<meta property=\"article:publisher\" content=\"https:\/\/x.com\/lucienvalloni?s=21&amp;t=gsdDE--5p_Q9GnLZfeueXg\" \/>\n<meta property=\"article:modified_time\" content=\"2024-12-25T14:36:04+00:00\" \/>\n<meta property=\"og:image\" content=\"https:\/\/valloni.ch\/wp-content\/uploads\/2025\/08\/Valloni_negative_NoPayoff_RGB-scaled.png\" \/>\n\t<meta property=\"og:image:width\" content=\"2560\" \/>\n\t<meta property=\"og:image:height\" content=\"1810\" \/>\n\t<meta property=\"og:image:type\" content=\"image\/png\" \/>\n<meta name=\"twitter:card\" content=\"summary_large_image\" \/>\n<meta name=\"twitter:label1\" content=\"Gesch\u00e4tzte Lesezeit\" \/>\n\t<meta name=\"twitter:data1\" content=\"2\u00a0Minuten\" \/>\n<!-- \/ Yoast SEO plugin. -->","yoast_head_json":{"title":"Peter J. Merz - Valloni","robots":{"index":"index","follow":"follow","max-snippet":"max-snippet:-1","max-image-preview":"max-image-preview:large","max-video-preview":"max-video-preview:-1"},"canonical":"https:\/\/valloni.ch\/de\/peter-j-merz\/","og_locale":"de_DE","og_type":"article","og_title":"Peter J. Merz - Valloni","og_description":"[vc_row row_type=&#8220;row&#8220; use_row_as_full_screen_section=&#8220;no&#8220; type=&#8220;grid&#8220; text_align=&#8220;left&#8220; background_animation=&#8220;none&#8220; padding_top=&#8220;0&#8243; css_animation=&#8220;&#8220; css=&#8220;.vc_custom_1620649623188{margin-top: 50px !important;}&#8220;][vc_column width=&#8220;1\/2&#8243;][vc_column_text css=&#8220;.vc_custom_1672153824823{margin-top: 50px !important;}&#8220;] Peter J. Merz [\/vc_column_text][vc_empty_space][vc_column_text]Peter J. Merz hat langj\u00e4hrige Erfahrung in einer f\u00fchrenden Wirtschaftskanzlei und ber\u00e4t Klienten branchen\u00fcbergreifend bei allen Aspekten des streitigen und nicht-streitigen Vertrags-, Handels- und Gesellschaftsrechts. Neben der...","og_url":"https:\/\/valloni.ch\/de\/peter-j-merz\/","og_site_name":"Valloni","article_publisher":"https:\/\/x.com\/lucienvalloni?s=21&t=gsdDE--5p_Q9GnLZfeueXg","article_modified_time":"2024-12-25T14:36:04+00:00","og_image":[{"width":2560,"height":1810,"url":"https:\/\/valloni.ch\/wp-content\/uploads\/2025\/08\/Valloni_negative_NoPayoff_RGB-scaled.png","type":"image\/png"}],"twitter_card":"summary_large_image","twitter_misc":{"Gesch\u00e4tzte Lesezeit":"2\u00a0Minuten"},"schema":{"@context":"https:\/\/schema.org","@graph":[{"@type":"WebPage","@id":"https:\/\/valloni.ch\/de\/peter-j-merz\/","url":"https:\/\/valloni.ch\/de\/peter-j-merz\/","name":"Peter J. Merz - Valloni","isPartOf":{"@id":"https:\/\/valloni.ch\/#website"},"datePublished":"2022-12-27T15:19:12+00:00","dateModified":"2024-12-25T14:36:04+00:00","breadcrumb":{"@id":"https:\/\/valloni.ch\/de\/peter-j-merz\/#breadcrumb"},"inLanguage":"de","potentialAction":[{"@type":"ReadAction","target":["https:\/\/valloni.ch\/de\/peter-j-merz\/"]}]},{"@type":"BreadcrumbList","@id":"https:\/\/valloni.ch\/de\/peter-j-merz\/#breadcrumb","itemListElement":[{"@type":"ListItem","position":1,"name":"Home","item":"https:\/\/valloni.ch\/de\/"},{"@type":"ListItem","position":2,"name":"Peter J. Merz"}]},{"@type":"WebSite","@id":"https:\/\/valloni.ch\/#website","url":"https:\/\/valloni.ch\/","name":"Valloni","description":"Attorneys at Law | Rechtsanw\u00e4lte","publisher":{"@id":"https:\/\/valloni.ch\/#organization"},"potentialAction":[{"@type":"SearchAction","target":{"@type":"EntryPoint","urlTemplate":"https:\/\/valloni.ch\/?s={search_term_string}"},"query-input":{"@type":"PropertyValueSpecification","valueRequired":true,"valueName":"search_term_string"}}],"inLanguage":"de"},{"@type":"Organization","@id":"https:\/\/valloni.ch\/#organization","name":"VALLONI Attorneys at Law","url":"https:\/\/valloni.ch\/","logo":{"@type":"ImageObject","inLanguage":"de","@id":"https:\/\/valloni.ch\/#\/schema\/logo\/image\/","url":"https:\/\/valloni.ch\/wp-content\/uploads\/2025\/08\/Valloni_negative_NoPayoff_RGB-scaled.png","contentUrl":"https:\/\/valloni.ch\/wp-content\/uploads\/2025\/08\/Valloni_negative_NoPayoff_RGB-scaled.png","width":2560,"height":1810,"caption":"VALLONI Attorneys at Law"},"image":{"@id":"https:\/\/valloni.ch\/#\/schema\/logo\/image\/"},"sameAs":["https:\/\/x.com\/lucienvalloni?s=21&t=gsdDE--5p_Q9GnLZfeueXg","https:\/\/www.linkedin.com\/company\/valloni-attorneys-at-law\/?viewAsMember=true"]}]}},"_links":{"self":[{"href":"https:\/\/valloni.ch\/de\/wp-json\/wp\/v2\/pages\/22292","targetHints":{"allow":["GET"]}}],"collection":[{"href":"https:\/\/valloni.ch\/de\/wp-json\/wp\/v2\/pages"}],"about":[{"href":"https:\/\/valloni.ch\/de\/wp-json\/wp\/v2\/types\/page"}],"author":[{"embeddable":true,"href":"https:\/\/valloni.ch\/de\/wp-json\/wp\/v2\/users\/1"}],"replies":[{"embeddable":true,"href":"https:\/\/valloni.ch\/de\/wp-json\/wp\/v2\/comments?post=22292"}],"version-history":[{"count":10,"href":"https:\/\/valloni.ch\/de\/wp-json\/wp\/v2\/pages\/22292\/revisions"}],"predecessor-version":[{"id":23143,"href":"https:\/\/valloni.ch\/de\/wp-json\/wp\/v2\/pages\/22292\/revisions\/23143"}],"wp:attachment":[{"href":"https:\/\/valloni.ch\/de\/wp-json\/wp\/v2\/media?parent=22292"}],"curies":[{"name":"wp","href":"https:\/\/api.w.org\/{rel}","templated":true}]}}