{"id":22132,"date":"2021-08-04T13:53:15","date_gmt":"2021-08-04T11:53:15","guid":{"rendered":"https:\/\/valloni.ch\/?page_id=22132"},"modified":"2024-09-12T09:29:07","modified_gmt":"2024-09-12T07:29:07","slug":"sara-botti","status":"publish","type":"page","link":"https:\/\/valloni.ch\/de\/sara-botti\/","title":{"rendered":"Sara Botti"},"content":{"rendered":"<div class=\"wpb-content-wrapper\"><p>[vc_row row_type=&#8220;row&#8220; use_row_as_full_screen_section=&#8220;no&#8220; type=&#8220;grid&#8220; text_align=&#8220;left&#8220; background_animation=&#8220;none&#8220; padding_top=&#8220;0&#8243; css_animation=&#8220;&#8220; css=&#8220;.vc_custom_1620649623188{margin-top: 50px !important;}&#8220;][vc_column width=&#8220;1\/2&#8243;][vc_column_text css=&#8220;.vc_custom_1628074360996{margin-top: 50px !important;}&#8220;]<\/p>\n<h2 class=\"\">Sara Botti<\/h2>\n<p>[\/vc_column_text][vc_empty_space][vc_column_text]<strong>Sara Botti ist italienische Rechtsanw\u00e4ltin. Sie ber\u00e4t Klienten regelm\u00e4ssig in grenz\u00fcberschreitenden Angelegenheiten, die schweizerischen und italienischen Sachverhaltsbezug haben. Sara vertritt Klienten vor italienischen Gerichten und Verwaltungsbeh\u00f6rden.<\/strong>[\/vc_column_text][vc_empty_space][vc_column_text]Neben streitigen Angelegenheiten ber\u00e4t Sara Klienten in den Bereichen des Erbrechts, der Nachlassplanung sowie des Immobilienrechts.<\/p>\n<p>&nbsp;<\/p>\n<p>D\u00a0<a class=\"linknero\" href=\"tel:0041445150232\">+41 44 515 02 32<\/a><br \/>\n<a class=\"linknero\" href=\"mailto:botti@valloni.ch\">botti@valloni.ch<\/a>[\/vc_column_text][vc_empty_space height=&#8220;10px&#8220;][\/vc_column][vc_column width=&#8220;1\/2&#8243;][vc_single_image image=&#8220;22135&#8243; img_size=&#8220;full&#8220; qode_css_animation=&#8220;element_from_right&#8220; transition_delay=&#8220;1&#8243;][vc_empty_space][\/vc_column][\/vc_row][vc_row row_type=&#8220;row&#8220; use_row_as_full_screen_section=&#8220;no&#8220; type=&#8220;grid&#8220; text_align=&#8220;left&#8220; background_animation=&#8220;none&#8220; padding_top=&#8220;0&#8243; css_animation=&#8220;&#8220; css=&#8220;.vc_custom_1624882332512{margin-top: 80px !important;margin-bottom: 50px !important;}&#8220;][vc_column width=&#8220;1\/2&#8243;][vc_column_text]<strong>Curriculum Vitae<\/strong><\/p>\n<ul class=\"rientro\">\n<li>Attorney at Law bei Valloni Rechtsanw\u00e4lte (seit 2021)<\/li>\n<li>Legal Counsel bei der Italian Desk Association, Z\u00fcrich (seit 2018)<\/li>\n<li>Gr\u00fcndungspartner bei Studio Legale Botti, Brescia \u2013 Italien (seit 2012)<\/li>\n<li>Associate bei Studio Legale Paloschi, Brescia &#8211; Italien (2007-2012)<\/li>\n<li>Erwerb des italienischen Anwaltspatents (Anwaltsbeh\u00f6rde von Brescia; 2007)<\/li>\n<li>Trainee bei Studio Legale Ragusa &amp; Ragusa, Brescia \u2013 Italien (2004-2007)<\/li>\n<li>Universit\u00e4t Sacro Cuore Mailand: Master of Law (2004)<\/li>\n<\/ul>\n<p>[\/vc_column_text][vc_empty_space][vc_column_text]<strong>Sprachen<\/strong><br \/>\nItalienisch, Englisch[\/vc_column_text][vc_empty_space][\/vc_column][vc_column width=&#8220;1\/2&#8243;][vc_column_text]<strong>Mitgliedschaften<\/strong><\/p>\n<ul class=\"rientro\">\n<li>Anwaltsbeh\u00f6rde von Brescia, Italien<\/li>\n<\/ul>\n<p>[\/vc_column_text][vc_empty_space][vc_column_text]<strong>Zulassung<\/strong><br \/>\nZugelassen vor italienischen Gerichten[\/vc_column_text][vc_empty_space][\/vc_column][\/vc_row][vc_row row_type=&#8220;row&#8220; use_row_as_full_screen_section=&#8220;no&#8220; type=&#8220;grid&#8220; anchor=&#8220;about&#8220; text_align=&#8220;left&#8220; background_animation=&#8220;none&#8220; padding_top=&#8220;80&#8243; padding_bottom=&#8220;80&#8243; css_animation=&#8220;&#8220;][vc_column][vc_column_text]<\/p>\n<h2>Publikationen<\/h2>\n<p>[\/vc_column_text][\/vc_column][\/vc_row][vc_row row_type=&#8220;row&#8220; use_row_as_full_screen_section=&#8220;no&#8220; type=&#8220;grid&#8220; text_align=&#8220;left&#8220; background_animation=&#8220;none&#8220; padding_top=&#8220;0&#8243; css_animation=&#8220;&#8220; css=&#8220;.vc_custom_1624883074587{margin-bottom: 50px !important;}&#8220;][vc_column width=&#8220;1\/2&#8243;][vc_column_text]<a href=\"https:\/\/valloni.ch\/de\/2023\/04\/26\/neue-publikation-zu-den-neuen-fifa-football-agent-regulations\/\">Neue Publikation zu den neuen FIFA Football Agent Regulations<\/a>, M\u00e4rz 2023<br \/>\n<a href=\"https:\/\/corriereitalianita.ch\/il-dono-della-corte-costituzionale\/\" target=\"_blank\" rel=\"noopener\">Il dono della Corte Costituzionale<\/a>, 20 June 2020<br \/>\n<a href=\"https:\/\/corriereitalianita.ch\/acquistare-casa-in-italia-o-in-svizzera-un-mercato-libero\/\" target=\"_blank\" rel=\"noopener\">Acquistare casa in Italia o in Svizzera: un mercato libero?<\/a>, 3 March 2020<br \/>\n<a href=\"https:\/\/corriereitalianita.ch\/quali-obblighi-per-chi-vive-in-svizzera-e-si-reca-in-italia\/\" target=\"_blank\" rel=\"noopener\">Quali obblighi per chi vive in Svizzera e si reca in Italia?<\/a>, 17 March 2020<br \/>\n<a href=\"https:\/\/corriereitalianita.ch\/gli-effetti-sugli-eredi-residenti-in-svizzera\/\" target=\"_blank\" rel=\"noopener\">Gli effetti sugli eredi residenti in Svizzera<\/a>, 7 April 2020<br \/>\n<a href=\"https:\/\/corriereitalianita.ch\/pari-diritti-agli-eredi\/\" target=\"_blank\" rel=\"noopener\">Pari diritti agli eredi!<\/a>, 7 May 2020<br \/>\n<a href=\"https:\/\/corriereitalianita.ch\/privacy-che-fine-faranno-le-immagini-dei-trasgressori\/\" target=\"_blank\" rel=\"noopener\">Privacy: che fine faranno le immagini dei trasgressori?<\/a>, 12 May 2020<br \/>\n<a href=\"https:\/\/corriereitalianita.ch\/obbligo-di-mascherine-come-affrontare-lestate-italiana\/\" target=\"_blank\" rel=\"noopener\">Obbligo di mascherine, come affrontare l\u2019estate italiana<\/a>, 30 June 2020<br \/>\n<a href=\"https:\/\/corriereitalianita.ch\/lacquisto-di-immobili-conviene\/\" target=\"_blank\" rel=\"noopener\">L\u2019acquisto di immobili conviene?<\/a>, 2 September 2020<br \/>\n<a href=\"https:\/\/corriereitalianita.ch\/storia-del-voto-degli-italiani-allestero\/\" target=\"_blank\" rel=\"noopener\">Storia del voto degli italiani all\u2019estero<\/a>, 09 September 2020<br \/>\n<a href=\"https:\/\/corriereitalianita.ch\/il-divieto-di-licenziamento-una-norma-destinata-a-scadere-presto\/\" target=\"_blank\" rel=\"noopener\">Il divieto di licenziamento, una norma destinata a scadere presto<\/a>, 30 October 2020<br \/>\n<a href=\"https:\/\/corriereitalianita.ch\/consolati-vicini-ai-concittadini-senza-essere-centri-legali\/\" target=\"_blank\" rel=\"noopener\">Consolati: vicini ai concittadini, senza essere centri legali<\/a>, 20 November 2020<br \/>\n<a href=\"https:\/\/corriereitalianita.ch\/superbonus-110-anche-per-i-residenti-allestero\/\" target=\"_blank\" rel=\"noopener\">Superbonus 110% anche per i residenti all\u2019estero<\/a>, 23 January 2021[\/vc_column_text][vc_empty_space][\/vc_column][vc_column width=&#8220;1\/2&#8243;][vc_column_text]<a href=\"http:\/\/www.italian-desk.com\/acquistare-casa-in-italia-o-in-svizzera-la-legge-koller-e-i-limiti-ai-desideri-di-investimento-immobiliare\/\" target=\"_blank\" rel=\"noopener\">Acquistare casa in Italia o in Svizzera. La legge Koller e i limiti ai desideri di investimento immobiliare<\/a>, 16 March 2021<br \/>\n<a href=\"http:\/\/www.italian-desk.com\/superbonus-110-anche-per-i-residenti-allestero\/\" target=\"_blank\" rel=\"noopener\">Superbonus 110% anche per i residenti all\u2019estero<\/a>, 17 March 2021<br \/>\n<a href=\"http:\/\/www.italian-desk.com\/investire-nel-mercato-immobiliare-in-italia-quanto-costa-ad-un-expat-in-termini-di-tasse\/\" target=\"_blank\" rel=\"noopener\">Investire nel mercato immobiliare in Italia: quanto costa ad un expat in termini di tasse?<\/a>, 17 March 2021<br \/>\n<a href=\"http:\/\/www.italian-desk.com\/quando-la-modifica-del-cognome-a-seguito-di-matrimonio-non-e-un-desiderio-romantico-bensi-una-necessita-la-procedura-italiana\/\" target=\"_blank\" rel=\"noopener\">Quando la modifica del cognome a seguito di matrimonio non \u00e8 un desiderio romantico, bens\u00ec una necessit\u00e0. La procedura italiana<\/a>, 17 March 2021<br \/>\n<a href=\"http:\/\/www.italian-desk.com\/pari-diritti-agli-eredi-in-italia-cosi-come-in-svizzera-la-collazione\/\" target=\"_blank\" rel=\"noopener\">Pari diritti agli eredi, in Italia cos\u00ec come in Svizzera: la collazione<\/a>, 25 March 2021<br \/>\n<a href=\"http:\/\/www.italian-desk.com\/ereditare-in-italia-uno-sguardo-di-insieme-sul-sistema-nazionale-e-gli-effetti-sugli-eredi-residenti-in-svizzera\/\" target=\"_blank\" rel=\"noopener\">Ereditare in Italia, uno sguardo di insieme sul sistema nazionale e gli effetti sugli eredi residenti in Svizzera<\/a>, 25 March 2021<br \/>\n<a href=\"http:\/\/www.italian-desk.com\/frontiere-chiuse-o-difficolta-ad-andare-in-italia-e-atti-da-sottoscrivere-la-procura-speciale\/\" target=\"_blank\" rel=\"noopener\">Frontiere chiuse o difficolt\u00e0 ad andare in Italia e atti da sottoscrivere: la procura speciale<\/a>, 25 March 2021<br \/>\n<a href=\"http:\/\/www.italian-desk.com\/a-i-r-e-qualche-concetto-per-mettere-ordine-a-tanta-confusione\/\" target=\"_blank\" rel=\"noopener\">A.I.R.E., qualche concetto per mettere ordine a tanta confusione<\/a>, 26 March 2021<br \/>\n<a href=\"http:\/\/www.italian-desk.com\/rinuncia-alleredita-e-rinuncia-abdicativa-al-diritto-di-proprieta\/\" target=\"_blank\" rel=\"noopener\">Rinuncia all\u2019eredit\u00e0 e rinuncia abdicativa al diritto di propriet\u00e0<\/a>, 29 March 2021<br \/>\n<a href=\"http:\/\/www.italian-desk.com\/apostille-o-legalizzazione-consolare-come-funziona-lattestazione-di-autenticita-di-un-documento-tra-litalia-e-la-svizzera\/\" target=\"_blank\" rel=\"noopener\">Apostille o legalizzazione consolare: come funziona l\u2019attestazione di autenticit\u00e0 di un documento tra l\u2019Italia e la Svizzera<\/a>, 20 April 2021<br \/>\n<a href=\"http:\/\/www.italian-desk.com\/il-casellario-giudiziale-italiano\/\" target=\"_blank\" rel=\"noopener\">Il casellario giudiziale italiano<\/a>, 2 June 2021<br \/>\n<a href=\"http:\/\/www.italian-desk.com\/litalia-regala-la-cultura-ai-connazionali-iscritti-alla-i-r-e-musei-e-siti-archeologici-gratis-fino-al-2023\/\" target=\"_blank\" rel=\"noopener\">L\u2019Italia regala la cultura ai connazionali iscritti all\u2019A.I.R.E. Musei e siti archeologici gratis fino al 2023<\/a>, 23 June 2021[\/vc_column_text][vc_empty_space][\/vc_column][\/vc_row]<\/p>\n<\/div>","protected":false},"excerpt":{"rendered":"<p>[vc_row row_type=&#8220;row&#8220; use_row_as_full_screen_section=&#8220;no&#8220; type=&#8220;grid&#8220; text_align=&#8220;left&#8220; background_animation=&#8220;none&#8220; padding_top=&#8220;0&#8243; css_animation=&#8220;&#8220; css=&#8220;.vc_custom_1620649623188{margin-top: 50px !important;}&#8220;][vc_column width=&#8220;1\/2&#8243;][vc_column_text css=&#8220;.vc_custom_1628074360996{margin-top: 50px !important;}&#8220;] Sara Botti [\/vc_column_text][vc_empty_space][vc_column_text]Sara Botti ist italienische Rechtsanw\u00e4ltin. Sie ber\u00e4t Klienten regelm\u00e4ssig in grenz\u00fcberschreitenden Angelegenheiten, die schweizerischen und italienischen Sachverhaltsbezug haben. Sara vertritt Klienten vor italienischen Gerichten und Verwaltungsbeh\u00f6rden.[\/vc_column_text][vc_empty_space][vc_column_text]Neben streitigen Angelegenheiten&#8230;<\/p>\n","protected":false},"author":1,"featured_media":0,"parent":0,"menu_order":0,"comment_status":"open","ping_status":"closed","template":"full_width.php","meta":{"inline_featured_image":false,"footnotes":""},"class_list":["post-22132","page","type-page","status-publish","hentry"],"yoast_head":"<!-- This site is optimized with the Yoast SEO plugin v27.4 - https:\/\/yoast.com\/product\/yoast-seo-wordpress\/ -->\n<title>Sara Botti - Valloni<\/title>\n<meta name=\"robots\" content=\"index, follow, max-snippet:-1, max-image-preview:large, max-video-preview:-1\" \/>\n<link rel=\"canonical\" href=\"https:\/\/valloni.ch\/de\/sara-botti\/\" \/>\n<meta property=\"og:locale\" content=\"de_DE\" \/>\n<meta property=\"og:type\" content=\"article\" \/>\n<meta property=\"og:title\" content=\"Sara Botti - Valloni\" \/>\n<meta property=\"og:description\" content=\"[vc_row row_type=&#8220;row&#8220; use_row_as_full_screen_section=&#8220;no&#8220; type=&#8220;grid&#8220; text_align=&#8220;left&#8220; background_animation=&#8220;none&#8220; padding_top=&#8220;0&#8243; css_animation=&#8220;&#8220; css=&#8220;.vc_custom_1620649623188{margin-top: 50px !important;}&#8220;][vc_column width=&#8220;1\/2&#8243;][vc_column_text css=&#8220;.vc_custom_1628074360996{margin-top: 50px !important;}&#8220;] Sara Botti [\/vc_column_text][vc_empty_space][vc_column_text]Sara Botti ist italienische Rechtsanw\u00e4ltin. Sie ber\u00e4t Klienten regelm\u00e4ssig in grenz\u00fcberschreitenden Angelegenheiten, die schweizerischen und italienischen Sachverhaltsbezug haben. Sara vertritt Klienten vor italienischen Gerichten und Verwaltungsbeh\u00f6rden.[\/vc_column_text][vc_empty_space][vc_column_text]Neben streitigen Angelegenheiten...\" \/>\n<meta property=\"og:url\" content=\"https:\/\/valloni.ch\/de\/sara-botti\/\" \/>\n<meta property=\"og:site_name\" content=\"Valloni\" \/>\n<meta property=\"article:publisher\" content=\"https:\/\/x.com\/lucienvalloni?s=21&amp;t=gsdDE--5p_Q9GnLZfeueXg\" \/>\n<meta property=\"article:modified_time\" content=\"2024-09-12T07:29:07+00:00\" \/>\n<meta property=\"og:image\" content=\"https:\/\/valloni.ch\/wp-content\/uploads\/2025\/08\/Valloni_negative_NoPayoff_RGB-scaled.png\" \/>\n\t<meta property=\"og:image:width\" content=\"2560\" \/>\n\t<meta property=\"og:image:height\" content=\"1810\" \/>\n\t<meta property=\"og:image:type\" content=\"image\/png\" \/>\n<meta name=\"twitter:card\" content=\"summary_large_image\" \/>\n<meta name=\"twitter:label1\" content=\"Gesch\u00e4tzte Lesezeit\" \/>\n\t<meta name=\"twitter:data1\" content=\"4\u00a0Minuten\" \/>\n<!-- \/ Yoast SEO plugin. -->","yoast_head_json":{"title":"Sara Botti - Valloni","robots":{"index":"index","follow":"follow","max-snippet":"max-snippet:-1","max-image-preview":"max-image-preview:large","max-video-preview":"max-video-preview:-1"},"canonical":"https:\/\/valloni.ch\/de\/sara-botti\/","og_locale":"de_DE","og_type":"article","og_title":"Sara Botti - Valloni","og_description":"[vc_row row_type=&#8220;row&#8220; use_row_as_full_screen_section=&#8220;no&#8220; type=&#8220;grid&#8220; text_align=&#8220;left&#8220; background_animation=&#8220;none&#8220; padding_top=&#8220;0&#8243; css_animation=&#8220;&#8220; css=&#8220;.vc_custom_1620649623188{margin-top: 50px !important;}&#8220;][vc_column width=&#8220;1\/2&#8243;][vc_column_text css=&#8220;.vc_custom_1628074360996{margin-top: 50px !important;}&#8220;] Sara Botti [\/vc_column_text][vc_empty_space][vc_column_text]Sara Botti ist italienische Rechtsanw\u00e4ltin. Sie ber\u00e4t Klienten regelm\u00e4ssig in grenz\u00fcberschreitenden Angelegenheiten, die schweizerischen und italienischen Sachverhaltsbezug haben. Sara vertritt Klienten vor italienischen Gerichten und Verwaltungsbeh\u00f6rden.[\/vc_column_text][vc_empty_space][vc_column_text]Neben streitigen Angelegenheiten...","og_url":"https:\/\/valloni.ch\/de\/sara-botti\/","og_site_name":"Valloni","article_publisher":"https:\/\/x.com\/lucienvalloni?s=21&t=gsdDE--5p_Q9GnLZfeueXg","article_modified_time":"2024-09-12T07:29:07+00:00","og_image":[{"width":2560,"height":1810,"url":"https:\/\/valloni.ch\/wp-content\/uploads\/2025\/08\/Valloni_negative_NoPayoff_RGB-scaled.png","type":"image\/png"}],"twitter_card":"summary_large_image","twitter_misc":{"Gesch\u00e4tzte Lesezeit":"4\u00a0Minuten"},"schema":{"@context":"https:\/\/schema.org","@graph":[{"@type":"WebPage","@id":"https:\/\/valloni.ch\/de\/sara-botti\/","url":"https:\/\/valloni.ch\/de\/sara-botti\/","name":"Sara Botti - Valloni","isPartOf":{"@id":"https:\/\/valloni.ch\/#website"},"datePublished":"2021-08-04T11:53:15+00:00","dateModified":"2024-09-12T07:29:07+00:00","breadcrumb":{"@id":"https:\/\/valloni.ch\/de\/sara-botti\/#breadcrumb"},"inLanguage":"de","potentialAction":[{"@type":"ReadAction","target":["https:\/\/valloni.ch\/de\/sara-botti\/"]}]},{"@type":"BreadcrumbList","@id":"https:\/\/valloni.ch\/de\/sara-botti\/#breadcrumb","itemListElement":[{"@type":"ListItem","position":1,"name":"Home","item":"https:\/\/valloni.ch\/de\/"},{"@type":"ListItem","position":2,"name":"Sara Botti"}]},{"@type":"WebSite","@id":"https:\/\/valloni.ch\/#website","url":"https:\/\/valloni.ch\/","name":"Valloni","description":"Attorneys at Law | Rechtsanw\u00e4lte","publisher":{"@id":"https:\/\/valloni.ch\/#organization"},"potentialAction":[{"@type":"SearchAction","target":{"@type":"EntryPoint","urlTemplate":"https:\/\/valloni.ch\/?s={search_term_string}"},"query-input":{"@type":"PropertyValueSpecification","valueRequired":true,"valueName":"search_term_string"}}],"inLanguage":"de"},{"@type":"Organization","@id":"https:\/\/valloni.ch\/#organization","name":"VALLONI Attorneys at Law","url":"https:\/\/valloni.ch\/","logo":{"@type":"ImageObject","inLanguage":"de","@id":"https:\/\/valloni.ch\/#\/schema\/logo\/image\/","url":"https:\/\/valloni.ch\/wp-content\/uploads\/2025\/08\/Valloni_negative_NoPayoff_RGB-scaled.png","contentUrl":"https:\/\/valloni.ch\/wp-content\/uploads\/2025\/08\/Valloni_negative_NoPayoff_RGB-scaled.png","width":2560,"height":1810,"caption":"VALLONI Attorneys at Law"},"image":{"@id":"https:\/\/valloni.ch\/#\/schema\/logo\/image\/"},"sameAs":["https:\/\/x.com\/lucienvalloni?s=21&t=gsdDE--5p_Q9GnLZfeueXg","https:\/\/www.linkedin.com\/company\/valloni-attorneys-at-law\/?viewAsMember=true"]}]}},"_links":{"self":[{"href":"https:\/\/valloni.ch\/de\/wp-json\/wp\/v2\/pages\/22132","targetHints":{"allow":["GET"]}}],"collection":[{"href":"https:\/\/valloni.ch\/de\/wp-json\/wp\/v2\/pages"}],"about":[{"href":"https:\/\/valloni.ch\/de\/wp-json\/wp\/v2\/types\/page"}],"author":[{"embeddable":true,"href":"https:\/\/valloni.ch\/de\/wp-json\/wp\/v2\/users\/1"}],"replies":[{"embeddable":true,"href":"https:\/\/valloni.ch\/de\/wp-json\/wp\/v2\/comments?post=22132"}],"version-history":[{"count":14,"href":"https:\/\/valloni.ch\/de\/wp-json\/wp\/v2\/pages\/22132\/revisions"}],"predecessor-version":[{"id":22551,"href":"https:\/\/valloni.ch\/de\/wp-json\/wp\/v2\/pages\/22132\/revisions\/22551"}],"wp:attachment":[{"href":"https:\/\/valloni.ch\/de\/wp-json\/wp\/v2\/media?parent=22132"}],"curies":[{"name":"wp","href":"https:\/\/api.w.org\/{rel}","templated":true}]}}