{"id":21964,"date":"2021-05-10T14:06:57","date_gmt":"2021-05-10T12:06:57","guid":{"rendered":"https:\/\/valloni.ch\/privacy\/"},"modified":"2024-09-13T16:19:02","modified_gmt":"2024-09-13T14:19:02","slug":"privacy","status":"publish","type":"page","link":"https:\/\/valloni.ch\/de\/privacy\/","title":{"rendered":"Datenschutzerkl\u00e4rung"},"content":{"rendered":"<div class=\"wpb-content-wrapper\"><p>[vc_row row_type=&#8220;row&#8220; use_row_as_full_screen_section=&#8220;no&#8220; type=&#8220;grid&#8220; anchor=&#8220;about&#8220; text_align=&#8220;left&#8220; background_animation=&#8220;none&#8220; padding_top=&#8220;80&#8243; padding_bottom=&#8220;80&#8243; css_animation=&#8220;&#8220; css=&#8220;.vc_custom_1620631489554{margin-top: 50px !important;}&#8220;][vc_column][vc_column_text]<\/p>\n<h3>Privacy Policy<\/h3>\n<p>[\/vc_column_text][vc_column_text css=&#8220;&#8220;]In dieser Datenschutzerkl\u00e4rung erkl\u00e4ren wir, VALLONI Rechtsanw\u00e4lte, was wir mit personenbezogenen Daten machen, die wir von Ihnen erfassen, wenn Sie unsere Webseite (unsere \u201eWebseite\u201c) nutzen. Wir empfehlen Ihnen, dass Sie diese Datenschutzerkl\u00e4rung sorgf\u00e4ltig durchlesen. Wir behalten uns vor, die Datenschutzerkl\u00e4rung gelegentlich anzupassen, daher raten wir Ihnen diese regelm\u00e4ssig zu \u00fcberpr\u00fcfen.<\/p>\n<p>Bitte beachten Sie, dass diese Datenschutzerkl\u00e4rung nur die Verwendung Ihrer pers\u00f6nlichen Daten betrifft, welche wir \u00fcber unserer Webseite und andere damit verbundenen Dienste erhalten haben.<\/p>\n<p>Mit der Nutzung unserer Webseite und der Bereitstellung von personenbezogenen Daten erkl\u00e4ren Sie sich mit der Nutzung dieser Informationen gem\u00e4ss dieser Datenschutzerkl\u00e4rung einverstanden. In \u00dcbereinstimmung mit diesen Bedingungen verarbeiten wir personenbezogene Daten nur gem\u00e4ss dem anwendbaren Recht.<\/p>\n<p>Wie wir personenbezogene Daten sammeln und nutzen<br \/>\nWenn Sie auf unsere Webseite zugreifen, sammeln und speichern wir Besucherinformationen, den Namen Ihres Internet Providers, die Internet Protokoll Adresse Ihres Computers (IP-Adresse), Zeit und Datum des Zugriffs auf die Webseite sowie die Seite und die Adresse der Webseite, von der Sie auf unsere Webseite weitergeleitet wurden. Die Verarbeitung dieser Informationen liegt in unserem berechtigten Interesse Ihren Besuch auf unserer Webseite zu verfolgen und die Webseite dementsprechend zu verbessern.<\/p>\n<p>F\u00fcr einige Informationen und Dienstleistungen, die \u00fcber die Website verf\u00fcgbar sind, werden Sie m\u00f6glicherweise aufgefordert, Ihren Namen und eine E-Mail-Adresse anzugeben. Es kann sein, dass wir diese Informationen auch auf anderem Wege erhalten, z.B. wenn Sie uns Ihre Visitenkarte gegeben haben. Das zur Verf\u00fcgung stellen solcher Informationen ist freiwillig. Wenn Sie uns solche Informationen abgegeben, k\u00f6nnen wir diese zur Verwaltung unserer Gesch\u00e4ftsbeziehung mit Ihnen nutzen. Sofern Sie uns Ihre Zustimmung durch das Anklicken der relevanten Box bei der Bereitstellung der Information gegeben haben, k\u00f6nnen wir Ihre Angaben nutzen, um Ihnen Informationen \u00fcber uns und unsere Dienstleistungen zuzustellen. Entsprechend werden wir Ihnen Marketingkommunikation zusenden, wenn Sie dem zugestimmt haben oder wenn wir ein berechtigtes Interesse daran haben. Durch den Einsatz von Tracking-Pixeln k\u00f6nnen wir sehen, ob und wann eine E-Mail von uns ge\u00f6ffnet wurde und welche Links in der E-Mail aktiviert wurden. Die Nutzung dieser Dienste und Informationen liegt in unserem berechtigten Interesse, sicherzustellen, dass unsere Webseite benutzerfreundlich ist, Sie Ihrem Bed\u00fcrfnis entsprechende Inhalte erhalten und um unseren gesetzlichen Verpflichtungen nachzukommen.<\/p>\n<p>Wir speichern Ihre personenbezogenen Daten nur so lange, wie dies zur Erf\u00fcllung der Zwecke, f\u00fcr die wir Sie gem\u00e4ss dieser Datenschutzerkl\u00e4rung verarbeiten haben, erforderlich ist oder solange wie uns eine gesetzliche oder berufliche Pflicht zur Aufbewahrung trifft.<\/p>\n<p>Wie wir personenbezogene Daten weitergeben d\u00fcrfen<br \/>\nWir betrachten Daten, die durch Ihren Besuch auf unserer Webseite erhobenen werden, als vertraulich und behandeln diese dementsprechend. Wir werden diese Daten nicht an Dritte weitergeben, sofern dies nicht notwendig ist, um Gesetze, Gerichtsbeschl\u00fcsse oder rechtliche Verfahren einzuhalten sowie unsere Vereinbarungen zu vollstrecken bzw. anzuwenden oder uns sowie unsere Rechte zu sch\u00fctzen. Alle unsere Anw\u00e4lte, Substituten und Mitarbeiter aller VALLONI-Standorte k\u00f6nnen Zugang zu Ihren personenbezogenen Daten haben, es sei denn, wir halten dies nicht f\u00fcr angemessen oder Sie weisen uns an, den Zugang zu bestimmten Informationen auf einen bestimmten Personenkreis zu beschr\u00e4nken. Wir k\u00f6nnen Dienstleistungen von externen Parteien (z.B. von Hosting-Providern) in verschiedenen L\u00e4ndern in Anspruch nehmen, von denen einige nicht als L\u00e4nder mit einem angemessenen Datenschutzniveau gelten, um uns beim Betrieb der Webseite und bei der Verarbeitung der in dieser Datenschutzerkl\u00e4rung beschriebenen Informationen zu unterst\u00fctzen. Mit diesen Dritten gew\u00e4hrleisten wir ein angemessenes Datenschutzniveau durch vertragliche Garantien.<\/p>\n<p>Cookies<br \/>\nCookies sind kleine Textdateien, die Ihr Browser auf Ihrem Computer speichert. Wir verwenden Cookies, um die Nutzung unserer Website zu erleichtern und die Website und unsere Produkte besser auf Ihre Interessen und Bed\u00fcrfnisse abzustimmen. Cookies k\u00f6nnen auch verwendet werden, um Ihre zuk\u00fcnftigen Aktivit\u00e4ten und Erfahrungen auf der Webseite zu verbessern. Wir verwenden Cookies auch, um anonyme, aggregierte Statistiken zu erstellen, die es uns erm\u00f6glichen, zu verstehen, wie unsere Webseite genutzt wird, und uns helfen, die Struktur und den Inhalt der Webseite zu verbessern.<\/p>\n<p>Sie k\u00f6nnen Ihre Browsereinstellungen so \u00e4ndern, dass Cookies blockiert werden oder Sie eine Benachrichtigung erhalten, wenn Cookies an Ihr Ger\u00e4t gesendet werden. Es gibt eine Reihe von M\u00f6glichkeiten, Cookies zu verwalten. Bitte lesen Sie die Anweisungen in Ihrem Browsers oder auf der Support Seite, um mehr dar\u00fcber zu erfahren, wie Sie Ihre Browsereinstellungen anpassen oder \u00e4ndern k\u00f6nnen.<\/p>\n<p>Google Analytics<br \/>\nWir verwenden Google Analytics, einen Webanalysedienst der Google, Inc. (\u201eGoogle\u201c). Google Analytics verwendet Cookies (siehe oben), um zu analysieren wie Nutzer die Webseite nutzen. Durch das Plug-In erh\u00e4lt Google die Information, dass Sie die entsprechende Seite unserer Webseite aufgerufen haben. Die durch die Cookies erzeugten Informationen betreffen die Nutzung der Webseite durch Sie, werden an Google \u00fcbertragen und von Googles Servern in den USA gespeichert. Ihre IP-Adresse wird vor der \u00dcbermittlung an Google noch verk\u00fcrzt.<\/p>\n<p>Social Plug-Ins<br \/>\nWir behalten uns vor Social Plug-Ins von verschiedenen sozialer Netzwerke zu verwenden, wie LinkedIn, Twitter oder Google. Diese Plug-Ins sind Funktionen des jeweiligen sozialen Netzwerkes, \u00fcber die Sie zum Beispiel Inhalte unserer Webseite mit Ihren Kontakten teilen oder weiterempfehlen k\u00f6nnen. Die Social Plug-Ins sind durch das Logo des jeweiligen sozialen Netzwerkes gekennzeichnet.<\/p>\n<p>\u00dcber diese integrierten Social Plug-Ins werden die Betreiber, die ihren Sitz regelm\u00e4ssig in den USA haben, dar\u00fcber informiert, dass Sie die entsprechenden Seiten unserer Webseite aufgerufen haben. Wenn Sie gleichzeitig auf einer dieser Seiten eingeloggt sind, kann der Betreiber des Netzwerks den Aufruf mit Ihrem Konto abgleichen. Daneben werden bei der Interaktion mit Social Plug-Ins die relevanten Informationen an das jeweilige soziale Netzwerk weitergeleitet. F\u00fcr Details betreffen den Zweck oder den Umfang der Verarbeitung von personenbezogenen Daten durch das jeweilige soziale Netzwerk sowie Ihre Rechte und Einstellungsoptionen verweisen wir auf die Datenschutzerkl\u00e4rung des jeweiligen sozialen Netzwerkes. Sie finden diese Angaben auf der Webseite des sozialen Netzwerkes.<\/p>\n<p>Datensicherheit<br \/>\nWir verwenden angemessene technische und organisatorische Sicherheitsvorkehrungen, um personenbezogene Daten vor Verlust, Missbrauch oder Ver\u00e4nderung zu sch\u00fctzen. Dennoch ist es nicht m\u00f6glich, die absolute Sicherheit von personenbezogenen Daten zu gew\u00e4hrleisten. Bitte beachten Sie in diesem Zusammenhang auch, dass Daten, die \u00fcber ein offenes Netzwerk wie das Internet oder einen E-Mail-Dienst \u00fcbertragen werden, offen zug\u00e4nglich sind. Wir k\u00f6nnen die Vertraulichkeit von Nachrichten oder Inhalten, welche \u00fcber diese Netzwerke geteilt werden, nicht garantieren. Wenn Sie personenbezogene Daten \u00fcber ein offenes Netzwerk weitergeben, sollten Sie sich bewusst sein, dass Dritte auf diese Daten zugreifen und diese f\u00fcr ihre Zwecke sammeln und verwenden k\u00f6nnen.<\/p>\n<p>Ihre Betroffenenrechte<br \/>\nSie k\u00f6nnen die uns zur Verf\u00fcgung gestellten personenbezogenen Daten jederzeit gerne aktualisieren, indem Sie uns zum Beispiel \u00fcber eine Post- oder E-Mail-Adresse informieren. Sie helfen uns damit Ihnen weiterhin Informationen zur Verf\u00fcgung zu stellen, die Ihren Bed\u00fcrfnissen am besten entsprechen. Sie haben das Recht Zugang zu Ihren personenbezogenen Daten zu verlangen. Daneben haben Sie ein Recht auf L\u00f6schung, Einschr\u00e4nkung oder Widerspruch gegen die Verarbeitung personenbezogener Daten sowie ein Recht auf Daten\u00fcbertragbarkeit und Widerruf der Einwilligung zu Verarbeitung. Sie k\u00f6nnen jederzeit eine Beschwerde bei uns oder bei der Aufsichtsbeh\u00f6rde einreichen, wenn Sie Bedenken in Bezug auf unseren Umgang mit personenbezogenen Daten haben.<\/p>\n<p>Solche Aktualisierungen und\/ oder Anfragen k\u00f6nnen Sie an info@valloni.ch schicken. Alle Anfragen oder Aktualisierungen unterliegen der \u00dcberpr\u00fcfung Ihrer Identit\u00e4t.<\/p>\n<p>Sie k\u00f6nnen sicher jederzeit von unserer E-Mail-Liste austragen lassen, indem Sie uns eine E-Mail an info@valloni.ch senden oder auf den Link am Ende einer E-Mail klicken.<\/p>\n<p>Kontakt<br \/>\nSollten Sie Fragen zur Erhebung oder Verwendung von personenbezogenen Daten haben, wenden Sie sich bitte an: info@valloni.ch oder schreiben Sie uns unter VALLONI Rechtsanw\u00e4lte, Seefeldstrasse 104, 8034 Z\u00fcrich, Schweiz.[\/vc_column_text][\/vc_column][\/vc_row]<\/p>\n<\/div>","protected":false},"excerpt":{"rendered":"<p>[vc_row row_type=&#8220;row&#8220; use_row_as_full_screen_section=&#8220;no&#8220; type=&#8220;grid&#8220; anchor=&#8220;about&#8220; text_align=&#8220;left&#8220; background_animation=&#8220;none&#8220; padding_top=&#8220;80&#8243; padding_bottom=&#8220;80&#8243; css_animation=&#8220;&#8220; css=&#8220;.vc_custom_1620631489554{margin-top: 50px !important;}&#8220;][vc_column][vc_column_text] Privacy Policy [\/vc_column_text][vc_column_text css=&#8220;&#8220;]In dieser Datenschutzerkl\u00e4rung erkl\u00e4ren wir, VALLONI Rechtsanw\u00e4lte, was wir mit personenbezogenen Daten machen, die wir von Ihnen erfassen, wenn Sie unsere Webseite (unsere \u201eWebseite\u201c) nutzen. Wir empfehlen Ihnen, dass&#8230;<\/p>\n","protected":false},"author":1,"featured_media":0,"parent":0,"menu_order":0,"comment_status":"open","ping_status":"open","template":"full_width.php","meta":{"inline_featured_image":false,"footnotes":""},"class_list":["post-21964","page","type-page","status-publish","hentry"],"yoast_head":"<!-- This site is optimized with the Yoast SEO plugin v27.3 - https:\/\/yoast.com\/product\/yoast-seo-wordpress\/ -->\n<title>Datenschutzerkl\u00e4rung - Valloni<\/title>\n<meta name=\"robots\" content=\"index, follow, max-snippet:-1, max-image-preview:large, max-video-preview:-1\" \/>\n<link rel=\"canonical\" href=\"https:\/\/valloni.ch\/de\/privacy\/\" \/>\n<meta property=\"og:locale\" content=\"de_DE\" \/>\n<meta property=\"og:type\" content=\"article\" \/>\n<meta property=\"og:title\" content=\"Datenschutzerkl\u00e4rung - Valloni\" \/>\n<meta property=\"og:description\" content=\"[vc_row row_type=&#8220;row&#8220; use_row_as_full_screen_section=&#8220;no&#8220; type=&#8220;grid&#8220; anchor=&#8220;about&#8220; text_align=&#8220;left&#8220; background_animation=&#8220;none&#8220; padding_top=&#8220;80&#8243; padding_bottom=&#8220;80&#8243; css_animation=&#8220;&#8220; css=&#8220;.vc_custom_1620631489554{margin-top: 50px !important;}&#8220;][vc_column][vc_column_text] Privacy Policy [\/vc_column_text][vc_column_text css=&#8220;&#8220;]In dieser Datenschutzerkl\u00e4rung erkl\u00e4ren wir, VALLONI Rechtsanw\u00e4lte, was wir mit personenbezogenen Daten machen, die wir von Ihnen erfassen, wenn Sie unsere Webseite (unsere \u201eWebseite\u201c) nutzen. Wir empfehlen Ihnen, dass...\" \/>\n<meta property=\"og:url\" content=\"https:\/\/valloni.ch\/de\/privacy\/\" \/>\n<meta property=\"og:site_name\" content=\"Valloni\" \/>\n<meta property=\"article:publisher\" content=\"https:\/\/x.com\/lucienvalloni?s=21&amp;t=gsdDE--5p_Q9GnLZfeueXg\" \/>\n<meta property=\"article:modified_time\" content=\"2024-09-13T14:19:02+00:00\" \/>\n<meta property=\"og:image\" content=\"https:\/\/valloni.ch\/wp-content\/uploads\/2025\/08\/Valloni_negative_NoPayoff_RGB-scaled.png\" \/>\n\t<meta property=\"og:image:width\" content=\"2560\" \/>\n\t<meta property=\"og:image:height\" content=\"1810\" \/>\n\t<meta property=\"og:image:type\" content=\"image\/png\" \/>\n<meta name=\"twitter:card\" content=\"summary_large_image\" \/>\n<meta name=\"twitter:label1\" content=\"Gesch\u00e4tzte Lesezeit\" \/>\n\t<meta name=\"twitter:data1\" content=\"7\u00a0Minuten\" \/>\n<!-- \/ Yoast SEO plugin. -->","yoast_head_json":{"title":"Datenschutzerkl\u00e4rung - Valloni","robots":{"index":"index","follow":"follow","max-snippet":"max-snippet:-1","max-image-preview":"max-image-preview:large","max-video-preview":"max-video-preview:-1"},"canonical":"https:\/\/valloni.ch\/de\/privacy\/","og_locale":"de_DE","og_type":"article","og_title":"Datenschutzerkl\u00e4rung - Valloni","og_description":"[vc_row row_type=&#8220;row&#8220; use_row_as_full_screen_section=&#8220;no&#8220; type=&#8220;grid&#8220; anchor=&#8220;about&#8220; text_align=&#8220;left&#8220; background_animation=&#8220;none&#8220; padding_top=&#8220;80&#8243; padding_bottom=&#8220;80&#8243; css_animation=&#8220;&#8220; css=&#8220;.vc_custom_1620631489554{margin-top: 50px !important;}&#8220;][vc_column][vc_column_text] Privacy Policy [\/vc_column_text][vc_column_text css=&#8220;&#8220;]In dieser Datenschutzerkl\u00e4rung erkl\u00e4ren wir, VALLONI Rechtsanw\u00e4lte, was wir mit personenbezogenen Daten machen, die wir von Ihnen erfassen, wenn Sie unsere Webseite (unsere \u201eWebseite\u201c) nutzen. Wir empfehlen Ihnen, dass...","og_url":"https:\/\/valloni.ch\/de\/privacy\/","og_site_name":"Valloni","article_publisher":"https:\/\/x.com\/lucienvalloni?s=21&t=gsdDE--5p_Q9GnLZfeueXg","article_modified_time":"2024-09-13T14:19:02+00:00","og_image":[{"width":2560,"height":1810,"url":"https:\/\/valloni.ch\/wp-content\/uploads\/2025\/08\/Valloni_negative_NoPayoff_RGB-scaled.png","type":"image\/png"}],"twitter_card":"summary_large_image","twitter_misc":{"Gesch\u00e4tzte Lesezeit":"7\u00a0Minuten"},"schema":{"@context":"https:\/\/schema.org","@graph":[{"@type":"WebPage","@id":"https:\/\/valloni.ch\/de\/privacy\/","url":"https:\/\/valloni.ch\/de\/privacy\/","name":"Datenschutzerkl\u00e4rung - Valloni","isPartOf":{"@id":"https:\/\/valloni.ch\/#website"},"datePublished":"2021-05-10T12:06:57+00:00","dateModified":"2024-09-13T14:19:02+00:00","breadcrumb":{"@id":"https:\/\/valloni.ch\/de\/privacy\/#breadcrumb"},"inLanguage":"de","potentialAction":[{"@type":"ReadAction","target":["https:\/\/valloni.ch\/de\/privacy\/"]}]},{"@type":"BreadcrumbList","@id":"https:\/\/valloni.ch\/de\/privacy\/#breadcrumb","itemListElement":[{"@type":"ListItem","position":1,"name":"Home","item":"https:\/\/valloni.ch\/de\/"},{"@type":"ListItem","position":2,"name":"Datenschutzerkl\u00e4rung"}]},{"@type":"WebSite","@id":"https:\/\/valloni.ch\/#website","url":"https:\/\/valloni.ch\/","name":"Valloni","description":"Attorneys at Law | Rechtsanw\u00e4lte","publisher":{"@id":"https:\/\/valloni.ch\/#organization"},"potentialAction":[{"@type":"SearchAction","target":{"@type":"EntryPoint","urlTemplate":"https:\/\/valloni.ch\/?s={search_term_string}"},"query-input":{"@type":"PropertyValueSpecification","valueRequired":true,"valueName":"search_term_string"}}],"inLanguage":"de"},{"@type":"Organization","@id":"https:\/\/valloni.ch\/#organization","name":"VALLONI Attorneys at Law","url":"https:\/\/valloni.ch\/","logo":{"@type":"ImageObject","inLanguage":"de","@id":"https:\/\/valloni.ch\/#\/schema\/logo\/image\/","url":"https:\/\/valloni.ch\/wp-content\/uploads\/2025\/08\/Valloni_negative_NoPayoff_RGB-scaled.png","contentUrl":"https:\/\/valloni.ch\/wp-content\/uploads\/2025\/08\/Valloni_negative_NoPayoff_RGB-scaled.png","width":2560,"height":1810,"caption":"VALLONI Attorneys at Law"},"image":{"@id":"https:\/\/valloni.ch\/#\/schema\/logo\/image\/"},"sameAs":["https:\/\/x.com\/lucienvalloni?s=21&t=gsdDE--5p_Q9GnLZfeueXg","https:\/\/www.linkedin.com\/company\/valloni-attorneys-at-law\/?viewAsMember=true"]}]}},"_links":{"self":[{"href":"https:\/\/valloni.ch\/de\/wp-json\/wp\/v2\/pages\/21964","targetHints":{"allow":["GET"]}}],"collection":[{"href":"https:\/\/valloni.ch\/de\/wp-json\/wp\/v2\/pages"}],"about":[{"href":"https:\/\/valloni.ch\/de\/wp-json\/wp\/v2\/types\/page"}],"author":[{"embeddable":true,"href":"https:\/\/valloni.ch\/de\/wp-json\/wp\/v2\/users\/1"}],"replies":[{"embeddable":true,"href":"https:\/\/valloni.ch\/de\/wp-json\/wp\/v2\/comments?post=21964"}],"version-history":[{"count":6,"href":"https:\/\/valloni.ch\/de\/wp-json\/wp\/v2\/pages\/21964\/revisions"}],"predecessor-version":[{"id":22572,"href":"https:\/\/valloni.ch\/de\/wp-json\/wp\/v2\/pages\/21964\/revisions\/22572"}],"wp:attachment":[{"href":"https:\/\/valloni.ch\/de\/wp-json\/wp\/v2\/media?parent=21964"}],"curies":[{"name":"wp","href":"https:\/\/api.w.org\/{rel}","templated":true}]}}