{"id":21759,"date":"2021-05-10T11:25:44","date_gmt":"2021-05-10T09:25:44","guid":{"rendered":"https:\/\/valloni.ch\/our-expertise\/"},"modified":"2024-12-05T07:09:39","modified_gmt":"2024-12-05T06:09:39","slug":"taetigkeitsgebiete","status":"publish","type":"page","link":"https:\/\/valloni.ch\/de\/taetigkeitsgebiete\/","title":{"rendered":"T\u00e4tigkeitsgebiete"},"content":{"rendered":"<div class=\"wpb-content-wrapper\"><p>[vc_row row_type=&#8220;row&#8220; use_row_as_full_screen_section=&#8220;no&#8220; type=&#8220;grid&#8220; text_align=&#8220;left&#8220; background_animation=&#8220;none&#8220; padding_top=&#8220;85&#8243; css_animation=&#8220;&#8220; css=&#8220;.vc_custom_1620644416708{margin-top: 50px !important;}&#8220;][vc_column][vc_column_text]<\/p>\n<h6 class=\"\">T\u00c4TIGKEITSGEBIETE<\/h6>\n<p>[\/vc_column_text][vc_separator type=&#8220;transparent&#8220; border_style=&#8220;&#8220; up=&#8220;20&#8243; down=&#8220;0&#8243; color=&#8220;#ffffff&#8220;][vc_column_text]<\/p>\n<h2 class=\"\">EIN UMFANGREICHES ANGEBOT AN JURISTISCHEN DIENSTLEISTUNGEN<\/h2>\n<p>[\/vc_column_text][vc_column_text css=&#8220;.vc_custom_1624954481835{margin-top: 50px !important;}&#8220;]<\/p>\n<h4>Unsere Hauptt\u00e4tigkeitsgebiete umfassen:<\/h4>\n<p>[\/vc_column_text][vc_row_inner row_type=&#8220;row&#8220; type=&#8220;grid&#8220; use_row_as_full_screen_section_slide=&#8220;no&#8220; text_align=&#8220;left&#8220; padding_top=&#8220;70&#8243; css_animation=&#8220;&#8220;][vc_column_inner width=&#8220;1\/2&#8243;][vc_column_text]<\/p>\n<h5 class=\"azzurro\">SPORTRECHT<\/h5>\n<p>[\/vc_column_text][vc_separator type=&#8220;transparent&#8220; border_style=&#8220;&#8220; up=&#8220;5&#8243; down=&#8220;0&#8243;][vc_column_text]Unser Team widmet sich der Unterst\u00fctzung von Klienten in s\u00e4mtlichen streitigen und nichtstreitigen Angelegenheiten der Sportbranche.<\/p>\n<p>Zu den erw\u00e4hnenswerten Vertretungen geh\u00f6ren zahlreiche hochkar\u00e4tige, medientr\u00e4chtige Doping-, Arbeits- und Disziplinarf\u00e4lle. Dr. Lucien W. Valloni ist einer der erfahrensten Prozessanw\u00e4lte in der Schweiz und vertritt Klienten vor dem Court of Arbitration for Sports (CAS) und anderen Spezialgerichten und Verbandsinstanzen, wie etwa der FIFA Dispute Resolution Chamber.<\/p>\n<p>Neben einer umfangreichen Prozesspraxis verf\u00fcgen wir auch \u00fcber langj\u00e4hrige Erfahrung in der aussergerichtlichen Vertretung im Sportbereich. Wir beraten und vertreten insbesondere Sportler, Sportvereine und Verb\u00e4nde in Vertragsangelegenheiten, Leistungs- und Bildrechtsvereinbarungen, Spielertransfers und Vertragsverhandlungen. Dar\u00fcber hinaus wurde Dr. Lucien W. Valloni im Zusammenhang mit einem der gr\u00f6ssten europ\u00e4ischen Spielmanipulationsskandale der letzten Zeit mandatiert.[\/vc_column_text][\/vc_column_inner][vc_column_inner width=&#8220;1\/2&#8243;][vc_column_text]<\/p>\n<h5 class=\"azzurro\">SCHIEDSGERICHTSBARKEIT<\/h5>\n<p>[\/vc_column_text][vc_separator type=&#8220;transparent&#8220; border_style=&#8220;&#8220; up=&#8220;5&#8243; down=&#8220;0&#8243;][vc_column_text]Wir haben grosse Erfahrung in internationalen Schiedsgerichtsangelegenheiten entwickelt. Neben unserem besonderen Schwerpunkt in bedeutenden Sportschiedsverfahren sind unsere Rechtsanw\u00e4lte regelm\u00e4ssig im Rahmen von internationalen wirtschaftsrechtlichen Schiedsverfahren gem\u00e4ss den Regeln vieler wichtigen Schiedsinstitutionen t\u00e4tig. Zu den erw\u00e4hnenswerten Vertretungen geh\u00f6rten Streitigkeiten im Bereich von Joint Ventures, Gesellschaftervertr\u00e4gen, Produktion, Hochsee-Schiffbau Auseinandersetzungen, Lizenzierungen bzw. geistigen Eigentumsrechten, internationalen Verkaufs-, Agentur- und Vertriebsvertr\u00e4gen sowie Fernseh\u00fcbertragungsvertr\u00e4gen.<\/p>\n<p>Wir verf\u00fcgen \u00fcber grosse Erfahrung in der Anfechtung von Schiedsgerichtsentscheidungen und insbesondere von CAS-Entscheidungen vor dem Schweizerischen Bundesgericht. Unser Partner Dr. Lucien W. Valloni ist einer der wenigen Rechtsanw\u00e4lte, der eine Aufhebung bzw. Annullierung einer CAS-Entscheidung vor dem Schweizerischen Bundesgericht erwirken konnte.<\/p>\n<p>Dar\u00fcber hinaus wurde unser Team beauftragt, bestehende Rechtsanw\u00e4lte eines Falles spezifisch f\u00fcr die \u00dcbernahme des Beschwerdeverfahrens vor dem Schweizerischen Bundesgericht zu ersetzen. Zudem hat Dr. Lucien W. Valloni erst k\u00fcrzlich einen wichtigen Sieg vor dem Europ\u00e4ischen Gerichtshof f\u00fcr Menschenrechte im Bereich der Sportschiedsgerichtsbarkeit errungen.[\/vc_column_text][\/vc_column_inner][\/vc_row_inner][vc_row_inner row_type=&#8220;row&#8220; type=&#8220;grid&#8220; use_row_as_full_screen_section_slide=&#8220;no&#8220; text_align=&#8220;left&#8220; padding_top=&#8220;50&#8243; css_animation=&#8220;&#8220; css=&#8220;.vc_custom_1620730445423{margin-top: 50px !important;}&#8220;][vc_column_inner width=&#8220;1\/2&#8243;][vc_column_text css=&#8220;&#8220;]<\/p>\n<h5 class=\"azzurro\">MEDIATION<\/h5>\n<p>[\/vc_column_text][vc_separator type=&#8220;transparent&#8220; border_style=&#8220;&#8220; up=&#8220;5&#8243; down=&#8220;0&#8243;][vc_column_text css=&#8220;&#8220;]Wir bieten auch professionelle Beratung und Unterst\u00fctzung zur internationalen Mediation f\u00fcr die Beilegung sportbezogener Streitigkeiten an. Die Nutzung der Sportmediation erfreut sich in der internationalen Sportgemeinschaft immer gr\u00f6sserer Beliebtheit.<\/p>\n<p>Tats\u00e4chlich ist unser internationaler Sportrechtsberater, Prof. Dr. Ian Blackshaw, ein erfahrener CAS-Mediator und hat in mehreren Sportstreitigkeiten vermittelt, darunter auch in F\u00e4llen der nicht autorisierten Nutzung der Bildrechte eines Sportlers.[\/vc_column_text][\/vc_column_inner][vc_column_inner width=&#8220;1\/2&#8243;][vc_column_text]<\/p>\n<h5 class=\"azzurro\">IMMOBILIENRECHT<\/h5>\n<p>[\/vc_column_text][vc_separator type=&#8220;transparent&#8220; border_style=&#8220;&#8220; up=&#8220;5&#8243; down=&#8220;0&#8243;][vc_column_text]Unsere Klienten sind Immobiliengesellschaften, Banken und Privatpersonen. Dr. Lucien W. Valloni ist auch als Pr\u00e4sident des Verwaltungsrates einer Immobiliengesellschaft t\u00e4tig.<\/p>\n<p>Wir bieten Rechtsberatung im Zusammenhang mit dem Erwerb, der Verwaltung und dem Verkauf von Immobilien (insbesondere Entwurf und Verhandlung von Mietvertr\u00e4gen, Baurechtsvertr\u00e4gen, Kauf-, Verkaufs- und R\u00fcckmietvertr\u00e4gen, Hypothekenvertr\u00e4gen und Due-Diligence-Pr\u00fcfungen) sowie Rechtsberatung im Zusammenhang mit regulatorischen Anforderungen (Lex Koller und Zweitwohnungsgesetzgebung) an.<\/p>\n<p>Wir verf\u00fcgen \u00fcber ein breites Fachwissen und vertreten Klienten in Vertragsstreitigkeiten, insbesondere im Zusammenhang mit Miet-, Regulierungs- und Bauangelegenheiten, sowohl vor staatlichen Gerichten als auch in Schiedsverfahren.<\/p>\n<p>Wir unterst\u00fctzen unsere Klienten in allen Phasen der Projektentwicklung und bei der Erstellung der entsprechenden Vertragsdokumentation.[\/vc_column_text][\/vc_column_inner][\/vc_row_inner][vc_row_inner row_type=&#8220;row&#8220; type=&#8220;grid&#8220; use_row_as_full_screen_section_slide=&#8220;no&#8220; text_align=&#8220;left&#8220; padding_top=&#8220;50&#8243; padding_bottom=&#8220;50&#8243; css_animation=&#8220;&#8220; css=&#8220;.vc_custom_1620730463186{margin-top: 50px !important;}&#8220;][vc_column_inner width=&#8220;1\/2&#8243;][vc_column_text]<\/p>\n<h5 class=\"azzurro\">PROZESSF\u00dcHRUNG<\/h5>\n<p>[\/vc_column_text][vc_separator type=&#8220;transparent&#8220; border_style=&#8220;&#8220; up=&#8220;5&#8243; down=&#8220;0&#8243;][vc_column_text]Wir f\u00fchren sowohl zivil- als auch strafrechtliche F\u00e4lle und sind gleichermassen erfahren darin, offensiv und defensiv zu agieren.<\/p>\n<p>Unsere Rechtsanw\u00e4lte haben mehr als 60 Verfahren vor Handelsgerichten, Bezirksgerichten und Berufungsinstanzen in der Schweiz gef\u00fchrt, meist in komplexen grenz\u00fcberschreitenden Rechtsstreitigkeiten. Zu den von unseren Rechtsanw\u00e4lten verhandelten F\u00e4llen geh\u00f6ren neben den erstinstanzlichen Verfahren auch mehrere Beschwerdeverfahren gegen Schiedsspr\u00fcche vor dem Schweizerischen Bundesgericht. Dar\u00fcber hinaus sind wir regelm\u00e4ssig im Rahmen von Gerichtsverfahren zur Vollstreckung von Schiedsspr\u00fcchen und ausl\u00e4ndischen Urteilen in der Schweiz sowie in Verfahren zur Verm\u00f6genspf\u00e4ndung t\u00e4tig. Schliesslich sind unsere Rechtsanw\u00e4lte in verschiedenen hochkar\u00e4tigen Wirtschaftsstrafrechtsf\u00e4llen mit der Vertretung der Interessen der Gesch\u00e4digten beauftragt worden.[\/vc_column_text][\/vc_column_inner][vc_column_inner width=&#8220;1\/2&#8243;][vc_column_text]<\/p>\n<h5 class=\"azzurro\">ARBEITSRECHT<\/h5>\n<p>[\/vc_column_text][vc_separator type=&#8220;transparent&#8220; border_style=&#8220;&#8220; up=&#8220;5&#8243; down=&#8220;0&#8243;][vc_column_text]Unsere arbeitsrechtliche Praxis umfasst alle Bereiche des Arbeitsrechts, einschliesslich arbeitsrechtlicher Streitigkeiten. Unser Team ber\u00e4t regelm\u00e4ssig zu grenz\u00fcberschreitenden arbeitsrechtlichen Fragen.<\/p>\n<p>Wir sind erfahren in der Gestaltung und Verhandlung von Arbeitsvertr\u00e4gen und Transfers vorwiegend im Bereich des Fussballs und haben grosse Kenntnis der anwendbaren FIFA Regularien f\u00fcr Vertragsstreitigkeiten.<\/p>\n<p>Wir unterst\u00fctzen unsere Klienten auch bei internen Untersuchungen und f\u00fchren komplexe Streitverhandlungen, K\u00fcndigungen, ungerechtfertigte und unrechtm\u00e4\u00dfige Entlassungen sowie jede Art von Rechtsstreitigkeiten, unabh\u00e4ngig davon, ob es sich um zivilrechtliche, strafrechtliche oder \u00f6ffentlich-rechtliche Angelegenheiten handelt.[\/vc_column_text][\/vc_column_inner][\/vc_row_inner][vc_row_inner row_type=&#8220;row&#8220; type=&#8220;grid&#8220; use_row_as_full_screen_section_slide=&#8220;no&#8220; text_align=&#8220;left&#8220; padding_top=&#8220;50&#8243; padding_bottom=&#8220;50&#8243; css_animation=&#8220;&#8220; css=&#8220;.vc_custom_1620730463186{margin-top: 50px !important;}&#8220;][vc_column_inner width=&#8220;1\/2&#8243;][vc_column_text]<\/p>\n<h5 class=\"azzurro\">MEDIEN-, UNTERHALTUNGS- &amp; DATENSCHUTZRECHT<\/h5>\n<p>[\/vc_column_text][vc_separator type=&#8220;transparent&#8220; border_style=&#8220;&#8220; up=&#8220;5&#8243; down=&#8220;0&#8243;][vc_column_text]Wir agieren in streitigen und nichtstreitigen F\u00e4llen f\u00fcr Klienten aus der Technologie-, Medien-, Unterhaltungs- und Telekommunikationsbranche. Aufgrund unserer Erfahrung und unseres Verst\u00e4ndnisses der Sport- und Medienlandschaft sind wir in der Lage, Klienten in Bezug auf Marketing-, Sponsoring-, Grossveranstaltungs- und Fernseh\u00fcbertragungsvertr\u00e4ge zu unterst\u00fctzen.[\/vc_column_text][\/vc_column_inner][vc_column_inner width=&#8220;1\/2&#8243;][vc_column_text]<\/p>\n<h5 class=\"azzurro\">VERTRAGS-, HANDELS- &amp; GESELLSCHAFTSRECHT<\/h5>\n<p>[\/vc_column_text][vc_separator type=&#8220;transparent&#8220; border_style=&#8220;&#8220; up=&#8220;5&#8243; down=&#8220;0&#8243;][vc_column_text]Prozessf\u00fchrung und Schiedsverfahren, insbesondere bei wirtschaftsrechtlichen Auseinandersetzungen, ist stets auch Vertrags- und Gesellschaftsrecht.<\/p>\n<p>Unsere Rechtsanw\u00e4lte beraten in allen vertragsrechtlichen Angelegenheiten und verf\u00fcgen \u00fcber beachtliche Erfahrung im Gesellschaftsrecht und Transaktionen.<\/p>\n<p>Unser Team kann auf ein hochwertiges Netzwerk z\u00e4hlen, wenn eine Sache Expertenwissen ben\u00f6tigt oder der Umfang und die Zeitverh\u00e4ltnisse einer Sache Verst\u00e4rkung ben\u00f6tigen, um den Erwartungen unserer Klienten zu entsprechen.[\/vc_column_text][\/vc_column_inner][\/vc_row_inner][\/vc_column][\/vc_row]<\/p>\n<\/div>","protected":false},"excerpt":{"rendered":"<p>[vc_row row_type=&#8220;row&#8220; use_row_as_full_screen_section=&#8220;no&#8220; type=&#8220;grid&#8220; text_align=&#8220;left&#8220; background_animation=&#8220;none&#8220; padding_top=&#8220;85&#8243; css_animation=&#8220;&#8220; css=&#8220;.vc_custom_1620644416708{margin-top: 50px !important;}&#8220;][vc_column][vc_column_text] T\u00c4TIGKEITSGEBIETE [\/vc_column_text][vc_separator type=&#8220;transparent&#8220; border_style=&#8220;&#8220; up=&#8220;20&#8243; down=&#8220;0&#8243; color=&#8220;#ffffff&#8220;][vc_column_text] EIN UMFANGREICHES ANGEBOT AN JURISTISCHEN DIENSTLEISTUNGEN [\/vc_column_text][vc_column_text css=&#8220;.vc_custom_1624954481835{margin-top: 50px !important;}&#8220;] Unsere Hauptt\u00e4tigkeitsgebiete umfassen: [\/vc_column_text][vc_row_inner row_type=&#8220;row&#8220; type=&#8220;grid&#8220; use_row_as_full_screen_section_slide=&#8220;no&#8220; text_align=&#8220;left&#8220; padding_top=&#8220;70&#8243; css_animation=&#8220;&#8220;][vc_column_inner width=&#8220;1\/2&#8243;][vc_column_text] SPORTRECHT [\/vc_column_text][vc_separator type=&#8220;transparent&#8220; border_style=&#8220;&#8220; up=&#8220;5&#8243; down=&#8220;0&#8243;][vc_column_text]Unser&#8230;<\/p>\n","protected":false},"author":1,"featured_media":0,"parent":0,"menu_order":0,"comment_status":"open","ping_status":"open","template":"full_width.php","meta":{"inline_featured_image":false,"footnotes":""},"class_list":["post-21759","page","type-page","status-publish","hentry"],"yoast_head":"<!-- This site is optimized with the Yoast SEO plugin v27.3 - https:\/\/yoast.com\/product\/yoast-seo-wordpress\/ -->\n<title>T\u00e4tigkeitsgebiete - Valloni<\/title>\n<meta name=\"robots\" content=\"index, follow, max-snippet:-1, max-image-preview:large, max-video-preview:-1\" \/>\n<link rel=\"canonical\" href=\"https:\/\/valloni.ch\/de\/taetigkeitsgebiete\/\" \/>\n<meta property=\"og:locale\" content=\"de_DE\" \/>\n<meta property=\"og:type\" content=\"article\" \/>\n<meta property=\"og:title\" content=\"T\u00e4tigkeitsgebiete - Valloni\" \/>\n<meta property=\"og:description\" content=\"[vc_row row_type=&#8220;row&#8220; use_row_as_full_screen_section=&#8220;no&#8220; type=&#8220;grid&#8220; text_align=&#8220;left&#8220; background_animation=&#8220;none&#8220; padding_top=&#8220;85&#8243; css_animation=&#8220;&#8220; css=&#8220;.vc_custom_1620644416708{margin-top: 50px !important;}&#8220;][vc_column][vc_column_text] T\u00c4TIGKEITSGEBIETE [\/vc_column_text][vc_separator type=&#8220;transparent&#8220; border_style=&#8220;&#8220; up=&#8220;20&#8243; down=&#8220;0&#8243; color=&#8220;#ffffff&#8220;][vc_column_text] EIN UMFANGREICHES ANGEBOT AN JURISTISCHEN DIENSTLEISTUNGEN [\/vc_column_text][vc_column_text css=&#8220;.vc_custom_1624954481835{margin-top: 50px !important;}&#8220;] Unsere Hauptt\u00e4tigkeitsgebiete umfassen: [\/vc_column_text][vc_row_inner row_type=&#8220;row&#8220; type=&#8220;grid&#8220; use_row_as_full_screen_section_slide=&#8220;no&#8220; text_align=&#8220;left&#8220; padding_top=&#8220;70&#8243; css_animation=&#8220;&#8220;][vc_column_inner width=&#8220;1\/2&#8243;][vc_column_text] SPORTRECHT [\/vc_column_text][vc_separator type=&#8220;transparent&#8220; border_style=&#8220;&#8220; up=&#8220;5&#8243; down=&#8220;0&#8243;][vc_column_text]Unser...\" \/>\n<meta property=\"og:url\" content=\"https:\/\/valloni.ch\/de\/taetigkeitsgebiete\/\" \/>\n<meta property=\"og:site_name\" content=\"Valloni\" \/>\n<meta property=\"article:publisher\" content=\"https:\/\/x.com\/lucienvalloni?s=21&amp;t=gsdDE--5p_Q9GnLZfeueXg\" \/>\n<meta property=\"article:modified_time\" content=\"2024-12-05T06:09:39+00:00\" \/>\n<meta property=\"og:image\" content=\"https:\/\/valloni.ch\/wp-content\/uploads\/2025\/08\/Valloni_negative_NoPayoff_RGB-scaled.png\" \/>\n\t<meta property=\"og:image:width\" content=\"2560\" \/>\n\t<meta property=\"og:image:height\" content=\"1810\" \/>\n\t<meta property=\"og:image:type\" content=\"image\/png\" \/>\n<meta name=\"twitter:card\" content=\"summary_large_image\" \/>\n<meta name=\"twitter:label1\" content=\"Gesch\u00e4tzte Lesezeit\" \/>\n\t<meta name=\"twitter:data1\" content=\"4\u00a0Minuten\" \/>\n<!-- \/ Yoast SEO plugin. -->","yoast_head_json":{"title":"T\u00e4tigkeitsgebiete - Valloni","robots":{"index":"index","follow":"follow","max-snippet":"max-snippet:-1","max-image-preview":"max-image-preview:large","max-video-preview":"max-video-preview:-1"},"canonical":"https:\/\/valloni.ch\/de\/taetigkeitsgebiete\/","og_locale":"de_DE","og_type":"article","og_title":"T\u00e4tigkeitsgebiete - Valloni","og_description":"[vc_row row_type=&#8220;row&#8220; use_row_as_full_screen_section=&#8220;no&#8220; type=&#8220;grid&#8220; text_align=&#8220;left&#8220; background_animation=&#8220;none&#8220; padding_top=&#8220;85&#8243; css_animation=&#8220;&#8220; css=&#8220;.vc_custom_1620644416708{margin-top: 50px !important;}&#8220;][vc_column][vc_column_text] T\u00c4TIGKEITSGEBIETE [\/vc_column_text][vc_separator type=&#8220;transparent&#8220; border_style=&#8220;&#8220; up=&#8220;20&#8243; down=&#8220;0&#8243; color=&#8220;#ffffff&#8220;][vc_column_text] EIN UMFANGREICHES ANGEBOT AN JURISTISCHEN DIENSTLEISTUNGEN [\/vc_column_text][vc_column_text css=&#8220;.vc_custom_1624954481835{margin-top: 50px !important;}&#8220;] Unsere Hauptt\u00e4tigkeitsgebiete umfassen: [\/vc_column_text][vc_row_inner row_type=&#8220;row&#8220; type=&#8220;grid&#8220; use_row_as_full_screen_section_slide=&#8220;no&#8220; text_align=&#8220;left&#8220; padding_top=&#8220;70&#8243; css_animation=&#8220;&#8220;][vc_column_inner width=&#8220;1\/2&#8243;][vc_column_text] SPORTRECHT [\/vc_column_text][vc_separator type=&#8220;transparent&#8220; border_style=&#8220;&#8220; up=&#8220;5&#8243; down=&#8220;0&#8243;][vc_column_text]Unser...","og_url":"https:\/\/valloni.ch\/de\/taetigkeitsgebiete\/","og_site_name":"Valloni","article_publisher":"https:\/\/x.com\/lucienvalloni?s=21&t=gsdDE--5p_Q9GnLZfeueXg","article_modified_time":"2024-12-05T06:09:39+00:00","og_image":[{"width":2560,"height":1810,"url":"https:\/\/valloni.ch\/wp-content\/uploads\/2025\/08\/Valloni_negative_NoPayoff_RGB-scaled.png","type":"image\/png"}],"twitter_card":"summary_large_image","twitter_misc":{"Gesch\u00e4tzte Lesezeit":"4\u00a0Minuten"},"schema":{"@context":"https:\/\/schema.org","@graph":[{"@type":"WebPage","@id":"https:\/\/valloni.ch\/de\/taetigkeitsgebiete\/","url":"https:\/\/valloni.ch\/de\/taetigkeitsgebiete\/","name":"T\u00e4tigkeitsgebiete - Valloni","isPartOf":{"@id":"https:\/\/valloni.ch\/#website"},"datePublished":"2021-05-10T09:25:44+00:00","dateModified":"2024-12-05T06:09:39+00:00","breadcrumb":{"@id":"https:\/\/valloni.ch\/de\/taetigkeitsgebiete\/#breadcrumb"},"inLanguage":"de","potentialAction":[{"@type":"ReadAction","target":["https:\/\/valloni.ch\/de\/taetigkeitsgebiete\/"]}]},{"@type":"BreadcrumbList","@id":"https:\/\/valloni.ch\/de\/taetigkeitsgebiete\/#breadcrumb","itemListElement":[{"@type":"ListItem","position":1,"name":"Home","item":"https:\/\/valloni.ch\/de\/"},{"@type":"ListItem","position":2,"name":"T\u00e4tigkeitsgebiete"}]},{"@type":"WebSite","@id":"https:\/\/valloni.ch\/#website","url":"https:\/\/valloni.ch\/","name":"Valloni","description":"Attorneys at Law | Rechtsanw\u00e4lte","publisher":{"@id":"https:\/\/valloni.ch\/#organization"},"potentialAction":[{"@type":"SearchAction","target":{"@type":"EntryPoint","urlTemplate":"https:\/\/valloni.ch\/?s={search_term_string}"},"query-input":{"@type":"PropertyValueSpecification","valueRequired":true,"valueName":"search_term_string"}}],"inLanguage":"de"},{"@type":"Organization","@id":"https:\/\/valloni.ch\/#organization","name":"VALLONI Attorneys at Law","url":"https:\/\/valloni.ch\/","logo":{"@type":"ImageObject","inLanguage":"de","@id":"https:\/\/valloni.ch\/#\/schema\/logo\/image\/","url":"https:\/\/valloni.ch\/wp-content\/uploads\/2025\/08\/Valloni_negative_NoPayoff_RGB-scaled.png","contentUrl":"https:\/\/valloni.ch\/wp-content\/uploads\/2025\/08\/Valloni_negative_NoPayoff_RGB-scaled.png","width":2560,"height":1810,"caption":"VALLONI Attorneys at Law"},"image":{"@id":"https:\/\/valloni.ch\/#\/schema\/logo\/image\/"},"sameAs":["https:\/\/x.com\/lucienvalloni?s=21&t=gsdDE--5p_Q9GnLZfeueXg","https:\/\/www.linkedin.com\/company\/valloni-attorneys-at-law\/?viewAsMember=true"]}]}},"_links":{"self":[{"href":"https:\/\/valloni.ch\/de\/wp-json\/wp\/v2\/pages\/21759","targetHints":{"allow":["GET"]}}],"collection":[{"href":"https:\/\/valloni.ch\/de\/wp-json\/wp\/v2\/pages"}],"about":[{"href":"https:\/\/valloni.ch\/de\/wp-json\/wp\/v2\/types\/page"}],"author":[{"embeddable":true,"href":"https:\/\/valloni.ch\/de\/wp-json\/wp\/v2\/users\/1"}],"replies":[{"embeddable":true,"href":"https:\/\/valloni.ch\/de\/wp-json\/wp\/v2\/comments?post=21759"}],"version-history":[{"count":33,"href":"https:\/\/valloni.ch\/de\/wp-json\/wp\/v2\/pages\/21759\/revisions"}],"predecessor-version":[{"id":23098,"href":"https:\/\/valloni.ch\/de\/wp-json\/wp\/v2\/pages\/21759\/revisions\/23098"}],"wp:attachment":[{"href":"https:\/\/valloni.ch\/de\/wp-json\/wp\/v2\/media?parent=21759"}],"curies":[{"name":"wp","href":"https:\/\/api.w.org\/{rel}","templated":true}]}}