{"id":21757,"date":"2021-05-11T08:19:27","date_gmt":"2021-05-11T06:19:27","guid":{"rendered":"https:\/\/valloni.ch\/dr-noemi-delli-colli\/"},"modified":"2025-05-22T10:49:17","modified_gmt":"2025-05-22T08:49:17","slug":"noemi-delli-colli","status":"publish","type":"page","link":"https:\/\/valloni.ch\/de\/noemi-delli-colli\/","title":{"rendered":"Noemi Delli Colli"},"content":{"rendered":"<div class=\"wpb-content-wrapper\"><p>[vc_row row_type=&#8220;row&#8220; use_row_as_full_screen_section=&#8220;no&#8220; type=&#8220;grid&#8220; text_align=&#8220;left&#8220; background_animation=&#8220;none&#8220; padding_top=&#8220;0&#8243; css_animation=&#8220;&#8220; css=&#8220;.vc_custom_1620649623188{margin-top: 50px !important;}&#8220;][vc_column width=&#8220;1\/2&#8243;][vc_column_text css=&#8220;.vc_custom_1624949534446{margin-top: 50px !important;}&#8220;]<\/p>\n<h2 class=\"\">Noemi Delli Colli<\/h2>\n<p>[\/vc_column_text][vc_empty_space][vc_column_text]<strong>Noemi Delli Colli ist haupts\u00e4chlich in den Bereichen nationale und internationale Prozessf\u00fchrung t\u00e4tig. Sie vertritt Parteien in Verfahren vor staatlichen Gerichten und Verwaltungsbeh\u00f6rden. Zudem vertritt Noemi Sportler in Disziplinarverfahren und sonstigen Verfahren innerhalb von Sportverb\u00e4nden sowie vor dem Court of Arbitration for Sport (CAS). Noemi hat auch Erfahrung in der Vertretung von Parteien in FINMA Enforcementverfahren sowie im Kontext von internen Untersuchungen.<\/strong>[\/vc_column_text][vc_empty_space][vc_column_text]Neben der prozessualen Vertretung ber\u00e4t und vertritt Noemi regelm\u00e4ssig Klienten im Bereich des Arbeits- und Immobilienrechts.[\/vc_column_text][vc_empty_space height=&#8220;10px&#8220;][vc_column_text]Noemi hat zudem fundierte Kenntnisse im transaktionellen Bereich, insb. im Banken- und Aufsichtsrecht sowie im allgemeinen Gesellschafts- und Vertragsrecht.<\/p>\n<p>&nbsp;<\/p>\n<p>D\u00a0<a class=\"linknero\" href=\"tel:0041445150234\">+41 44 515 02 34<\/a><br \/>\n<a class=\"linknero\" href=\"mailto:dellicolli@valloni.ch\">dellicolli@valloni.ch<\/a>[\/vc_column_text][vc_empty_space height=&#8220;10px&#8220;][\/vc_column][vc_column width=&#8220;1\/2&#8243;][vc_single_image image=&#8220;21742&#8243; img_size=&#8220;full&#8220; qode_css_animation=&#8220;element_from_right&#8220; transition_delay=&#8220;1&#8243;][vc_empty_space][\/vc_column][\/vc_row][vc_row row_type=&#8220;row&#8220; use_row_as_full_screen_section=&#8220;no&#8220; type=&#8220;grid&#8220; text_align=&#8220;left&#8220; background_animation=&#8220;none&#8220; padding_top=&#8220;0&#8243; css_animation=&#8220;&#8220; css=&#8220;.vc_custom_1624882332512{margin-top: 80px !important;margin-bottom: 50px !important;}&#8220;][vc_column width=&#8220;1\/2&#8243;][vc_column_text css=&#8220;&#8220;]<strong>Curriculum Vitae<\/strong><\/p>\n<ul class=\"rientro\">\n<li>Rechtsanwalt VALLONI Rechtsanw\u00e4lte (seit 2021)<\/li>\n<li>Associate bei B\u00e4r &amp; Karrer AG (2016-2020)<\/li>\n<li>Fordham University School of Law, New York: LL.M. (Fulbright Scholar and Recipient of William Michael Treanor Award) (2018)<\/li>\n<li>Erwerb des Anwaltspatents des Kantons Z\u00fcrich (2016)<\/li>\n<li>MME Legal AG (2013-2014)<\/li>\n<li>Praktikum bei einer Anwaltskanzlei in London (2013)<\/li>\n<li>Universit\u00e4t Z\u00fcrich: MLaw (2013)<\/li>\n<\/ul>\n<p>[\/vc_column_text][vc_empty_space][vc_column_text]<strong>Sprachen<\/strong><br \/>\nDeutsch, Englisch[\/vc_column_text][vc_empty_space][\/vc_column][vc_column width=&#8220;1\/2&#8243;][vc_column_text]<strong>Mitgliedschaften<\/strong><\/p>\n<ul class=\"rientro\">\n<li>Schweizerischer Anwaltsverband (SAV)<\/li>\n<li>Z\u00fcrcher Anwaltsverband (ZAV)<\/li>\n<\/ul>\n<p>[\/vc_column_text][vc_empty_space][vc_column_text]<strong>Zulassung<\/strong><br \/>\nAn allen Schweizer Gerichten.[\/vc_column_text][vc_empty_space][\/vc_column][\/vc_row][vc_row row_type=&#8220;row&#8220; use_row_as_full_screen_section=&#8220;no&#8220; type=&#8220;grid&#8220; anchor=&#8220;about&#8220; text_align=&#8220;left&#8220; background_animation=&#8220;none&#8220; padding_top=&#8220;80&#8243; padding_bottom=&#8220;80&#8243; css_animation=&#8220;&#8220;][vc_column][vc_column_text]<\/p>\n<h2>Publikationen<\/h2>\n<p>[\/vc_column_text][\/vc_column][\/vc_row][vc_row row_type=&#8220;row&#8220; use_row_as_full_screen_section=&#8220;no&#8220; type=&#8220;grid&#8220; text_align=&#8220;left&#8220; background_animation=&#8220;none&#8220; padding_top=&#8220;0&#8243; css_animation=&#8220;&#8220; css=&#8220;.vc_custom_1624883074587{margin-bottom: 50px !important;}&#8220;][vc_column width=&#8220;1\/2&#8243;][vc_column_text]STUTZ MICH\u00c8LE\/VALLONI NOEMI, Social Media im Arbeitsrecht,<br \/>\nin: Social Media und Recht f\u00fcr Unternehmen, Staffelbach Oliver\/Keller Claudia (Hrsg.), Schulthess Juristische Medien AG, Z\u00fcrich\/Basel\/Genf 2015<\/p>\n<p>GLARNER ANDREAS\/VALLONI NOEMI, The principal objections to the Swiss draft gambling law, in: World Online Gambling Law Report, Volume 13, Issue 09, September 2014<br \/>\n[\/vc_column_text][vc_empty_space][\/vc_column][vc_column width=&#8220;1\/2&#8243;][vc_column_text]STUTZ MICH\u00c8LE\/VALLONI NOEMI, What does Switzerland\u2019s reintroduction of immigration quotas mean in practice?, LexisNexis, Februar 2014<\/p>\n<p>BAHAR RASHID\/DELLI COLLI NOEMI, Basler Kommentar zum FIDLEG\/FINIG, Kommentierung der Artikel 4, 5 und 20 FIDLEG (wird voraussichtlich 2021\/2022 erscheinen)<br \/>\n[\/vc_column_text][vc_empty_space][\/vc_column][\/vc_row]<\/p>\n<\/div>","protected":false},"excerpt":{"rendered":"<p>[vc_row row_type=&#8220;row&#8220; use_row_as_full_screen_section=&#8220;no&#8220; type=&#8220;grid&#8220; text_align=&#8220;left&#8220; background_animation=&#8220;none&#8220; padding_top=&#8220;0&#8243; css_animation=&#8220;&#8220; css=&#8220;.vc_custom_1620649623188{margin-top: 50px !important;}&#8220;][vc_column width=&#8220;1\/2&#8243;][vc_column_text css=&#8220;.vc_custom_1624949534446{margin-top: 50px !important;}&#8220;] Noemi Delli Colli [\/vc_column_text][vc_empty_space][vc_column_text]Noemi Delli Colli ist haupts\u00e4chlich in den Bereichen nationale und internationale Prozessf\u00fchrung t\u00e4tig. Sie vertritt Parteien in Verfahren vor staatlichen Gerichten und Verwaltungsbeh\u00f6rden. Zudem vertritt Noemi Sportler&#8230;<\/p>\n","protected":false},"author":1,"featured_media":0,"parent":0,"menu_order":0,"comment_status":"open","ping_status":"closed","template":"full_width.php","meta":{"inline_featured_image":false,"footnotes":""},"class_list":["post-21757","page","type-page","status-publish","hentry"],"yoast_head":"<!-- This site is optimized with the Yoast SEO plugin v27.5 - https:\/\/yoast.com\/product\/yoast-seo-wordpress\/ -->\n<title>Noemi Delli Colli - Valloni<\/title>\n<meta name=\"robots\" content=\"index, follow, max-snippet:-1, max-image-preview:large, max-video-preview:-1\" \/>\n<link rel=\"canonical\" href=\"https:\/\/valloni.ch\/de\/noemi-delli-colli\/\" \/>\n<meta property=\"og:locale\" content=\"de_DE\" \/>\n<meta property=\"og:type\" content=\"article\" \/>\n<meta property=\"og:title\" content=\"Noemi Delli Colli - Valloni\" \/>\n<meta property=\"og:description\" content=\"[vc_row row_type=&#8220;row&#8220; use_row_as_full_screen_section=&#8220;no&#8220; type=&#8220;grid&#8220; text_align=&#8220;left&#8220; background_animation=&#8220;none&#8220; padding_top=&#8220;0&#8243; css_animation=&#8220;&#8220; css=&#8220;.vc_custom_1620649623188{margin-top: 50px !important;}&#8220;][vc_column width=&#8220;1\/2&#8243;][vc_column_text css=&#8220;.vc_custom_1624949534446{margin-top: 50px !important;}&#8220;] Noemi Delli Colli [\/vc_column_text][vc_empty_space][vc_column_text]Noemi Delli Colli ist haupts\u00e4chlich in den Bereichen nationale und internationale Prozessf\u00fchrung t\u00e4tig. Sie vertritt Parteien in Verfahren vor staatlichen Gerichten und Verwaltungsbeh\u00f6rden. Zudem vertritt Noemi Sportler...\" \/>\n<meta property=\"og:url\" content=\"https:\/\/valloni.ch\/de\/noemi-delli-colli\/\" \/>\n<meta property=\"og:site_name\" content=\"Valloni\" \/>\n<meta property=\"article:publisher\" content=\"https:\/\/x.com\/lucienvalloni?s=21&amp;t=gsdDE--5p_Q9GnLZfeueXg\" \/>\n<meta property=\"article:modified_time\" content=\"2025-05-22T08:49:17+00:00\" \/>\n<meta property=\"og:image\" content=\"https:\/\/valloni.ch\/wp-content\/uploads\/2025\/08\/Valloni_negative_NoPayoff_RGB-scaled.png\" \/>\n\t<meta property=\"og:image:width\" content=\"2560\" \/>\n\t<meta property=\"og:image:height\" content=\"1810\" \/>\n\t<meta property=\"og:image:type\" content=\"image\/png\" \/>\n<meta name=\"twitter:card\" content=\"summary_large_image\" \/>\n<meta name=\"twitter:label1\" content=\"Gesch\u00e4tzte Lesezeit\" \/>\n\t<meta name=\"twitter:data1\" content=\"3\u00a0Minuten\" \/>\n<!-- \/ Yoast SEO plugin. -->","yoast_head_json":{"title":"Noemi Delli Colli - Valloni","robots":{"index":"index","follow":"follow","max-snippet":"max-snippet:-1","max-image-preview":"max-image-preview:large","max-video-preview":"max-video-preview:-1"},"canonical":"https:\/\/valloni.ch\/de\/noemi-delli-colli\/","og_locale":"de_DE","og_type":"article","og_title":"Noemi Delli Colli - Valloni","og_description":"[vc_row row_type=&#8220;row&#8220; use_row_as_full_screen_section=&#8220;no&#8220; type=&#8220;grid&#8220; text_align=&#8220;left&#8220; background_animation=&#8220;none&#8220; padding_top=&#8220;0&#8243; css_animation=&#8220;&#8220; css=&#8220;.vc_custom_1620649623188{margin-top: 50px !important;}&#8220;][vc_column width=&#8220;1\/2&#8243;][vc_column_text css=&#8220;.vc_custom_1624949534446{margin-top: 50px !important;}&#8220;] Noemi Delli Colli [\/vc_column_text][vc_empty_space][vc_column_text]Noemi Delli Colli ist haupts\u00e4chlich in den Bereichen nationale und internationale Prozessf\u00fchrung t\u00e4tig. Sie vertritt Parteien in Verfahren vor staatlichen Gerichten und Verwaltungsbeh\u00f6rden. Zudem vertritt Noemi Sportler...","og_url":"https:\/\/valloni.ch\/de\/noemi-delli-colli\/","og_site_name":"Valloni","article_publisher":"https:\/\/x.com\/lucienvalloni?s=21&t=gsdDE--5p_Q9GnLZfeueXg","article_modified_time":"2025-05-22T08:49:17+00:00","og_image":[{"width":2560,"height":1810,"url":"https:\/\/valloni.ch\/wp-content\/uploads\/2025\/08\/Valloni_negative_NoPayoff_RGB-scaled.png","type":"image\/png"}],"twitter_card":"summary_large_image","twitter_misc":{"Gesch\u00e4tzte Lesezeit":"3\u00a0Minuten"},"schema":{"@context":"https:\/\/schema.org","@graph":[{"@type":"WebPage","@id":"https:\/\/valloni.ch\/de\/noemi-delli-colli\/","url":"https:\/\/valloni.ch\/de\/noemi-delli-colli\/","name":"Noemi Delli Colli - Valloni","isPartOf":{"@id":"https:\/\/valloni.ch\/#website"},"datePublished":"2021-05-11T06:19:27+00:00","dateModified":"2025-05-22T08:49:17+00:00","breadcrumb":{"@id":"https:\/\/valloni.ch\/de\/noemi-delli-colli\/#breadcrumb"},"inLanguage":"de","potentialAction":[{"@type":"ReadAction","target":["https:\/\/valloni.ch\/de\/noemi-delli-colli\/"]}]},{"@type":"BreadcrumbList","@id":"https:\/\/valloni.ch\/de\/noemi-delli-colli\/#breadcrumb","itemListElement":[{"@type":"ListItem","position":1,"name":"Home","item":"https:\/\/valloni.ch\/de\/"},{"@type":"ListItem","position":2,"name":"Noemi Delli Colli"}]},{"@type":"WebSite","@id":"https:\/\/valloni.ch\/#website","url":"https:\/\/valloni.ch\/","name":"Valloni","description":"Attorneys at Law | Rechtsanw\u00e4lte","publisher":{"@id":"https:\/\/valloni.ch\/#organization"},"potentialAction":[{"@type":"SearchAction","target":{"@type":"EntryPoint","urlTemplate":"https:\/\/valloni.ch\/?s={search_term_string}"},"query-input":{"@type":"PropertyValueSpecification","valueRequired":true,"valueName":"search_term_string"}}],"inLanguage":"de"},{"@type":"Organization","@id":"https:\/\/valloni.ch\/#organization","name":"VALLONI Attorneys at Law","url":"https:\/\/valloni.ch\/","logo":{"@type":"ImageObject","inLanguage":"de","@id":"https:\/\/valloni.ch\/#\/schema\/logo\/image\/","url":"https:\/\/valloni.ch\/wp-content\/uploads\/2025\/08\/Valloni_negative_NoPayoff_RGB-scaled.png","contentUrl":"https:\/\/valloni.ch\/wp-content\/uploads\/2025\/08\/Valloni_negative_NoPayoff_RGB-scaled.png","width":2560,"height":1810,"caption":"VALLONI Attorneys at Law"},"image":{"@id":"https:\/\/valloni.ch\/#\/schema\/logo\/image\/"},"sameAs":["https:\/\/x.com\/lucienvalloni?s=21&t=gsdDE--5p_Q9GnLZfeueXg","https:\/\/www.linkedin.com\/company\/valloni-attorneys-at-law\/?viewAsMember=true"]}]}},"_links":{"self":[{"href":"https:\/\/valloni.ch\/de\/wp-json\/wp\/v2\/pages\/21757","targetHints":{"allow":["GET"]}}],"collection":[{"href":"https:\/\/valloni.ch\/de\/wp-json\/wp\/v2\/pages"}],"about":[{"href":"https:\/\/valloni.ch\/de\/wp-json\/wp\/v2\/types\/page"}],"author":[{"embeddable":true,"href":"https:\/\/valloni.ch\/de\/wp-json\/wp\/v2\/users\/1"}],"replies":[{"embeddable":true,"href":"https:\/\/valloni.ch\/de\/wp-json\/wp\/v2\/comments?post=21757"}],"version-history":[{"count":9,"href":"https:\/\/valloni.ch\/de\/wp-json\/wp\/v2\/pages\/21757\/revisions"}],"predecessor-version":[{"id":24177,"href":"https:\/\/valloni.ch\/de\/wp-json\/wp\/v2\/pages\/21757\/revisions\/24177"}],"wp:attachment":[{"href":"https:\/\/valloni.ch\/de\/wp-json\/wp\/v2\/media?parent=21757"}],"curies":[{"name":"wp","href":"https:\/\/api.w.org\/{rel}","templated":true}]}}