{"id":21755,"date":"2021-05-10T11:26:39","date_gmt":"2021-05-10T09:26:39","guid":{"rendered":"https:\/\/valloni.ch\/dr-lucien-w-valloni\/"},"modified":"2024-09-24T12:03:18","modified_gmt":"2024-09-24T10:03:18","slug":"dr-lucien-w-valloni","status":"publish","type":"page","link":"https:\/\/valloni.ch\/de\/dr-lucien-w-valloni\/","title":{"rendered":"Dr. Lucien W. Valloni"},"content":{"rendered":"<div class=\"wpb-content-wrapper\"><p>[vc_row row_type=&#8220;row&#8220; use_row_as_full_screen_section=&#8220;no&#8220; type=&#8220;grid&#8220; text_align=&#8220;left&#8220; background_animation=&#8220;none&#8220; padding_top=&#8220;0&#8243; css_animation=&#8220;&#8220; css=&#8220;.vc_custom_1620649623188{margin-top: 50px !important;}&#8220;][vc_column width=&#8220;1\/2&#8243;][vc_column_text css=&#8220;.vc_custom_1620649324936{margin-top: 50px !important;}&#8220;]<\/p>\n<h2 class=\"\">Dr. Lucien W. Valloni<\/h2>\n<p>[\/vc_column_text][vc_empty_space][vc_column_text]<strong>Lucien W. Valloni ist ein sehr erfahrener Prozessanwalt in internationalen und inl\u00e4ndischen Handelsstreitigkeiten und Schiedsgerichtsverfahren. Er ist einer der erfolgreichsten Sportanw\u00e4lte der Schweiz, mit umfassender Erfahrung in Sportschiedsgerichtsbarkeitsangelegenheiten vor dem Court of Arbitration for Sport (CAS) sowie vor s\u00e4mtlichen Verbandsinstanzen der bedeutendsten Sportverb\u00e4nde. <\/strong>[\/vc_column_text][vc_empty_space][vc_column_text]Lucien ist auch bekannt f\u00fcr seine grosse Expertise auf dem Gebiet der Anfechtung von Schiedsspr\u00fcchen vor dem Bundesgericht. Sowohl vor dem Bundesgericht wie auch vor dem Europ\u00e4ischen Gerichtshof f\u00fcr Menschenrechte hat er bereits diverse publizit\u00e4tstr\u00e4chtige Sportrechtsf\u00e4lle gewonnen.[\/vc_column_text][vc_empty_space height=&#8220;10px&#8220;][vc_column_text]Zudem unterst\u00fctzt Lucien gesch\u00e4digte Zivilpersonen und Gesellschaften in Strafverfahren und ist im Zusammenhang mit der Vollstreckung ausl\u00e4ndischer Urteile sowie in grossen komplexen grenz\u00fcberschreitenden Rechtsstreitigkeiten t\u00e4tig. Lucien hat auch grosse Erfahrung im Immobilientransaktionsbereich.[\/vc_column_text][vc_empty_space height=&#8220;10px&#8220;][vc_column_text]Lucien ist Gr\u00fcnder und Managing Partner unserer Kanzlei. Daneben publiziert und doziert er regelm\u00e4ssig zu den Themen Prozessf\u00fchrung und Sportrecht. Er ist unter anderem st\u00e4ndiger Gastdozent an der Paris-Sorbonne Universit\u00e4t in Abu Dhabi.<\/p>\n<p>&nbsp;<\/p>\n<p>D <a class=\"linknero\" href=\"tel:0041445150233\">+41 44 515 02 33<\/a>\u00a0 M <a class=\"linknero\" href=\"tel:0041763880990\">+41 76 388 09 90<\/a><br \/>\n<a class=\"linknero\" href=\"mailto:valloni@valloni.ch\">valloni@valloni.ch<\/a>[\/vc_column_text][vc_empty_space][\/vc_column][vc_column width=&#8220;1\/2&#8243;][vc_single_image image=&#8220;22607&#8243; img_size=&#8220;full&#8220; css=&#8220;.vc_custom_1727172195383{padding-right: 50px !important;padding-left: 50px !important;}&#8220; qode_css_animation=&#8220;element_from_right&#8220; transition_delay=&#8220;1&#8243;][vc_empty_space][\/vc_column][\/vc_row][vc_row row_type=&#8220;row&#8220; use_row_as_full_screen_section=&#8220;no&#8220; type=&#8220;grid&#8220; text_align=&#8220;left&#8220; background_animation=&#8220;none&#8220; padding_top=&#8220;0&#8243; css_animation=&#8220;&#8220; css=&#8220;.vc_custom_1624882332512{margin-top: 80px !important;margin-bottom: 50px !important;}&#8220;][vc_column width=&#8220;1\/2&#8243;][vc_column_text]<strong>Curriculum Vitae<\/strong><\/p>\n<ul class=\"rientro\">\n<li>Gr\u00fcnder und Managing Partner VALLONI Rechtsanw\u00e4lte (seit 2021)<\/li>\n<li>Partner FRORIEP (1997-2021)<\/li>\n<li>Dozent an der Sorbonne Universit\u00e4t Abu Dhabi (2015-heute)<\/li>\n<li>Dozent an der Fernfachhochschule Schweiz (FFHS)(2021-heute)<\/li>\n<li>Universit\u00e4t Z\u00fcrich: Dr. iur. (summa cum laude und Prof. Walther Hug-Preis) (1997)<\/li>\n<li>Kassationsgericht des Kantons Z\u00fcrich (1994-1996)<\/li>\n<li>Obergericht des Kantons Z\u00fcrich (1994)<\/li>\n<li>Anwaltspatent (1993)<\/li>\n<li>Bezirksgericht Dielsdorf (1990-1991)<\/li>\n<li>Universit\u00e4t Z\u00fcrich: lic.iur. (1990)<\/li>\n<\/ul>\n<p>[\/vc_column_text][vc_empty_space][vc_column_text]<strong>Mitgliedschaften<\/strong><\/p>\n<ul class=\"rientro\">\n<li>Schweizerischer Anwaltsverband (SAV)<\/li>\n<li>Z\u00fcrcher Anwaltsverband (ZAV)<\/li>\n<li>Swiss Arbitration Association (ASA)<\/li>\n<li>Association Internationale des Avocats de Football (AIAF)<\/li>\n<li>Board member FIFPRO (F\u00e9d\u00e9ration Internationale des Associations de Footballeurs Professionnels)<\/li>\n<li>Board member FIFPRO Division Europe<\/li>\n<li>Pr\u00e4sident SAFP (Swiss Association of Football Players)<\/li>\n<li>Pr\u00e4sident WAIPU (World Association of Icehockey Players\u2019 Union)<\/li>\n<li>Associazione Internazionale Giuristi di Lingua Italiana (AIGLI)<\/li>\n<li>Schweizerisch-Italienische Handelskammer (Camera di Commercio Italiana per la Svizzera)<\/li>\n<\/ul>\n<p>[\/vc_column_text][vc_empty_space][\/vc_column][vc_column width=&#8220;1\/2&#8243;][vc_column_text]<strong>Sprachen<\/strong><br \/>\nDeutsch, Englisch, Italienisch, Franz\u00f6sisch[\/vc_column_text][vc_empty_space][vc_column_text]<strong>Zulassung<\/strong><br \/>\nAn allen Schweizer Gerichten[\/vc_column_text][vc_empty_space][vc_column_text]<strong>Rankings<\/strong><\/p>\n<ul class=\"rientro\">\n<li>Who\u2019 Who Legal Thought Leaders Switzerland (2021)<\/li>\n<li>Chambers Europe (Sport) 2021<\/li>\n<li>Legal 500 EMEA (Dispute Resolution \u2013 Litigation)<\/li>\n<li>Legal 500 EMEA (Sports Law)<\/li>\n<li>Who&#8217;s Who Legal Thought Leaders Switzerland<\/li>\n<li>Who&#8217;s Who Legal Global Leader (Entertainment)<\/li>\n<li>Who&#8217;s Who Legal Global Leader (Sports)<\/li>\n<li>Who&#8217;s Who Legal National Leader Switzerland (Sports &amp; Entertainment)<\/li>\n<li>Leaders League (Litigation &amp; Arbitration &#8211; International Arbitration)<\/li>\n<li>Leaders League (Media &amp; Entertainment &#8211; Sports Law)<\/li>\n<li>Best Lawyers in Switzerland 2019<\/li>\n<li>Chambers Europe (Sport) 2019<\/li>\n<\/ul>\n<p>[\/vc_column_text][vc_empty_space][\/vc_column][\/vc_row][vc_row row_type=&#8220;row&#8220; use_row_as_full_screen_section=&#8220;no&#8220; type=&#8220;grid&#8220; anchor=&#8220;about&#8220; text_align=&#8220;left&#8220; background_animation=&#8220;none&#8220; padding_top=&#8220;80&#8243; padding_bottom=&#8220;80&#8243; css_animation=&#8220;&#8220;][vc_column][vc_column_text]<\/p>\n<h2>Publikationen<\/h2>\n<p>[\/vc_column_text][\/vc_column][\/vc_row][vc_row row_type=&#8220;row&#8220; use_row_as_full_screen_section=&#8220;no&#8220; type=&#8220;grid&#8220; text_align=&#8220;left&#8220; background_animation=&#8220;none&#8220; padding_top=&#8220;0&#8243; css_animation=&#8220;&#8220; css=&#8220;.vc_custom_1624883074587{margin-bottom: 50px !important;}&#8220;][vc_column width=&#8220;1\/2&#8243;][vc_column_text]<a href=\"https:\/\/valloni.ch\/de\/2023\/04\/26\/neue-publikation-zu-den-neuen-fifa-football-agent-regulations\/\">Neue Publikation zu den neuen FIFA Football Agent Regulations<\/a>, M\u00e4rz 2023<br \/>\n<a href=\"https:\/\/valloni.ch\/wp-content\/uploads\/2021\/06\/Coronavirus-Pandemic-economic-impact-on-Sport-in-Switzerland-SportsAndTaxation-Valloni-Froriep.pdf\" target=\"_blank\" rel=\"noopener\">The Coronavirus Pandemic: Its Economic Impact on Sport in Switzerland, Sports &amp; Taxation (PDF)<\/a><br \/>\n<a href=\"https:\/\/valloni.ch\/wp-content\/uploads\/2021\/06\/Sports-Law-in-Switzerland.pdf\" target=\"_blank\" rel=\"noopener\">Sports law in Switzerland, Third Edition, St\u00e4mpfli Publishersv (PDF)<\/a><br \/>\nCAS Update: Spanish Adopted as Third Official Language and Other Amendments to the Code of Sports-Related Arbitration, Blog article, September 2020<br \/>\nImportant Victory for Footballers in Turkey before the European Court of Human Rights | Arbitration Committee of the Turkish Football Federation considered not independent and impartial, Blog article, January 2020<br \/>\nCAS decision overturned by the Swiss Federal Supreme Court, Blog article, February 2018<br \/>\nQ&amp;A: 52 Years of Condominium Ownership in the Swiss Civil Code | 52 Questions &amp; Answers, Blog article, December 2017<br \/>\nExtremely important victory for a football player against former club for wrongful termination achieved, Blog article, May 2017<br \/>\nCAS structure and procedure &#8211; it is now time for a change!, Football Legal, 2016<br \/>\nIs a jurisdiction clause of a Swiss bank for foreign consumers valid?, Blog article, March 2016<\/p>\n<p>Switzerland as a leader in the fight against corruption in sports?, Blog article, February 2016<br \/>\n<a href=\"https:\/\/valloni.ch\/wp-content\/uploads\/2021\/06\/SwitzerlandAsHost_Valloni_Neuenschwander_GCRSport.pdf\" target=\"_blank\" rel=\"noopener\">The role of Switzerland as host: moves to hold sports organisations more accountable, and wider implications \u2013 Transparency International, 2015, 426 ff. (PDF)<\/a><br \/>\nThe Pechstein decision \u2013 The end of sports jurisdiction as we know it?, FRORIEP Sports Briefing, March 2015 (PDF)<br \/>\n<a href=\"https:\/\/valloni.ch\/wp-content\/uploads\/2021\/06\/Lucien_Valloni_employment_relationships_at_national_level.pdf\" target=\"_blank\" rel=\"noopener\">Employment relationships at national level: Switzerland, in: European and Sports Law and Policy Bulletin, Issue 1-2014, Regulating employment relationships in professional football, Eds. Michele Colucci and Frank Hendrickx, Brussels 2014 (PDF)<\/a><br \/>\nRecognition and Enforcement of an English Freezing Order in Switzerland under the revised Lugano Convention and the Swiss Civil Procedure Code, FRORIEP Litigation Briefing, 29 September 2014 (PDF)<br \/>\nLitigation Briefing, FRORIEP (PDF)<br \/>\nNotes on the Groundbreaking Judgment of the European Court of Human Rights in the Proceedings Howald Moor et al. against Switzerland dated 11 March 2014, FRORIEP Litigation Briefing, 16 June 2014 (PDF)<br \/>\n<a href=\"https:\/\/valloni.ch\/wp-content\/uploads\/2021\/06\/Lucien_Valloni_Sports_Law_in_Switzerland_2nd_Edition.pdf\" target=\"_blank\" rel=\"noopener\">Sports Law in Switzerland, in: Kluwer Law International, 2014 (PDF)<\/a><br \/>\n<a href=\"https:\/\/valloni.ch\/wp-content\/uploads\/2021\/06\/Lucien_Valloni_FIFA_transfer_regulations_from_the_players_perspective.pdf\" target=\"_blank\" rel=\"noopener\">FIFA transfer regluations from the player\u2019s perspective, in: Legal problems of football sport, Adrzey J. Szwarc, Poznan, 2013, p. 399 et seq. (German), p. 410 et seq. (English) and 387 et seq. (Polish) (PDF)<\/a><br \/>\nNotes on the Swiss Federal Court\u2019s practice regarding the admissibility of sports law-related matters, FRORIEP Sports Briefing, February 2014 (PDF)[\/vc_column_text][vc_empty_space][\/vc_column][vc_column width=&#8220;1\/2&#8243;][vc_column_text]<a href=\"https:\/\/valloni.ch\/wp-content\/uploads\/2021\/06\/LVA_FIFA_transfer_regulations_from_the_players_perspective.pdf\" target=\"_blank\" rel=\"noopener\">FIFA transfer regluations from the player\u2019s perspective, in: Legal problems of football sport, Adrzey J. Szwarc, Poznan, 2013, p. 399 et seq. (German), p. 410 et seq. (English) and 387 et seq. (Polish) (PDF)<\/a><br \/>\n<a href=\"https:\/\/valloni.ch\/wp-content\/uploads\/2021\/06\/Lucien_Valloni_Sports_justice_in_switzerland.pdf\" target=\"_blank\" rel=\"noopener\">Sports Justice in Switzerland, in: European and Sports Law Bulletin, Issue 1-2013, International and Comperative Sports Justice, Eds. Michele Colucci and Karen L. Jones, Brussels \u2013 The Hague 2013 (PDF)<\/a><br \/>\n<a href=\"https:\/\/valloni.ch\/wp-content\/uploads\/2021\/06\/Lucien_Valloni_Court_rules_on_journalists__access_to_FIFA_decision.pdf\" target=\"_blank\" rel=\"noopener\">Court rules on journalists\u2018 access to FIFA decision, in:ILO, International Law Office, October 2012 (PDF)<\/a><br \/>\n<a href=\"https:\/\/valloni.ch\/wp-content\/uploads\/2021\/06\/Lucien_Valloni_Right_of_reply_and_its_relation_to_a_correction_by_the_media.pdf\" target=\"_blank\" rel=\"noopener\">Right of reply and its relation to a correction by the media, in: ILO, International Law Office \u2013 Newsletter, 12. July 2012 (PDF)<\/a><br \/>\nOlympic games, ambush marketing and athletes\u2018 rights, in: Newsletter Froriep Renggli, July 2012 (PDF)<br \/>\n<a href=\"https:\/\/valloni.ch\/wp-content\/uploads\/2021\/06\/Lucien_Valloni_The_role_of_the_Swiss_Federal_Supreme_Court_in_sporting_disputes.pdf\" target=\"_blank\" rel=\"noopener\">The role of the Swiss Federal Supreme Court in sporting disputes, in: GSLTR; Global Sports Law and Taxation Reports, June 2012 (PDF)<\/a><br \/>\nThe landmark matuzalem case and its consequences on the FIFA regulations, Froriep Renggli Newsletter, April 2012 (PDF)<br \/>\nPreventive Taking of Evidence to Assess Risks and Chances of Litigation, Froriep Renggli Newsletter, March 2012 (PDF)<br \/>\n<a href=\"https:\/\/valloni.ch\/wp-content\/uploads\/2021\/06\/Lucien_Valloni_Sportrecht__in_a_nutshell_.pdf\" target=\"_blank\" rel=\"noopener\">Sportrecht (in a nutshell), Z\u00fcrich 2012 (PDF)<\/a><br \/>\n<a href=\"https:\/\/valloni.ch\/wp-content\/uploads\/2021\/06\/Alessandro_L._Celli_NZZ_Interview_vom_30._September_2011.pdf\" target=\"_blank\" rel=\"noopener\">NZZ Interview, Neue Z\u00fcrcher Zeitung, 30. September 2011 (PDF)<\/a><br \/>\n<a href=\"https:\/\/valloni.ch\/wp-content\/uploads\/2021\/06\/Lucien_Valloni_Beat_Wicki_Compensation_in_case_of_breach_of_contractaccording_to_Swiss_Law.pdf\" target=\"_blank\" rel=\"noopener\">Compensation in case of breach of contractaccording to Swiss Law, in: European Sports Law and Policy Bulletin, Issue 1-2011 (PDF)<\/a><br \/>\n<a href=\"https:\/\/valloni.ch\/wp-content\/uploads\/2021\/06\/Lucien_Valloni_Sports_Law_in_Switzerland__Kluwer_Law_International__2011.pdf\" target=\"_blank\" rel=\"noopener\">Sports Law in Switzerland, in: Kluwer Law International, 2011 (PDF)<\/a><br \/>\n<a href=\"https:\/\/valloni.ch\/wp-content\/uploads\/2021\/06\/Lucien_Valloni_Daniel_Bloch_Swiss_Civil_Procedure_Code__CPC_._English_Translation_of_the_new_Swiss_Civil_Procedure_Code__with_an_over.pdf\" target=\"_blank\" rel=\"noopener\">Swiss Civil Procedure Code (CPC). English Translation of the new Swiss Civil Procedure Code, with an overview of its main features, Zurich\/St. Gallen 2010 (PDF)<\/a><br \/>\n<a href=\"https:\/\/valloni.ch\/wp-content\/uploads\/2021\/06\/Lucien_Valloni_Fairness_over_fame.pdf\" target=\"_blank\" rel=\"noopener\">Fairness over fame, in: The EUROPEAN LAWYER November\/December 2009 (PDF)<\/a><br \/>\n<a href=\"https:\/\/valloni.ch\/wp-content\/uploads\/2021\/06\/Alessandro_Celli_Sanctions_for_Anti-Doping_Rule_Violations_in_the_Revised_Version_of_the_World_Anti-Doping_Code.pdf\" target=\"_blank\" rel=\"noopener\">Sanctions for Anti-Doping Rule Violations in the Revised Version of the World Anti-Doping Code, in: The International Sports Law Journal, 2008\/3-4 (PDF)<\/a><br \/>\n<a href=\"https:\/\/valloni.ch\/wp-content\/uploads\/2021\/06\/Lucien_Valloni_Swiss_Association_of_Football_Players__SAFP_.pdf\" target=\"_blank\" rel=\"noopener\">Swiss Association of Football Players (SAFP), in: SpuRt 3\/2003, p. 129 et seq. (PDF)<\/a><br \/>\nA Summary of the Pensions Regime in Switzerland and its Interaction with Insolvency, in: Pension Regimes and their Interaction with Insolvency, An International Review, Ed. Orrick, Herrington &amp; Sutcliffe, London 2003, p. 34 et seq.<br \/>\nBundesgesetz \u00fcber die Freiz\u00fcgigkeit der Anw\u00e4ltinnen und Anw\u00e4lte, Z\u00fcrich 2002, Schulthess Polygraphischer Verlag<br \/>\n<a href=\"https:\/\/valloni.ch\/wp-content\/uploads\/2021\/06\/Lucien_Valloni_Doping_-_Auswirkungen_auf_den_Arbeitsvertrag.pdf\" target=\"_blank\" rel=\"noopener\">Dopingf\u00e4lle \u2013 Auswirkungen auf den Arbeitsvertrag, in: Sport und Recht, Oliver Arter\/Margareta Baddeley (editors), S. 203-237 (PDF)<\/a><br \/>\n<a href=\"https:\/\/valloni.ch\/wp-content\/uploads\/2021\/06\/Lucien_Valloni_Der_Gerichtsstand_des_Erfullungsortes.pdf\" target=\"_blank\" rel=\"noopener\">Der Gerichtsstand des Erf\u00fcllungsortes nach Lugano- und Br\u00fcsseler-\u00dcbereinkommen, Z\u00fcrcher Studien zum Verfahrensrecht Band 107, Z\u00fcrich 1998 (PDF)<\/a>[\/vc_column_text][vc_empty_space][\/vc_column][\/vc_row]<\/p>\n<\/div>","protected":false},"excerpt":{"rendered":"<p>[vc_row row_type=&#8220;row&#8220; use_row_as_full_screen_section=&#8220;no&#8220; type=&#8220;grid&#8220; text_align=&#8220;left&#8220; background_animation=&#8220;none&#8220; padding_top=&#8220;0&#8243; css_animation=&#8220;&#8220; css=&#8220;.vc_custom_1620649623188{margin-top: 50px !important;}&#8220;][vc_column width=&#8220;1\/2&#8243;][vc_column_text css=&#8220;.vc_custom_1620649324936{margin-top: 50px !important;}&#8220;] Dr. Lucien W. Valloni [\/vc_column_text][vc_empty_space][vc_column_text]Lucien W. Valloni ist ein sehr erfahrener Prozessanwalt in internationalen und inl\u00e4ndischen Handelsstreitigkeiten und Schiedsgerichtsverfahren. Er ist einer der erfolgreichsten Sportanw\u00e4lte der Schweiz, mit umfassender Erfahrung&#8230;<\/p>\n","protected":false},"author":1,"featured_media":0,"parent":0,"menu_order":0,"comment_status":"open","ping_status":"closed","template":"full_width.php","meta":{"inline_featured_image":false,"footnotes":""},"class_list":["post-21755","page","type-page","status-publish","hentry"],"yoast_head":"<!-- This site is optimized with the Yoast SEO plugin v27.4 - https:\/\/yoast.com\/product\/yoast-seo-wordpress\/ -->\n<title>Dr. Lucien W. Valloni - Valloni<\/title>\n<meta name=\"robots\" content=\"index, follow, max-snippet:-1, max-image-preview:large, max-video-preview:-1\" \/>\n<link rel=\"canonical\" href=\"https:\/\/valloni.ch\/de\/dr-lucien-w-valloni\/\" \/>\n<meta property=\"og:locale\" content=\"de_DE\" \/>\n<meta property=\"og:type\" content=\"article\" \/>\n<meta property=\"og:title\" content=\"Dr. Lucien W. Valloni - Valloni\" \/>\n<meta property=\"og:description\" content=\"[vc_row row_type=&#8220;row&#8220; use_row_as_full_screen_section=&#8220;no&#8220; type=&#8220;grid&#8220; text_align=&#8220;left&#8220; background_animation=&#8220;none&#8220; padding_top=&#8220;0&#8243; css_animation=&#8220;&#8220; css=&#8220;.vc_custom_1620649623188{margin-top: 50px !important;}&#8220;][vc_column width=&#8220;1\/2&#8243;][vc_column_text css=&#8220;.vc_custom_1620649324936{margin-top: 50px !important;}&#8220;] Dr. Lucien W. Valloni [\/vc_column_text][vc_empty_space][vc_column_text]Lucien W. Valloni ist ein sehr erfahrener Prozessanwalt in internationalen und inl\u00e4ndischen Handelsstreitigkeiten und Schiedsgerichtsverfahren. Er ist einer der erfolgreichsten Sportanw\u00e4lte der Schweiz, mit umfassender Erfahrung...\" \/>\n<meta property=\"og:url\" content=\"https:\/\/valloni.ch\/de\/dr-lucien-w-valloni\/\" \/>\n<meta property=\"og:site_name\" content=\"Valloni\" \/>\n<meta property=\"article:publisher\" content=\"https:\/\/x.com\/lucienvalloni?s=21&amp;t=gsdDE--5p_Q9GnLZfeueXg\" \/>\n<meta property=\"article:modified_time\" content=\"2024-09-24T10:03:18+00:00\" \/>\n<meta property=\"og:image\" content=\"https:\/\/valloni.ch\/wp-content\/uploads\/2025\/08\/Valloni_negative_NoPayoff_RGB-scaled.png\" \/>\n\t<meta property=\"og:image:width\" content=\"2560\" \/>\n\t<meta property=\"og:image:height\" content=\"1810\" \/>\n\t<meta property=\"og:image:type\" content=\"image\/png\" \/>\n<meta name=\"twitter:card\" content=\"summary_large_image\" \/>\n<meta name=\"twitter:label1\" content=\"Gesch\u00e4tzte Lesezeit\" \/>\n\t<meta name=\"twitter:data1\" content=\"7\u00a0Minuten\" \/>\n<!-- \/ Yoast SEO plugin. -->","yoast_head_json":{"title":"Dr. Lucien W. Valloni - Valloni","robots":{"index":"index","follow":"follow","max-snippet":"max-snippet:-1","max-image-preview":"max-image-preview:large","max-video-preview":"max-video-preview:-1"},"canonical":"https:\/\/valloni.ch\/de\/dr-lucien-w-valloni\/","og_locale":"de_DE","og_type":"article","og_title":"Dr. Lucien W. Valloni - Valloni","og_description":"[vc_row row_type=&#8220;row&#8220; use_row_as_full_screen_section=&#8220;no&#8220; type=&#8220;grid&#8220; text_align=&#8220;left&#8220; background_animation=&#8220;none&#8220; padding_top=&#8220;0&#8243; css_animation=&#8220;&#8220; css=&#8220;.vc_custom_1620649623188{margin-top: 50px !important;}&#8220;][vc_column width=&#8220;1\/2&#8243;][vc_column_text css=&#8220;.vc_custom_1620649324936{margin-top: 50px !important;}&#8220;] Dr. Lucien W. Valloni [\/vc_column_text][vc_empty_space][vc_column_text]Lucien W. Valloni ist ein sehr erfahrener Prozessanwalt in internationalen und inl\u00e4ndischen Handelsstreitigkeiten und Schiedsgerichtsverfahren. Er ist einer der erfolgreichsten Sportanw\u00e4lte der Schweiz, mit umfassender Erfahrung...","og_url":"https:\/\/valloni.ch\/de\/dr-lucien-w-valloni\/","og_site_name":"Valloni","article_publisher":"https:\/\/x.com\/lucienvalloni?s=21&t=gsdDE--5p_Q9GnLZfeueXg","article_modified_time":"2024-09-24T10:03:18+00:00","og_image":[{"width":2560,"height":1810,"url":"https:\/\/valloni.ch\/wp-content\/uploads\/2025\/08\/Valloni_negative_NoPayoff_RGB-scaled.png","type":"image\/png"}],"twitter_card":"summary_large_image","twitter_misc":{"Gesch\u00e4tzte Lesezeit":"7\u00a0Minuten"},"schema":{"@context":"https:\/\/schema.org","@graph":[{"@type":"WebPage","@id":"https:\/\/valloni.ch\/de\/dr-lucien-w-valloni\/","url":"https:\/\/valloni.ch\/de\/dr-lucien-w-valloni\/","name":"Dr. Lucien W. Valloni - Valloni","isPartOf":{"@id":"https:\/\/valloni.ch\/#website"},"datePublished":"2021-05-10T09:26:39+00:00","dateModified":"2024-09-24T10:03:18+00:00","breadcrumb":{"@id":"https:\/\/valloni.ch\/de\/dr-lucien-w-valloni\/#breadcrumb"},"inLanguage":"de","potentialAction":[{"@type":"ReadAction","target":["https:\/\/valloni.ch\/de\/dr-lucien-w-valloni\/"]}]},{"@type":"BreadcrumbList","@id":"https:\/\/valloni.ch\/de\/dr-lucien-w-valloni\/#breadcrumb","itemListElement":[{"@type":"ListItem","position":1,"name":"Home","item":"https:\/\/valloni.ch\/de\/"},{"@type":"ListItem","position":2,"name":"Dr. Lucien W. Valloni"}]},{"@type":"WebSite","@id":"https:\/\/valloni.ch\/#website","url":"https:\/\/valloni.ch\/","name":"Valloni","description":"Attorneys at Law | Rechtsanw\u00e4lte","publisher":{"@id":"https:\/\/valloni.ch\/#organization"},"potentialAction":[{"@type":"SearchAction","target":{"@type":"EntryPoint","urlTemplate":"https:\/\/valloni.ch\/?s={search_term_string}"},"query-input":{"@type":"PropertyValueSpecification","valueRequired":true,"valueName":"search_term_string"}}],"inLanguage":"de"},{"@type":"Organization","@id":"https:\/\/valloni.ch\/#organization","name":"VALLONI Attorneys at Law","url":"https:\/\/valloni.ch\/","logo":{"@type":"ImageObject","inLanguage":"de","@id":"https:\/\/valloni.ch\/#\/schema\/logo\/image\/","url":"https:\/\/valloni.ch\/wp-content\/uploads\/2025\/08\/Valloni_negative_NoPayoff_RGB-scaled.png","contentUrl":"https:\/\/valloni.ch\/wp-content\/uploads\/2025\/08\/Valloni_negative_NoPayoff_RGB-scaled.png","width":2560,"height":1810,"caption":"VALLONI Attorneys at Law"},"image":{"@id":"https:\/\/valloni.ch\/#\/schema\/logo\/image\/"},"sameAs":["https:\/\/x.com\/lucienvalloni?s=21&t=gsdDE--5p_Q9GnLZfeueXg","https:\/\/www.linkedin.com\/company\/valloni-attorneys-at-law\/?viewAsMember=true"]}]}},"_links":{"self":[{"href":"https:\/\/valloni.ch\/de\/wp-json\/wp\/v2\/pages\/21755","targetHints":{"allow":["GET"]}}],"collection":[{"href":"https:\/\/valloni.ch\/de\/wp-json\/wp\/v2\/pages"}],"about":[{"href":"https:\/\/valloni.ch\/de\/wp-json\/wp\/v2\/types\/page"}],"author":[{"embeddable":true,"href":"https:\/\/valloni.ch\/de\/wp-json\/wp\/v2\/users\/1"}],"replies":[{"embeddable":true,"href":"https:\/\/valloni.ch\/de\/wp-json\/wp\/v2\/comments?post=21755"}],"version-history":[{"count":18,"href":"https:\/\/valloni.ch\/de\/wp-json\/wp\/v2\/pages\/21755\/revisions"}],"predecessor-version":[{"id":22611,"href":"https:\/\/valloni.ch\/de\/wp-json\/wp\/v2\/pages\/21755\/revisions\/22611"}],"wp:attachment":[{"href":"https:\/\/valloni.ch\/de\/wp-json\/wp\/v2\/media?parent=21755"}],"curies":[{"name":"wp","href":"https:\/\/api.w.org\/{rel}","templated":true}]}}