{"id":21751,"date":"2021-05-10T11:25:15","date_gmt":"2021-05-10T09:25:15","guid":{"rendered":"https:\/\/valloni.ch\/about-us\/"},"modified":"2024-12-12T17:43:02","modified_gmt":"2024-12-12T16:43:02","slug":"ueber-uns","status":"publish","type":"page","link":"https:\/\/valloni.ch\/de\/ueber-uns\/","title":{"rendered":"\u00dcber uns"},"content":{"rendered":"<div class=\"wpb-content-wrapper\"><p>[vc_row row_type=&#8220;row&#8220; use_row_as_full_screen_section=&#8220;no&#8220; type=&#8220;grid&#8220; anchor=&#8220;about&#8220; text_align=&#8220;left&#8220; background_animation=&#8220;none&#8220; padding_top=&#8220;80&#8243; padding_bottom=&#8220;80&#8243; css_animation=&#8220;&#8220; css=&#8220;.vc_custom_1620631489554{margin-top: 50px !important;}&#8220;][vc_column][vc_column_text]<\/p>\n<h6>\u00dcBER UNS<\/h6>\n<p>[\/vc_column_text][vc_separator type=&#8220;transparent&#8220; border_style=&#8220;&#8220; up=&#8220;20&#8243; down=&#8220;0&#8243;][vc_column_text]<\/p>\n<h2>WIR AGIEREN ZIELORIENTIERT<\/h2>\n<p>[\/vc_column_text][vc_separator type=&#8220;transparent&#8220; border_style=&#8220;&#8220; up=&#8220;40&#8243; down=&#8220;0&#8243;][vc_column_text]VALLONI Rechtsanw\u00e4lte ist eine auf internationale und schweizerische Prozesse spezialisierte, unabh\u00e4ngige Anwaltskanzlei mit B\u00fcros in Z\u00fcrich und wurde im Jahr 2021 gegr\u00fcndet.<\/p>\n<p>Unsere T\u00e4tigkeitsgebiete konzentrieren sich auf Sportrecht, Prozessf\u00fchrung und Schiedsgerichtsbarkeit. Unsere Kanzleistruktur erm\u00f6glicht es, die Bed\u00fcrfnisse unserer Klienten effizient zu erf\u00fcllen sowie die h\u00e4ufigen Interessenkonfliktsituationen, die in Grosskanzleien typisch sind, zu minimieren.<\/p>\n<p><strong>Wenn wir einen Fall \u00fcbernehmen, engagieren wir uns, um zu gewinnen \u2013 wir agieren zielorientiert.<\/strong>[\/vc_column_text][vc_empty_space height=&#8220;50px&#8220;][vc_video link=&#8220;https:\/\/vimeo.com\/1038639084&#8243; align=&#8220;center&#8220; css=&#8220;&#8220;][vc_empty_space height=&#8220;10px&#8220;][vc_single_image image=&#8220;23075&#8243; img_size=&#8220;full&#8220; alignment=&#8220;center&#8220; css=&#8220;&#8220; qode_css_animation=&#8220;&#8220;][\/vc_column][\/vc_row]<\/p>\n<\/div>","protected":false},"excerpt":{"rendered":"<p>[vc_row row_type=&#8220;row&#8220; use_row_as_full_screen_section=&#8220;no&#8220; type=&#8220;grid&#8220; anchor=&#8220;about&#8220; text_align=&#8220;left&#8220; background_animation=&#8220;none&#8220; padding_top=&#8220;80&#8243; padding_bottom=&#8220;80&#8243; css_animation=&#8220;&#8220; css=&#8220;.vc_custom_1620631489554{margin-top: 50px !important;}&#8220;][vc_column][vc_column_text] \u00dcBER UNS [\/vc_column_text][vc_separator type=&#8220;transparent&#8220; border_style=&#8220;&#8220; up=&#8220;20&#8243; down=&#8220;0&#8243;][vc_column_text] WIR AGIEREN ZIELORIENTIERT [\/vc_column_text][vc_separator type=&#8220;transparent&#8220; border_style=&#8220;&#8220; up=&#8220;40&#8243; down=&#8220;0&#8243;][vc_column_text]VALLONI Rechtsanw\u00e4lte ist eine auf internationale und schweizerische Prozesse spezialisierte, unabh\u00e4ngige Anwaltskanzlei mit B\u00fcros in Z\u00fcrich und wurde&#8230;<\/p>\n","protected":false},"author":1,"featured_media":0,"parent":0,"menu_order":0,"comment_status":"open","ping_status":"open","template":"full_width.php","meta":{"inline_featured_image":false,"footnotes":""},"class_list":["post-21751","page","type-page","status-publish","hentry"],"yoast_head":"<!-- This site is optimized with the Yoast SEO plugin v27.4 - https:\/\/yoast.com\/product\/yoast-seo-wordpress\/ -->\n<title>\u00dcber uns - Valloni<\/title>\n<meta name=\"robots\" content=\"index, follow, max-snippet:-1, max-image-preview:large, max-video-preview:-1\" \/>\n<link rel=\"canonical\" href=\"https:\/\/valloni.ch\/de\/ueber-uns\/\" \/>\n<meta property=\"og:locale\" content=\"de_DE\" \/>\n<meta property=\"og:type\" content=\"article\" \/>\n<meta property=\"og:title\" content=\"\u00dcber uns - Valloni\" \/>\n<meta property=\"og:description\" content=\"[vc_row row_type=&#8220;row&#8220; use_row_as_full_screen_section=&#8220;no&#8220; type=&#8220;grid&#8220; anchor=&#8220;about&#8220; text_align=&#8220;left&#8220; background_animation=&#8220;none&#8220; padding_top=&#8220;80&#8243; padding_bottom=&#8220;80&#8243; css_animation=&#8220;&#8220; css=&#8220;.vc_custom_1620631489554{margin-top: 50px !important;}&#8220;][vc_column][vc_column_text] \u00dcBER UNS [\/vc_column_text][vc_separator type=&#8220;transparent&#8220; border_style=&#8220;&#8220; up=&#8220;20&#8243; down=&#8220;0&#8243;][vc_column_text] WIR AGIEREN ZIELORIENTIERT [\/vc_column_text][vc_separator type=&#8220;transparent&#8220; border_style=&#8220;&#8220; up=&#8220;40&#8243; down=&#8220;0&#8243;][vc_column_text]VALLONI Rechtsanw\u00e4lte ist eine auf internationale und schweizerische Prozesse spezialisierte, unabh\u00e4ngige Anwaltskanzlei mit B\u00fcros in Z\u00fcrich und wurde...\" \/>\n<meta property=\"og:url\" content=\"https:\/\/valloni.ch\/de\/ueber-uns\/\" \/>\n<meta property=\"og:site_name\" content=\"Valloni\" \/>\n<meta property=\"article:publisher\" content=\"https:\/\/x.com\/lucienvalloni?s=21&amp;t=gsdDE--5p_Q9GnLZfeueXg\" \/>\n<meta property=\"article:modified_time\" content=\"2024-12-12T16:43:02+00:00\" \/>\n<meta property=\"og:image\" content=\"https:\/\/valloni.ch\/wp-content\/uploads\/2025\/08\/Valloni_negative_NoPayoff_RGB-scaled.png\" \/>\n\t<meta property=\"og:image:width\" content=\"2560\" \/>\n\t<meta property=\"og:image:height\" content=\"1810\" \/>\n\t<meta property=\"og:image:type\" content=\"image\/png\" \/>\n<meta name=\"twitter:card\" content=\"summary_large_image\" \/>\n<meta name=\"twitter:label1\" content=\"Gesch\u00e4tzte Lesezeit\" \/>\n\t<meta name=\"twitter:data1\" content=\"1\u00a0Minute\" \/>\n<!-- \/ Yoast SEO plugin. -->","yoast_head_json":{"title":"\u00dcber uns - Valloni","robots":{"index":"index","follow":"follow","max-snippet":"max-snippet:-1","max-image-preview":"max-image-preview:large","max-video-preview":"max-video-preview:-1"},"canonical":"https:\/\/valloni.ch\/de\/ueber-uns\/","og_locale":"de_DE","og_type":"article","og_title":"\u00dcber uns - Valloni","og_description":"[vc_row row_type=&#8220;row&#8220; use_row_as_full_screen_section=&#8220;no&#8220; type=&#8220;grid&#8220; anchor=&#8220;about&#8220; text_align=&#8220;left&#8220; background_animation=&#8220;none&#8220; padding_top=&#8220;80&#8243; padding_bottom=&#8220;80&#8243; css_animation=&#8220;&#8220; css=&#8220;.vc_custom_1620631489554{margin-top: 50px !important;}&#8220;][vc_column][vc_column_text] \u00dcBER UNS [\/vc_column_text][vc_separator type=&#8220;transparent&#8220; border_style=&#8220;&#8220; up=&#8220;20&#8243; down=&#8220;0&#8243;][vc_column_text] WIR AGIEREN ZIELORIENTIERT [\/vc_column_text][vc_separator type=&#8220;transparent&#8220; border_style=&#8220;&#8220; up=&#8220;40&#8243; down=&#8220;0&#8243;][vc_column_text]VALLONI Rechtsanw\u00e4lte ist eine auf internationale und schweizerische Prozesse spezialisierte, unabh\u00e4ngige Anwaltskanzlei mit B\u00fcros in Z\u00fcrich und wurde...","og_url":"https:\/\/valloni.ch\/de\/ueber-uns\/","og_site_name":"Valloni","article_publisher":"https:\/\/x.com\/lucienvalloni?s=21&t=gsdDE--5p_Q9GnLZfeueXg","article_modified_time":"2024-12-12T16:43:02+00:00","og_image":[{"width":2560,"height":1810,"url":"https:\/\/valloni.ch\/wp-content\/uploads\/2025\/08\/Valloni_negative_NoPayoff_RGB-scaled.png","type":"image\/png"}],"twitter_card":"summary_large_image","twitter_misc":{"Gesch\u00e4tzte Lesezeit":"1\u00a0Minute"},"schema":{"@context":"https:\/\/schema.org","@graph":[{"@type":"WebPage","@id":"https:\/\/valloni.ch\/de\/ueber-uns\/","url":"https:\/\/valloni.ch\/de\/ueber-uns\/","name":"\u00dcber uns - Valloni","isPartOf":{"@id":"https:\/\/valloni.ch\/#website"},"datePublished":"2021-05-10T09:25:15+00:00","dateModified":"2024-12-12T16:43:02+00:00","breadcrumb":{"@id":"https:\/\/valloni.ch\/de\/ueber-uns\/#breadcrumb"},"inLanguage":"de","potentialAction":[{"@type":"ReadAction","target":["https:\/\/valloni.ch\/de\/ueber-uns\/"]}]},{"@type":"BreadcrumbList","@id":"https:\/\/valloni.ch\/de\/ueber-uns\/#breadcrumb","itemListElement":[{"@type":"ListItem","position":1,"name":"Home","item":"https:\/\/valloni.ch\/de\/"},{"@type":"ListItem","position":2,"name":"\u00dcber uns"}]},{"@type":"WebSite","@id":"https:\/\/valloni.ch\/#website","url":"https:\/\/valloni.ch\/","name":"Valloni","description":"Attorneys at Law | Rechtsanw\u00e4lte","publisher":{"@id":"https:\/\/valloni.ch\/#organization"},"potentialAction":[{"@type":"SearchAction","target":{"@type":"EntryPoint","urlTemplate":"https:\/\/valloni.ch\/?s={search_term_string}"},"query-input":{"@type":"PropertyValueSpecification","valueRequired":true,"valueName":"search_term_string"}}],"inLanguage":"de"},{"@type":"Organization","@id":"https:\/\/valloni.ch\/#organization","name":"VALLONI Attorneys at Law","url":"https:\/\/valloni.ch\/","logo":{"@type":"ImageObject","inLanguage":"de","@id":"https:\/\/valloni.ch\/#\/schema\/logo\/image\/","url":"https:\/\/valloni.ch\/wp-content\/uploads\/2025\/08\/Valloni_negative_NoPayoff_RGB-scaled.png","contentUrl":"https:\/\/valloni.ch\/wp-content\/uploads\/2025\/08\/Valloni_negative_NoPayoff_RGB-scaled.png","width":2560,"height":1810,"caption":"VALLONI Attorneys at Law"},"image":{"@id":"https:\/\/valloni.ch\/#\/schema\/logo\/image\/"},"sameAs":["https:\/\/x.com\/lucienvalloni?s=21&t=gsdDE--5p_Q9GnLZfeueXg","https:\/\/www.linkedin.com\/company\/valloni-attorneys-at-law\/?viewAsMember=true"]}]}},"_links":{"self":[{"href":"https:\/\/valloni.ch\/de\/wp-json\/wp\/v2\/pages\/21751","targetHints":{"allow":["GET"]}}],"collection":[{"href":"https:\/\/valloni.ch\/de\/wp-json\/wp\/v2\/pages"}],"about":[{"href":"https:\/\/valloni.ch\/de\/wp-json\/wp\/v2\/types\/page"}],"author":[{"embeddable":true,"href":"https:\/\/valloni.ch\/de\/wp-json\/wp\/v2\/users\/1"}],"replies":[{"embeddable":true,"href":"https:\/\/valloni.ch\/de\/wp-json\/wp\/v2\/comments?post=21751"}],"version-history":[{"count":10,"href":"https:\/\/valloni.ch\/de\/wp-json\/wp\/v2\/pages\/21751\/revisions"}],"predecessor-version":[{"id":23119,"href":"https:\/\/valloni.ch\/de\/wp-json\/wp\/v2\/pages\/21751\/revisions\/23119"}],"wp:attachment":[{"href":"https:\/\/valloni.ch\/de\/wp-json\/wp\/v2\/media?parent=21751"}],"curies":[{"name":"wp","href":"https:\/\/api.w.org\/{rel}","templated":true}]}}